{"id":7245,"date":"2025-01-07T08:38:48","date_gmt":"2025-01-07T06:38:48","guid":{"rendered":"https:\/\/fotografiska.ee\/?page_id=7245"},"modified":"2025-01-07T08:38:50","modified_gmt":"2025-01-07T06:38:50","slug":"fing-li-quote-fi","status":"publish","type":"page","link":"https:\/\/fotografiska.ee\/sv\/fing-li-quote-fi\/","title":{"rendered":"Fing Li Quote Fi"},"content":{"rendered":"<p>Pohdimme jatkuvasti, mit\u00e4 muut meist\u00e4 ajattelevat, ja samalla unohdamme todellisen olemuksemme.<\/p>\n\n\n\n<p>Sitaatti ensimm\u00e4iseen osioon:<\/p>\n\n\n\n<p>N\u00e4ill\u00e4 kuvilla kerron sinulle, \u00e4\u00e4net\u00f6n todistajani,<\/p>\n\n\n\n<p>jotakin, johon sanat eiv\u00e4t riit\u00e4.<\/p>\n\n\n\n<p>Kameran salama valaisee<\/p>\n\n\n\n<p>toden ja haaveen v\u00e4list\u00e4 polkua,<\/p>\n\n\n\n<p>kun vaeltelen maailmassani<\/p>\n\n\n\n<p>taaksep\u00e4in katsomatta.<\/p>","protected":false},"excerpt":{"rendered":"<p>Pohdimme jatkuvasti, mit\u00e4 muut meist\u00e4 ajattelevat, ja samalla unohdamme todellisen olemuksemme. Sitaatti ensimm\u00e4iseen osioon: N\u00e4ill\u00e4 kuvilla kerron sinulle, \u00e4\u00e4net\u00f6n todistajani, jotakin, johon sanat eiv\u00e4t riit\u00e4. Kameran salama valaisee toden ja haaveen v\u00e4list\u00e4 polkua, kun vaeltelen maailmassani taaksep\u00e4in katsomatta.<\/p>","protected":false},"author":1,"featured_media":0,"parent":0,"menu_order":0,"comment_status":"closed","ping_status":"closed","template":"","meta":{"inline_featured_image":false,"footnotes":""},"class_list":["post-7245","page","type-page","status-publish","hentry"],"acf":[],"_links":{"self":[{"href":"https:\/\/fotografiska.ee\/sv\/wp-json\/wp\/v2\/pages\/7245"}],"collection":[{"href":"https:\/\/fotografiska.ee\/sv\/wp-json\/wp\/v2\/pages"}],"about":[{"href":"https:\/\/fotografiska.ee\/sv\/wp-json\/wp\/v2\/types\/page"}],"author":[{"embeddable":true,"href":"https:\/\/fotografiska.ee\/sv\/wp-json\/wp\/v2\/users\/1"}],"replies":[{"embeddable":true,"href":"https:\/\/fotografiska.ee\/sv\/wp-json\/wp\/v2\/comments?post=7245"}],"version-history":[{"count":1,"href":"https:\/\/fotografiska.ee\/sv\/wp-json\/wp\/v2\/pages\/7245\/revisions"}],"predecessor-version":[{"id":7246,"href":"https:\/\/fotografiska.ee\/sv\/wp-json\/wp\/v2\/pages\/7245\/revisions\/7246"}],"wp:attachment":[{"href":"https:\/\/fotografiska.ee\/sv\/wp-json\/wp\/v2\/media?parent=7245"}],"curies":[{"name":"wp","href":"https:\/\/api.w.org\/{rel}","templated":true}]}}