{"id":6719,"date":"2024-05-29T12:43:54","date_gmt":"2024-05-29T09:43:54","guid":{"rendered":"https:\/\/fotografiska.ee\/?page_id=6719"},"modified":"2024-05-29T12:43:55","modified_gmt":"2024-05-29T09:43:55","slug":"helene-schmitz-fi","status":"publish","type":"page","link":"https:\/\/fotografiska.ee\/sv\/helene-schmitz-fi\/","title":{"rendered":"Helene Schmitz"},"content":{"rendered":"<p><strong>Helene Schmitz<\/strong><\/p>\n\n\n\n<p>Helene Schmitz (s. 1960) pohtii taiteessaan ihmisen monimutkaista suhdetta luontoon, muutokseen ja v\u00e4liaikaisuuteen. Monesti h\u00e4nen teoksensa k\u00e4sittelev\u00e4t muuntuvia, vaihtuvia tai muuttuvia asiantiloja. Valokuvasarjoissaan Schmitz tarkastelee luontoelementtej\u00e4, joihin ihmisen toiminta vaikuttaa rajusti. Viime aikoina Schmitz on tutkinut teoksissaan teollisen toiminnan vaikutusta nykymaisemaan.<\/p>\n\n\n\n<p>Helene Schmitz on opiskellut elokuvaa ja taiteentutkimusta valmistunut taiteen kandidaatiksi Tukholman yliopistosta. H\u00e4nen teoksiaan on ollut esill\u00e4 muun muassa Tukholman ja New Yorkin Fotografiskassa.<\/p>\n\n\n\n<p>Kuvasarja Maapalloteokset (<em>Globe Works<\/em>) on kuvattu Talamanca-vuoriston pilvimetsiss\u00e4 Costa Ricassa.<\/p>\n\n\n\n<p><em>Edetess\u00e4mme Costa Rican kuumalta Tyynenmeren puoleiselta rannikolta kohti vuoria auringonvalo pehmenee pikkuhiljaa, ilma viilenee ja muuttuu kosteammaksi. On helpompi hengitt\u00e4\u00e4. Kun nousemme yh\u00e4 korkeammalle syvien vehreiden laaksojen reunustamia kiemuraisia vuoristoteit\u00e4, l\u00e4mp\u00f6tila laskee v\u00e4hitellen. Costa Rican pilvimetsien erityinen ekosysteemi kuhisee el\u00e4m\u00e4\u00e4. Sit\u00e4 kuitenkin uhkaa ilmaston l\u00e4mpeneminen. Pilvien, sateen ja kosteuden tilalle tulee yh\u00e4 kuivempaa ja kuumempaa ilmaa. Tutkijoiden arvion mukaan valtaosa maapallon pilvimetsist\u00e4 h\u00e4vi\u00e4\u00e4 jo l\u00e4hitulevaisuudessa.<\/em><\/p>\n\n\n\n<p>1. Mets\u00e4maapallo, 2023, arkistokelpoinen mustesuihkutuloste<\/p>\n\n\n\n<p>2. Pilvimaapallo, 2023, arkistokelpoinen mustesuihkutuloste<\/p>\n\n\n\n<p>3. Sademaapallo, 2023, arkistokelpoinen mustesuihkutuloste<\/p>\n\n\n\n<p>4. Sumumaapallo, 2023, arkistokelpoinen mustesuihkutuloste<\/p>\n\n\n\n<p>5. Maa-maapallo, 2023, arkistokelpoinen mustesuihkutuloste<\/p>","protected":false},"excerpt":{"rendered":"<p>Helene Schmitz Helene Schmitz (s. 1960) pohtii taiteessaan ihmisen monimutkaista suhdetta luontoon, muutokseen ja v\u00e4liaikaisuuteen. Monesti h\u00e4nen teoksensa k\u00e4sittelev\u00e4t muuntuvia, vaihtuvia tai muuttuvia asiantiloja. Valokuvasarjoissaan Schmitz tarkastelee luontoelementtej\u00e4, joihin ihmisen toiminta vaikuttaa rajusti. Viime aikoina Schmitz on tutkinut teoksissaan teollisen toiminnan vaikutusta nykymaisemaan. Helene Schmitz on opiskellut elokuvaa ja taiteentutkimusta valmistunut taiteen kandidaatiksi Tukholman yliopistosta. [&hellip;]<\/p>","protected":false},"author":1,"featured_media":0,"parent":0,"menu_order":0,"comment_status":"closed","ping_status":"closed","template":"","meta":{"inline_featured_image":false,"footnotes":""},"class_list":["post-6719","page","type-page","status-publish","hentry"],"acf":[],"_links":{"self":[{"href":"https:\/\/fotografiska.ee\/sv\/wp-json\/wp\/v2\/pages\/6719"}],"collection":[{"href":"https:\/\/fotografiska.ee\/sv\/wp-json\/wp\/v2\/pages"}],"about":[{"href":"https:\/\/fotografiska.ee\/sv\/wp-json\/wp\/v2\/types\/page"}],"author":[{"embeddable":true,"href":"https:\/\/fotografiska.ee\/sv\/wp-json\/wp\/v2\/users\/1"}],"replies":[{"embeddable":true,"href":"https:\/\/fotografiska.ee\/sv\/wp-json\/wp\/v2\/comments?post=6719"}],"version-history":[{"count":1,"href":"https:\/\/fotografiska.ee\/sv\/wp-json\/wp\/v2\/pages\/6719\/revisions"}],"predecessor-version":[{"id":6720,"href":"https:\/\/fotografiska.ee\/sv\/wp-json\/wp\/v2\/pages\/6719\/revisions\/6720"}],"wp:attachment":[{"href":"https:\/\/fotografiska.ee\/sv\/wp-json\/wp\/v2\/media?parent=6719"}],"curies":[{"name":"wp","href":"https:\/\/api.w.org\/{rel}","templated":true}]}}