{"id":6717,"date":"2024-05-29T12:42:44","date_gmt":"2024-05-29T09:42:44","guid":{"rendered":"https:\/\/fotografiska.ee\/?page_id=6717"},"modified":"2024-05-29T12:42:45","modified_gmt":"2024-05-29T09:42:45","slug":"catherine-nelson-fi","status":"publish","type":"page","link":"https:\/\/fotografiska.ee\/sv\/catherine-nelson-fi\/","title":{"rendered":"Catherine Nelson"},"content":{"rendered":"<p><strong>Catherine Nelson<\/strong><\/p>\n\n\n\n<p>Ranskassa asuva australialaistaiteilija Catherine Nelson (s. 1970) k\u00e4ytt\u00e4\u00e4 siveltimen\u00e4\u00e4n digiteknologiaa. Nelson on opiskellut maalaustaidetta ja valmistuttuaan siirtynyt pian elokuva-alalle tekem\u00e4\u00e4n visuaalisia erikoistehosteita. H\u00e4n on tehnyt tehosteet muun muassa Harry Potter -elokuviin sek\u00e4 elokuviin <em>Moulin Rouge<\/em>, <em>300 <\/em>ja <em>Australia<\/em>. Oman studion Nelson perusti vuonna 2008 ja on siit\u00e4 asti ty\u00f6skennellyt kokop\u00e4iv\u00e4toimisesti taiteilijana.<\/p>\n\n\n\n<p><em>Kun ryhdyin valokuvaamaan, minusta alkoi tuntua, ettei linssin rajaama kuva pystynyt ilmaisemaan sis\u00e4ist\u00e4 kokemustani ymp\u00e4r\u00f6iv\u00e4st\u00e4 maailmasta. Sain kuitenkin lis\u00e4\u00e4 syvyytt\u00e4 ty\u00f6h\u00f6ni siit\u00e4, ett\u00e4 olin kouluttautunut taidemaalariksi ja vuosien ajan tehnyt elokuviin visuaalisia tehosteita.<\/em><\/p>\n\n\n\n<p>Kasviaiheinen videoteos <em>EveryNothing<\/em> (Jokainen ei mik\u00e4\u00e4n) on kuvattu Meisen kasvitieteellisess\u00e4 puutarhassa Belgiassa, ja se keskittyy uhanalaisiin lajeihin. Teos pohdiskelee el\u00e4m\u00e4n alkuper\u00e4\u00e4; el\u00e4m\u00e4n alkupistett\u00e4 \u201dei mit\u00e4\u00e4n\u201d, johon el\u00e4m\u00e4 my\u00f6s p\u00e4\u00e4ttyy.<\/p>\n\n\n\n<p>Costa Ricassa ja Gr\u00f6nlannissa kuvattu teossarja <em>Future Memories<\/em> (Tulevaisuuden muistoja) vuodelta 2020 tutkii paikan olemusta. Sarjan teoksissa paikka n\u00e4hd\u00e4\u00e4n monitahoisena ekologisena tarinana. Teokset muodostavat nykyaikaisen taruston, joka vaivihkaa muistuttaa katsojaa siit\u00e4 perustotuudesta, ett\u00e4 koko maapallon tulevaisuus on luonnon paikallisen monimuotoisuuden varassa.<\/p>\n\n\n\n<p><em>Cartago<\/em>, Costa Rica, 2020. Sarjasta <em>Future Memories<\/em> (Tulevaisuuden muistoja)<\/p>\n\n\n\n<p><em>Tundra<\/em>, Gr\u00f6nlanti, 2020. Sarjasta<em> Future Memories<\/em> (Tulevaisuuden muistoja)<\/p>\n\n\n\n<p><em>Tortuguero<\/em>, Costa Rica, 2020. Sarjasta<em> Future Memories<\/em> (Tulevaisuuden muistoja)<\/p>\n\n\n\n<p><em>EveryNothing<\/em> (Jokainen ei mik\u00e4\u00e4n), 2017<\/p>\n\n\n\n<p>1 h 1 min.<\/p>\n\n\n\n<p>Musiikki (s\u00e4vellykset, esitys ja taltiointi): Alexander Berne &amp; The Abandonded Orchestra<\/p>\n\n\n\n<p>Masterointi: Gary Baldassari<\/p>\n\n\n\n<p>V\u00e4rim\u00e4\u00e4rittely ja j\u00e4lkituotanto: Bart Verraest<\/p>","protected":false},"excerpt":{"rendered":"<p>Catherine Nelson Ranskassa asuva australialaistaiteilija Catherine Nelson (s. 1970) k\u00e4ytt\u00e4\u00e4 siveltimen\u00e4\u00e4n digiteknologiaa. Nelson on opiskellut maalaustaidetta ja valmistuttuaan siirtynyt pian elokuva-alalle tekem\u00e4\u00e4n visuaalisia erikoistehosteita. H\u00e4n on tehnyt tehosteet muun muassa Harry Potter -elokuviin sek\u00e4 elokuviin Moulin Rouge, 300 ja Australia. Oman studion Nelson perusti vuonna 2008 ja on siit\u00e4 asti ty\u00f6skennellyt kokop\u00e4iv\u00e4toimisesti taiteilijana. Kun ryhdyin [&hellip;]<\/p>","protected":false},"author":1,"featured_media":0,"parent":0,"menu_order":0,"comment_status":"closed","ping_status":"closed","template":"","meta":{"inline_featured_image":false,"footnotes":""},"class_list":["post-6717","page","type-page","status-publish","hentry"],"acf":[],"_links":{"self":[{"href":"https:\/\/fotografiska.ee\/sv\/wp-json\/wp\/v2\/pages\/6717"}],"collection":[{"href":"https:\/\/fotografiska.ee\/sv\/wp-json\/wp\/v2\/pages"}],"about":[{"href":"https:\/\/fotografiska.ee\/sv\/wp-json\/wp\/v2\/types\/page"}],"author":[{"embeddable":true,"href":"https:\/\/fotografiska.ee\/sv\/wp-json\/wp\/v2\/users\/1"}],"replies":[{"embeddable":true,"href":"https:\/\/fotografiska.ee\/sv\/wp-json\/wp\/v2\/comments?post=6717"}],"version-history":[{"count":1,"href":"https:\/\/fotografiska.ee\/sv\/wp-json\/wp\/v2\/pages\/6717\/revisions"}],"predecessor-version":[{"id":6718,"href":"https:\/\/fotografiska.ee\/sv\/wp-json\/wp\/v2\/pages\/6717\/revisions\/6718"}],"wp:attachment":[{"href":"https:\/\/fotografiska.ee\/sv\/wp-json\/wp\/v2\/media?parent=6717"}],"curies":[{"name":"wp","href":"https:\/\/api.w.org\/{rel}","templated":true}]}}