{"id":6306,"date":"2024-01-19T08:59:38","date_gmt":"2024-01-19T06:59:38","guid":{"rendered":"https:\/\/fotografiska.ee\/?page_id=6306"},"modified":"2024-01-19T09:23:22","modified_gmt":"2024-01-19T07:23:22","slug":"fotografiska-haridusprogramm","status":"publish","type":"page","link":"https:\/\/fotografiska.ee\/sv\/fotografiska-haridusprogramm\/","title":{"rendered":"Fotografiska haridusprogrammi tutvus ja n\u00e4ituste tuur \u00f5petajatele24.jaanuar 2024"},"content":{"rendered":"<div id=\"piotnetforms\" class=\"piotnetforms piotnetforms-6305\" data-piotnetforms-shortcode-id=\"6305\"><form id=\"6305\" class=\"piotnetforms__form\" onsubmit=\"return false\" action=\"\"><div class=\"piotnet-section p79744103\">\t\t\t\t\t\t<div class=\"piotnet-section__container\"\n\t\t>\n\t\t<div class=\"piotnet-column p86600720\">\t\t\t\t\t\t<div class=\"piotnet-column__inner\"\n\t\t\t>\n\t\t\t\n\t\t\t<div class=\"p93380765 pafe-form-builder-preview-submission\" data-piotnetforms-conditional-logic=\"[{&quot;piotnetforms_conditional_logic_form_comparison_operators&quot;:&quot;checked&quot;,&quot;piotnetforms_conditional_logic_form_type&quot;:&quot;string&quot;,&quot;piotnetforms_conditional_logic_form_value&quot;:&quot;50&quot;,&quot;piotnetforms_conditional_logic_form_and_or_operators&quot;:&quot;or&quot;,&quot;repeater_id&quot;:&quot;p93604514&quot;,&quot;piotnetforms_conditional_logic_form_if&quot;:&quot;[field id=\\&quot;Fototuur \\u00fchel n\\u00e4itusel abimaterjaliga\\&quot;]&quot;}]\" data-piotnetforms-conditional-logic-not-field=\"\" data-piotnetforms-conditional-logic-not-field-form-id=\"6305\" data-piotnetforms-conditional-logic-speed=\"400\" data-piotnetforms-conditional-logic-easing=\"swing\" data-piotnetforms-preview-submission=\"6305\" data-piotnetforms-preview-submission-custom-list-fields=\"[{&quot;repeater_id&quot;:&quot;p64686609&quot;,&quot;field_shortcode&quot;:&quot;[field id=\\&quot;toode\\&quot;]&quot;}]\">\n\t\t\t<\/div>\n        <h4 class=\"p20792823\">T\u00e4name, et soovite tutvuda meie haridusprogrammi ja n\u00e4itustega. Huvi meie haridusprogrammi vastu oli suur ja kohad 24.jaanuari giidiga tuurile on seekord t\u00e4is. Kui soovite edaspidi saada uudiseid meie haridusprogrammi kohta, siis palun j\u00e4tke oma e-posti aadress siia:\n\n<\/h4>\t\t<div class=\"p86633565 piotnetforms-spacer\">\n\t\t\t<div class=\"piotnetforms-spacer\"><\/div>\n\t\t<\/div>\n\t\t\t\t\n\t\t<div class=\"p44954862 piotnetforms-fields-wrapper piotnetforms-labels-above\">\n\t\t\t<div class=\"piotnetforms-field-type-text piotnetforms-field-group piotnetforms-column  piotnetforms-field-group-E-posti aadress: piotnetforms-col-100 piotnetforms-field-required piotnetforms-mark-required\">\n\t\t\t\t<label for=\"form-field-E-posti aadress:\" class=\"piotnetforms-field-label\">E-posti aadress:<\/label><div data-piotnetforms-required><\/div><div class=\"piotnetforms-field-container\"><input size=\"1\" class=\"piotnetforms-field piotnetforms-size-\" type=\"text\" name=\"form_fields[E-posti aadress:]\" id=\"form-field-E-posti aadress:\" autocomplete=\"on\" data-piotnetforms-default-value=\"\" required=\"required\" aria-required=\"true\" data-piotnetforms-id=\"6305\"><\/div>\t\t\t<\/div>\n\t\t<\/div>\n\t\n\t\t<div class=\"p33787550 piotnetforms-submit piotnetforms-button-wrapper\">\n\n\t\t\t\t<input type=\"hidden\" name=\"post_id\" value=\"6305\" data-piotnetforms-hidden-form-id=\"6305\"\/>\n\t\t<input type=\"hidden\" name=\"form_id\" value=\"p33787550\" data-piotnetforms-hidden-form-id=\"6305\"\/>\n\t\t<input type=\"hidden\" name=\"remote_ip\" value=\"216.73.216.163\" data-piotnetforms-hidden-form-id=\"6305\"\/>\n\n\t\t\n\t\t\n\t\t\n\t\t\n\t\t<button class=\"piotnetforms-button\" type=\"submit\" role=\"button\" data-piotnetforms-required-text=\"This field is required.\" data-piotnetforms-submit-form-id=\"6305\" data-piotnetforms-submit-keyboard=\"false\" data-piotnetforms-submit-hide=\"false\">\n\t\t\t\t\t<span class=\"piotnetforms-button-content-wrapper\">\n\t\t\t<span class=\"piotnetforms-button-text piotnetforms-spinner\"><span class=\"icon-spinner-of-dots\"><\/span><\/span>\n\t\t\t\t\t\t<span class=\"piotnetforms-button-text\">Saada<\/span>\n\t\t<\/span>\n\t\t\t\t<\/button>\n\t\t\n\t\t        \t\t        \t\t\n\t\t\n\t\t\n        \n            \t\t<div id=\"piotnetforms-trigger-success-6305\" data-piotnetforms-trigger-success=\"6305\" style=\"display: none\"><\/div>\n\t\t<div id=\"piotnetforms-trigger-failed-6305\" data-piotnetforms-trigger-failed=\"6305\" style=\"display: none\"><\/div>\n\t\t<div class=\"piotnetforms-alert piotnetforms-alert--mail\">\n\t\t\t<div class=\"piotnetforms-message piotnetforms-message-success\" role=\"alert\" data-piotnetforms-message=\"P\u00e4ring edukalt saadetud!\">P\u00e4ring edukalt saadetud!<\/div>\n\t\t\t<div class=\"piotnetforms-message piotnetforms-message-danger\" role=\"alert\" data-piotnetforms-message=\"An error occured.\">An error occured.<\/div>\n\t\t\t<!-- <div class=\"piotnetforms-message piotnetforms-help-inline\" role=\"alert\">Server error. Form not sent.<\/div> -->\n\t\t<\/div>\n\t\t\t\t<\/div>\n\t\t\t\t\t<\/div>\n\t\t<\/div>\t\t\t<\/div>\n\t\t<\/div><link rel=\"stylesheet\" href=\"https:\/\/fotografiska.ee\/wp-content\/uploads\/piotnetforms\/css\/6305.css?ver=32\" media=\"all\"><input type=\"hidden\" name=\"trp-form-language\" value=\"sv\"\/><\/form><\/div><div data-piotnetforms-ajax-url=\"https:\/\/fotografiska.ee\/wp-admin\/admin-ajax.php\"><\/div><div data-piotnetforms-plugin-url=\"https:\/\/fotografiska.ee\/wp-content\/plugins\"><\/div><div data-piotnetforms-tinymce-upload=\"https:\/\/fotografiska.ee\/wp-content\/plugins\/piotnetforms-pro\/inc\/forms\/tinymce\/tinymce-upload.php\"><\/div><div data-piotnetforms-stripe-key=\"\"><\/div><div class=\"piotnetforms-break-point\" data-piotnetforms-break-point-md=\"1025\" data-piotnetforms-break-point-lg=\"767\"><\/div>\t\t\t\n\n\n\n<p><\/p>","protected":false},"excerpt":{"rendered":"","protected":false},"author":1,"featured_media":0,"parent":0,"menu_order":0,"comment_status":"closed","ping_status":"closed","template":"","meta":{"inline_featured_image":false,"footnotes":""},"class_list":["post-6306","page","type-page","status-publish","hentry"],"acf":[],"_links":{"self":[{"href":"https:\/\/fotografiska.ee\/sv\/wp-json\/wp\/v2\/pages\/6306"}],"collection":[{"href":"https:\/\/fotografiska.ee\/sv\/wp-json\/wp\/v2\/pages"}],"about":[{"href":"https:\/\/fotografiska.ee\/sv\/wp-json\/wp\/v2\/types\/page"}],"author":[{"embeddable":true,"href":"https:\/\/fotografiska.ee\/sv\/wp-json\/wp\/v2\/users\/1"}],"replies":[{"embeddable":true,"href":"https:\/\/fotografiska.ee\/sv\/wp-json\/wp\/v2\/comments?post=6306"}],"version-history":[{"count":2,"href":"https:\/\/fotografiska.ee\/sv\/wp-json\/wp\/v2\/pages\/6306\/revisions"}],"predecessor-version":[{"id":6308,"href":"https:\/\/fotografiska.ee\/sv\/wp-json\/wp\/v2\/pages\/6306\/revisions\/6308"}],"wp:attachment":[{"href":"https:\/\/fotografiska.ee\/sv\/wp-json\/wp\/v2\/media?parent=6306"}],"curies":[{"name":"wp","href":"https:\/\/api.w.org\/{rel}","templated":true}]}}