{"id":7025,"date":"2024-08-31T11:21:21","date_gmt":"2024-08-31T08:21:21","guid":{"rendered":"https:\/\/fotografiska.ee\/?page_id=7025"},"modified":"2024-09-16T09:17:06","modified_gmt":"2024-09-16T06:17:06","slug":"nude-intro-fi","status":"publish","type":"page","link":"https:\/\/fotografiska.ee\/fi\/nude-intro-fi\/","title":{"rendered":"NUDE Intro-FI"},"content":{"rendered":"<p><strong>NUDE \u2013 ALASTONKUVA<\/strong><\/p>\n\n\n\n<p>Alaston vartalo on kiehtonut meit\u00e4 vuosisatojen ajan. Se on ollut houkutteleva aihe niin maalaustaiteessa, kuvanveistossa kuin valokuvauksessakin, ja v\u00e4istellyt tabuja sek\u00e4 soveliaisuuden ja moraalisuuden uskonnollisia normeja l\u00e4pi kulttuurien ja aikakausien. Riisuttua vartaloa on pyritty esitt\u00e4m\u00e4\u00e4n jopa kaikkein vihamielisimmiss\u00e4 yhteiskunnissa ja historian vaiheissa. Ehk\u00e4 kielletyst\u00e4 hedelm\u00e4st\u00e4 kasvoikin v\u00e4hitellen jotain kiinnostavampaa ja houkuttelevampaa. Alastoman vartalon kuvaaminen ei kuitenkaan ole vain provosoivaa ja kiusoittelevaa. Se puhuu hyvin rehellist\u00e4, luonnollista ja henkil\u00f6kohtaista visuaalista kielt\u00e4 ja puhuttelee ihmisen paljainta versiota. Se, mik\u00e4 yleens\u00e4 n\u00e4hd\u00e4\u00e4n peitettyn\u00e4, on paljaana jotain herkk\u00e4\u00e4 ja aistillista, voimakasta mutta haavoittuvaa.<\/p>\n\n\n\n<p>Taiteessa meille on yleens\u00e4 esitelty enimm\u00e4kseen samanlaisia alastonkuvia. Ne ovat vastanneet aikansa kauneusihanteita, jotka on puolestaan luotu ja kuvattu miesten toimesta muiden miesten katsottaviksi. Ent\u00e4, jos voisimme nollata nykyhetken ja n\u00e4hd\u00e4, milt\u00e4 t\u00e4m\u00e4 uusi, nykyaikainen alastonkuva n\u00e4ytt\u00e4\u00e4, miten sit\u00e4 k\u00e4ytet\u00e4\u00e4n ja mit\u00e4 se kertoo nyky-yhteiskunnasta, joka on vapautunut historian rajoitteista?<\/p>\n\n\n\n<p>32 naispuolisen nykytaiteilijan teoksista koostuva kokoelma k\u00e4ytt\u00e4\u00e4 alastonta vartaloa taiteellisen ilmaisun pohjana. He kuvaavat itse\u00e4\u00e4n ja muita taiteen takia, kuvauksina ja itseilmaisun muotona, aiheena sek\u00e4 objektina. Se poikkeaa alastomien vartalojen kuvauksista kautta historian ja reagoi niihin kaikessa h\u00e4peilem\u00e4tt\u00f6m\u00e4ss\u00e4 rehellisyydess\u00e4\u00e4n ja kunniassaan. N\u00e4m\u00e4 taiteilijat edustavat alastoman vartalon nykyaikaista ja tulevaa mielikuvitusta \u2013 ihmishahmon kyseenalaistavaa ihailua ja takaisin ottamista \u2013 ja pyrkiv\u00e4t torjumaan historiallisen katseen omista syist\u00e4\u00e4n ja omilla ehdoillaan. He kutsuvat meit\u00e4 katsomaan ja osallistumaan visuaalisiin tarinoihinsa sanelematta mit\u00e4 meid\u00e4n tulisi tai ei tulisi olla, miten meid\u00e4n tulisi tai ei tulisi n\u00e4hd\u00e4.<\/p>\n\n\n\n<p>Historia kertoo meille, mik\u00e4 on oikein ja v\u00e4\u00e4rin. N\u00e4m\u00e4 kuvat taas sallivat jokaisen kuvauksen ja tulkinnan \u2013 rehellisesti ja peittelem\u00e4tt\u00e4 kuin alastonkuva. <em>Nude<\/em>.<\/p>\n\n\n\n<p>T\u00e4m\u00e4n n\u00e4yttelyn ovat koonneet Johan Vikner, kansainv\u00e4listen n\u00e4yttelyiden johtaja, Fotografiska, Thomas Sch\u00e4fter, n\u00e4yttelytuottaja, Fotografiska, ja Pauline Benthede, kansainv\u00e4listen n\u00e4yttelyiden varajohtaja, Fotografiska.<\/p>","protected":false},"excerpt":{"rendered":"<p>NUDE \u2013 ALASTONKUVA Alaston vartalo on kiehtonut meit\u00e4 vuosisatojen ajan. Se on ollut houkutteleva aihe niin maalaustaiteessa, kuvanveistossa kuin valokuvauksessakin, ja v\u00e4istellyt tabuja sek\u00e4 soveliaisuuden ja moraalisuuden uskonnollisia normeja l\u00e4pi kulttuurien ja aikakausien. Riisuttua vartaloa on pyritty esitt\u00e4m\u00e4\u00e4n jopa kaikkein vihamielisimmiss\u00e4 yhteiskunnissa ja historian vaiheissa. Ehk\u00e4 kielletyst\u00e4 hedelm\u00e4st\u00e4 kasvoikin v\u00e4hitellen jotain kiinnostavampaa ja houkuttelevampaa. Alastoman [&hellip;]<\/p>","protected":false},"author":1,"featured_media":0,"parent":0,"menu_order":0,"comment_status":"closed","ping_status":"closed","template":"","meta":{"inline_featured_image":false,"footnotes":""},"class_list":["post-7025","page","type-page","status-publish","hentry"],"acf":[],"_links":{"self":[{"href":"https:\/\/fotografiska.ee\/fi\/wp-json\/wp\/v2\/pages\/7025"}],"collection":[{"href":"https:\/\/fotografiska.ee\/fi\/wp-json\/wp\/v2\/pages"}],"about":[{"href":"https:\/\/fotografiska.ee\/fi\/wp-json\/wp\/v2\/types\/page"}],"author":[{"embeddable":true,"href":"https:\/\/fotografiska.ee\/fi\/wp-json\/wp\/v2\/users\/1"}],"replies":[{"embeddable":true,"href":"https:\/\/fotografiska.ee\/fi\/wp-json\/wp\/v2\/comments?post=7025"}],"version-history":[{"count":3,"href":"https:\/\/fotografiska.ee\/fi\/wp-json\/wp\/v2\/pages\/7025\/revisions"}],"predecessor-version":[{"id":7115,"href":"https:\/\/fotografiska.ee\/fi\/wp-json\/wp\/v2\/pages\/7025\/revisions\/7115"}],"wp:attachment":[{"href":"https:\/\/fotografiska.ee\/fi\/wp-json\/wp\/v2\/media?parent=7025"}],"curies":[{"name":"wp","href":"https:\/\/api.w.org\/{rel}","templated":true}]}}