{"id":7004,"date":"2024-08-31T11:16:32","date_gmt":"2024-08-31T08:16:32","guid":{"rendered":"https:\/\/fotografiska.ee\/?page_id=7004"},"modified":"2024-09-12T22:45:24","modified_gmt":"2024-09-12T19:45:24","slug":"joana-choumali-fi","status":"publish","type":"page","link":"https:\/\/fotografiska.ee\/fi\/joana-choumali-fi\/","title":{"rendered":"Joana Choumali-FI"},"content":{"rendered":"<p><strong>Joana Choumali<\/strong><\/p>\n\n\n\n<p>synt. 1974, Norsunluurannikko<br><br><\/p>\n\n\n\n<p><em>Awoulaba \/ Taille fine<\/em> kuvaa moninaista naiseutta, kauneutta ja kehokuvaa nyky-Afrikassa. Joana Choumali on dokumentoinut Norsunluurannikolla valmistettavia, kauneuden idealisoituun makuun ja muotoon r\u00e4\u00e4t\u00e4l\u00f6ityj\u00e4 mallinukkeja. Niille rakennetaan muotoja, jotka yhdistet\u00e4\u00e4n afrikkalaisiin naisiin leveine lantioineen, runsaine rintoineen, vahvoine k\u00e4sivarsineen. T\u00e4llainen mallinukke on nimelt\u00e4\u00e4n <em>Awoulaba<\/em>, joka merkitsee Norsunluurannikolla puhutulla baulen kielell\u00e4 \u201ckauneuskuningatarta\u201d. <em>Taille Fine<\/em> puolestaan tarkoittaa l\u00e4nsimaisia kauneuden standardeja seuraavia mallinukkeja.<\/p>\n\n\n\n<p>Choumalin projekti on luonteeltaan dokumentaarinen, mutta se tutkii my\u00f6s kauneuden ja t\u00e4ydellisen kehon k\u00e4sitteit\u00e4. Media ja globaalit standardit paljastavat ja ohjailevat naisia, vaikka eiv\u00e4t voi edustaa ihmiskehoja kaikessa monimuotoisuudessaan. N\u00e4m\u00e4 k\u00e4sitteelliset sommitelmat toimivat hybridikuvauksina siit\u00e4, millainen \u201ct\u00e4ydellisen naisen\u201d tulee olla \u2013 sek\u00e4 aito ett\u00e4 t\u00e4ydellinen. Viimeinen kuva tuo katsojien eteen kiusallisen muotojen, symbolien, v\u00e4rien ja ideoiden kokoelman. Niit\u00e4 voi tulkita ja tunnistaa, mutta niit\u00e4 on vaikea arvostaa, ja niihin on mahdotonta samaistua.<\/p>\n\n\n\n<p><em>Venus 5 - The Light Awoulaba, <\/em>sarjasta <em>Awoulaba \/ Taille Fine, <\/em>2013\/2015<em><br>Venus 1 - The White Awoulaba<\/em>, sarjasta <em>Awoulaba \/ Taille Fine, <\/em>2013\/2015<\/p>","protected":false},"excerpt":{"rendered":"<p>Joana Choumali synt. 1974, Norsunluurannikko Awoulaba \/ Taille fine kuvaa moninaista naiseutta, kauneutta ja kehokuvaa nyky-Afrikassa. Joana Choumali on dokumentoinut Norsunluurannikolla valmistettavia, kauneuden idealisoituun makuun ja muotoon r\u00e4\u00e4t\u00e4l\u00f6ityj\u00e4 mallinukkeja. Niille rakennetaan muotoja, jotka yhdistet\u00e4\u00e4n afrikkalaisiin naisiin leveine lantioineen, runsaine rintoineen, vahvoine k\u00e4sivarsineen. T\u00e4llainen mallinukke on nimelt\u00e4\u00e4n Awoulaba, joka merkitsee Norsunluurannikolla puhutulla baulen kielell\u00e4 \u201ckauneuskuningatarta\u201d. Taille [&hellip;]<\/p>","protected":false},"author":1,"featured_media":0,"parent":0,"menu_order":0,"comment_status":"closed","ping_status":"closed","template":"","meta":{"inline_featured_image":false,"footnotes":""},"class_list":["post-7004","page","type-page","status-publish","hentry"],"acf":[],"_links":{"self":[{"href":"https:\/\/fotografiska.ee\/fi\/wp-json\/wp\/v2\/pages\/7004"}],"collection":[{"href":"https:\/\/fotografiska.ee\/fi\/wp-json\/wp\/v2\/pages"}],"about":[{"href":"https:\/\/fotografiska.ee\/fi\/wp-json\/wp\/v2\/types\/page"}],"author":[{"embeddable":true,"href":"https:\/\/fotografiska.ee\/fi\/wp-json\/wp\/v2\/users\/1"}],"replies":[{"embeddable":true,"href":"https:\/\/fotografiska.ee\/fi\/wp-json\/wp\/v2\/comments?post=7004"}],"version-history":[{"count":2,"href":"https:\/\/fotografiska.ee\/fi\/wp-json\/wp\/v2\/pages\/7004\/revisions"}],"predecessor-version":[{"id":7059,"href":"https:\/\/fotografiska.ee\/fi\/wp-json\/wp\/v2\/pages\/7004\/revisions\/7059"}],"wp:attachment":[{"href":"https:\/\/fotografiska.ee\/fi\/wp-json\/wp\/v2\/media?parent=7004"}],"curies":[{"name":"wp","href":"https:\/\/api.w.org\/{rel}","templated":true}]}}