{"id":7003,"date":"2024-08-31T11:15:59","date_gmt":"2024-08-31T08:15:59","guid":{"rendered":"https:\/\/fotografiska.ee\/?page_id=7003"},"modified":"2024-09-12T22:45:43","modified_gmt":"2024-09-12T19:45:43","slug":"angelica-dass-fi","status":"publish","type":"page","link":"https:\/\/fotografiska.ee\/fi\/angelica-dass-fi\/","title":{"rendered":"Ang\u00e9lica Dass-FI"},"content":{"rendered":"<p><strong>Ang\u00e9lica Dass<\/strong><\/p>\n\n\n\n<p>synt. 1979, Brasilia<br><br><\/p>\n\n\n\n<p>Ang\u00e9lica Dass yhdist\u00e4\u00e4 valokuvauksen sosiologiseen tutkimukseen ja julkiseen ihmisoikeuksien puolustamiseen. H\u00e4nen Human\u00e6-projektinsa on kokoelma muotokuvia, jotka paljastavat ihmisyyden monimuotoisen kauneuden, tukevat vuoropuhelua ja haastavat kulttuurisia ennakkoluuloja.<\/p>\n\n\n\n<p>Human\u00e6 on ep\u00e4tavallisen suoraa pohdintaa ihon v\u00e4rist\u00e4, ja se pyrkii dokumentoimaan ihmisyyden todellisia v\u00e4rej\u00e4 turvautumatta valheellisiin kategorioihin, kuten \u201cvalkoinen\u201d, \u201cpunainen\u201d ja \u201ckeltainen\u201d. Jatkuvasti kehittyv\u00e4 projekti yritt\u00e4\u00e4 n\u00e4ytt\u00e4\u00e4, ett\u00e4 ihmisyytt\u00e4 m\u00e4\u00e4ritt\u00e4v\u00e4t sen v\u00e4\u00e4j\u00e4\u00e4m\u00e4t\u00f6n ainutlaatuisuus ja sit\u00e4 kautta sen monimuotoisuus. Kunkin muotokuvan taustalla oleva v\u00e4ris\u00e4vy on kohteensa nen\u00e4st\u00e4 otettu 11 x 11 pikselin kokoisen alueen s\u00e4vy Pantonen\u00ae teolliselta v\u00e4rikartalta etsittyn\u00e4. N\u00e4in se kyseenalaistaa rotukysymyksiin liittyv\u00e4t ristiriitoja ja stereotypioita. Projektissa on nykyisell\u00e4\u00e4n yli 4&nbsp;000 kuvaa, jotka on otettu 20 eri maassa. Niiden aiheena on niin Forbesin rikkaimpien listalla esiintynyt henkil\u00f6 kuin V\u00e4limeren veneell\u00e4 ylitt\u00e4neit\u00e4 pakolaisia, sveitsil\u00e4isi\u00e4 opiskelijoita ja Rio de Janeiron slummien asukkaita, ja kuvia on otettu niin Unescon p\u00e4\u00e4majassa kuin kodittomien suojissa. Niiss\u00e4 piirtyv\u00e4t n\u00e4kyviin kaikki uskot, sukupuoli-identiteetit ja fyysiset vammat, vastasyntyneet ja parantumattomasti sairaat \u2013 ja niist\u00e4 kaikista rakentuu meit\u00e4 yhdist\u00e4v\u00e4 <em>Human\u00e6<\/em>. Me kaikki, ilman kategorioita.<br><br>Teoksia projektista <em>Human\u00e6, <\/em>2012 - jatkuu<\/p>","protected":false},"excerpt":{"rendered":"<p>Ang\u00e9lica Dass synt. 1979, Brasilia Ang\u00e9lica Dass yhdist\u00e4\u00e4 valokuvauksen sosiologiseen tutkimukseen ja julkiseen ihmisoikeuksien puolustamiseen. H\u00e4nen Human\u00e6-projektinsa on kokoelma muotokuvia, jotka paljastavat ihmisyyden monimuotoisen kauneuden, tukevat vuoropuhelua ja haastavat kulttuurisia ennakkoluuloja. Human\u00e6 on ep\u00e4tavallisen suoraa pohdintaa ihon v\u00e4rist\u00e4, ja se pyrkii dokumentoimaan ihmisyyden todellisia v\u00e4rej\u00e4 turvautumatta valheellisiin kategorioihin, kuten \u201cvalkoinen\u201d, \u201cpunainen\u201d ja \u201ckeltainen\u201d. Jatkuvasti kehittyv\u00e4 [&hellip;]<\/p>","protected":false},"author":1,"featured_media":0,"parent":0,"menu_order":0,"comment_status":"closed","ping_status":"closed","template":"","meta":{"inline_featured_image":false,"footnotes":""},"class_list":["post-7003","page","type-page","status-publish","hentry"],"acf":[],"_links":{"self":[{"href":"https:\/\/fotografiska.ee\/fi\/wp-json\/wp\/v2\/pages\/7003"}],"collection":[{"href":"https:\/\/fotografiska.ee\/fi\/wp-json\/wp\/v2\/pages"}],"about":[{"href":"https:\/\/fotografiska.ee\/fi\/wp-json\/wp\/v2\/types\/page"}],"author":[{"embeddable":true,"href":"https:\/\/fotografiska.ee\/fi\/wp-json\/wp\/v2\/users\/1"}],"replies":[{"embeddable":true,"href":"https:\/\/fotografiska.ee\/fi\/wp-json\/wp\/v2\/comments?post=7003"}],"version-history":[{"count":2,"href":"https:\/\/fotografiska.ee\/fi\/wp-json\/wp\/v2\/pages\/7003\/revisions"}],"predecessor-version":[{"id":7060,"href":"https:\/\/fotografiska.ee\/fi\/wp-json\/wp\/v2\/pages\/7003\/revisions\/7060"}],"wp:attachment":[{"href":"https:\/\/fotografiska.ee\/fi\/wp-json\/wp\/v2\/media?parent=7003"}],"curies":[{"name":"wp","href":"https:\/\/api.w.org\/{rel}","templated":true}]}}