{"id":6999,"date":"2024-08-31T11:13:11","date_gmt":"2024-08-31T08:13:11","guid":{"rendered":"https:\/\/fotografiska.ee\/?page_id=6999"},"modified":"2024-09-12T22:46:50","modified_gmt":"2024-09-12T19:46:50","slug":"carlota-guerrero-fi","status":"publish","type":"page","link":"https:\/\/fotografiska.ee\/fi\/carlota-guerrero-fi\/","title":{"rendered":"Carlota Guerrero-FI"},"content":{"rendered":"<p><strong>Carlota Guerrero<\/strong><br>synt. 1989, Espanja<br><br>Carlota Guerrero on Pariisissa toimiva taiteilija ja valokuvaaja. H\u00e4n on pyrkinyt sideeriselle reitille, joka liittyy suuresti ajan henkeen, kyseenalaistaa kaikkialla l\u00e4sn\u00e4 olevan miehisen katseen ja vaatii naispuolisen n\u00e4k\u00f6kulman tutkimista ja toteuttamista. Valta-asemissa vallitseva naissymbolien puute ja niiden vaikutus yhteisiin n\u00e4kemyksiimme auktoriteetista ja tarmosta ovat keskeisess\u00e4 roolissa Guerreron ty\u00f6ss\u00e4, joka pyrkii t\u00e4ytt\u00e4m\u00e4\u00e4n t\u00e4m\u00e4n mielikuvituksettomuuden tyhji\u00f6n luomalla uutta feminiinist\u00e4 symboliikkaa.<\/p>\n\n\n\n<p>Performatiivisen kokemuksen ja valokuvauksen v\u00e4liin asettuvat luomukset eroavat tavallisista valokuvateoksista. V\u00e4lineen\u00e4 kamera sallii h\u00e4nen dokumentoida yhteisyyden kokemuksia pakkomielteisesti luomiensa naisten v\u00e4lill\u00e4, mutta siit\u00e4 syntyv\u00e4t kuvat pysyv\u00e4t toissijaisina. Ne ovat vain j\u00e4lki\u00e4 n\u00e4ist\u00e4 menneist\u00e4 kohtaamisista. Teoksia sarjasta <em>Organismo formado por mujeres<\/em><\/p>","protected":false},"excerpt":{"rendered":"<p>Carlota Guerrerosynt. 1989, Espanja Carlota Guerrero on Pariisissa toimiva taiteilija ja valokuvaaja. H\u00e4n on pyrkinyt sideeriselle reitille, joka liittyy suuresti ajan henkeen, kyseenalaistaa kaikkialla l\u00e4sn\u00e4 olevan miehisen katseen ja vaatii naispuolisen n\u00e4k\u00f6kulman tutkimista ja toteuttamista. Valta-asemissa vallitseva naissymbolien puute ja niiden vaikutus yhteisiin n\u00e4kemyksiimme auktoriteetista ja tarmosta ovat keskeisess\u00e4 roolissa Guerreron ty\u00f6ss\u00e4, joka pyrkii t\u00e4ytt\u00e4m\u00e4\u00e4n [&hellip;]<\/p>","protected":false},"author":1,"featured_media":0,"parent":0,"menu_order":0,"comment_status":"closed","ping_status":"closed","template":"","meta":{"inline_featured_image":false,"footnotes":""},"class_list":["post-6999","page","type-page","status-publish","hentry"],"acf":[],"_links":{"self":[{"href":"https:\/\/fotografiska.ee\/fi\/wp-json\/wp\/v2\/pages\/6999"}],"collection":[{"href":"https:\/\/fotografiska.ee\/fi\/wp-json\/wp\/v2\/pages"}],"about":[{"href":"https:\/\/fotografiska.ee\/fi\/wp-json\/wp\/v2\/types\/page"}],"author":[{"embeddable":true,"href":"https:\/\/fotografiska.ee\/fi\/wp-json\/wp\/v2\/users\/1"}],"replies":[{"embeddable":true,"href":"https:\/\/fotografiska.ee\/fi\/wp-json\/wp\/v2\/comments?post=6999"}],"version-history":[{"count":2,"href":"https:\/\/fotografiska.ee\/fi\/wp-json\/wp\/v2\/pages\/6999\/revisions"}],"predecessor-version":[{"id":7064,"href":"https:\/\/fotografiska.ee\/fi\/wp-json\/wp\/v2\/pages\/6999\/revisions\/7064"}],"wp:attachment":[{"href":"https:\/\/fotografiska.ee\/fi\/wp-json\/wp\/v2\/media?parent=6999"}],"curies":[{"name":"wp","href":"https:\/\/api.w.org\/{rel}","templated":true}]}}