{"id":6979,"date":"2024-08-31T11:09:32","date_gmt":"2024-08-31T08:09:32","guid":{"rendered":"https:\/\/fotografiska.ee\/?page_id=6979"},"modified":"2024-09-13T15:01:29","modified_gmt":"2024-09-13T12:01:29","slug":"joanne-leah-fi","status":"publish","type":"page","link":"https:\/\/fotografiska.ee\/fi\/joanne-leah-fi\/","title":{"rendered":"Joanne Leah-FI"},"content":{"rendered":"<p><strong>Joanne Leah<\/strong><\/p>\n\n\n\n<p>synt. 1978, Yhdysvallat<\/p>\n\n\n\n<p>\u201cT\u00e4m\u00e4 tuotanto edustaa kehojen fetisistist\u00e4 suhdetta ja sit\u00e4, miten ymp\u00e4r\u00f6imme\/koristelemme\/tukahdutamme itsemme esineill\u00e4 ja aineilla. Tutkin sit\u00e4, miten fyysisesti sovimme materiaaliseen maailmaamme aistillisessa viitekehyksess\u00e4. Kukin kuva on ylimaallinen kokemus, joka kulkee rajoitusten ja meditaation l\u00e4pi, ja k\u00e4ytt\u00e4\u00e4 asetelmaa, v\u00e4ri\u00e4, fyysist\u00e4 sijoittelua sek\u00e4 k\u00e4ytettyjen materiaalien k\u00e4sinkosketeltavuutta. K\u00e4yt\u00e4n tavanomaisia esineit\u00e4 odottamattomilla tavoilla, luon kehosta objektin, joka vaikuttaa h\u00e4mmentyneelt\u00e4 tai rikkin\u00e4iselt\u00e4, ja muunnan sen kuvan lopulta symboliksi, joka muodostaa osan omasta visuaalisesta kielest\u00e4\u00e4n.\u201d<\/p>\n\n\n\n<p>Joanne Leahin ty\u00f6 tutkii seksuaalisuuden, eristyneisyyden sek\u00e4 identiteetin teemoja. Keskittym\u00e4ll\u00e4 el\u00e4viin malleihin h\u00e4n luo haavoittuvaa erkanemista, v\u00e4\u00e4nt\u00e4\u00e4 alastomia ruumiin osia ja k\u00e4ytt\u00e4\u00e4 rohkeita v\u00e4rej\u00e4 sek\u00e4 kosketeltavia elementtej\u00e4. H\u00e4nen ty\u00f6ns\u00e4 kuvaavat ihmisi\u00e4 \u2013 seksity\u00f6l\u00e4isi\u00e4, BDSM- ja LGBTQIA+ yhteis\u00f6jen j\u00e4seni\u00e4, sek\u00e4 kaikkia kehoja ja sukupuoli-identiteettej\u00e4 \u2013 jotka el\u00e4v\u00e4t yhteiskunnan reunoilla.<br><br><em>Nimett\u00f6mi\u00e4 teoksia<\/em><\/p>","protected":false},"excerpt":{"rendered":"<p>Joanne Leah synt. 1978, Yhdysvallat \u201cT\u00e4m\u00e4 tuotanto edustaa kehojen fetisistist\u00e4 suhdetta ja sit\u00e4, miten ymp\u00e4r\u00f6imme\/koristelemme\/tukahdutamme itsemme esineill\u00e4 ja aineilla. Tutkin sit\u00e4, miten fyysisesti sovimme materiaaliseen maailmaamme aistillisessa viitekehyksess\u00e4. Kukin kuva on ylimaallinen kokemus, joka kulkee rajoitusten ja meditaation l\u00e4pi, ja k\u00e4ytt\u00e4\u00e4 asetelmaa, v\u00e4ri\u00e4, fyysist\u00e4 sijoittelua sek\u00e4 k\u00e4ytettyjen materiaalien k\u00e4sinkosketeltavuutta. K\u00e4yt\u00e4n tavanomaisia esineit\u00e4 odottamattomilla tavoilla, luon [&hellip;]<\/p>","protected":false},"author":1,"featured_media":0,"parent":0,"menu_order":0,"comment_status":"closed","ping_status":"closed","template":"","meta":{"inline_featured_image":false,"footnotes":""},"class_list":["post-6979","page","type-page","status-publish","hentry"],"acf":[],"_links":{"self":[{"href":"https:\/\/fotografiska.ee\/fi\/wp-json\/wp\/v2\/pages\/6979"}],"collection":[{"href":"https:\/\/fotografiska.ee\/fi\/wp-json\/wp\/v2\/pages"}],"about":[{"href":"https:\/\/fotografiska.ee\/fi\/wp-json\/wp\/v2\/types\/page"}],"author":[{"embeddable":true,"href":"https:\/\/fotografiska.ee\/fi\/wp-json\/wp\/v2\/users\/1"}],"replies":[{"embeddable":true,"href":"https:\/\/fotografiska.ee\/fi\/wp-json\/wp\/v2\/comments?post=6979"}],"version-history":[{"count":3,"href":"https:\/\/fotografiska.ee\/fi\/wp-json\/wp\/v2\/pages\/6979\/revisions"}],"predecessor-version":[{"id":7107,"href":"https:\/\/fotografiska.ee\/fi\/wp-json\/wp\/v2\/pages\/6979\/revisions\/7107"}],"wp:attachment":[{"href":"https:\/\/fotografiska.ee\/fi\/wp-json\/wp\/v2\/media?parent=6979"}],"curies":[{"name":"wp","href":"https:\/\/api.w.org\/{rel}","templated":true}]}}