{"id":6975,"date":"2024-08-31T11:06:03","date_gmt":"2024-08-31T08:06:03","guid":{"rendered":"https:\/\/fotografiska.ee\/?page_id=6975"},"modified":"2024-09-12T22:49:43","modified_gmt":"2024-09-12T19:49:43","slug":"malerie-marder-fi","status":"publish","type":"page","link":"https:\/\/fotografiska.ee\/fi\/malerie-marder-fi\/","title":{"rendered":"Malerie Marder-FI"},"content":{"rendered":"<p><strong>Malerie Marder<\/strong><\/p>\n\n\n\n<p>synt. 1971, Yhdysvallat<\/p>\n\n\n\n<p>Intiimeist\u00e4 alastonkuvistaan tunnettu Malerie Marder k\u00e4ytt\u00e4\u00e4 kameraansa menolippuna k\u00e4tkettyihin maailmoihin. H\u00e4nen kuvansa ovat osin kuin hallusinaatiota, osin todellisuutta. Marder vie yst\u00e4vi\u00e4\u00e4n, perheens\u00e4 j\u00e4seni\u00e4 ja vieraita eri tilanteisiin, antaa heid\u00e4n \u201cn\u00e4ytell\u00e4\u201d, ja s\u00e4\u00e4t\u00e4\u00e4 ja korjailee, kunnes l\u00f6yt\u00e4\u00e4 haluamansa kuvan ja tarinan. H\u00e4n rakentaa kohtauksia, jotka tavallisesti j\u00e4\u00e4v\u00e4t pinnan alle, ja tutkii tutun ja tuntemattoman v\u00e4list\u00e4 eroa.<\/p>\n\n\n\n<p>Malerie Marderin SNAFU-projekti tutkii henkil\u00f6kohtaisia ja jaettuja kokemuksia eloisan taiteen keinoin. Se tuo yhteen seksuaalisuuden, anonyymiuden ja leikkisyyden teemoja, sek\u00e4 p\u00e4\u00e4tt\u00f6m\u00e4n hahmon, joka edustaa sek\u00e4 l\u00e4heisyytt\u00e4 ett\u00e4 erillisyytt\u00e4. Marder sekoittaa omakuvansa lapsuuden animaatioihin h\u00e4m\u00e4rt\u00e4en todellisuuden ja mielikuvituksen v\u00e4list\u00e4 rajaa. Visuaalinen taito kutsuu katsojat osaksi intiimej\u00e4 hetki\u00e4 ja her\u00e4tt\u00e4\u00e4 aistillisia muistoja. Pandemian keskell\u00e4 taide heijastaa viipyilevien animaatioiden kautta pelkoja sek\u00e4 varmuuksia, mutta Marderin tutkielma koskettaa my\u00f6s synkempi\u00e4 teemoja, yhdist\u00e4en lapsuuden pelot aikuisuuden moniin kerroksiin. SNAFU ylitt\u00e4\u00e4 perinteisen valokuvauksen rajat, esitt\u00e4\u00e4 kritiikki\u00e4 miesten dominoimaa kuvastoa vastaan ja symboloi naisellisuutta heijastusten kautta. Se kutsuu pohtimaan identiteetti\u00e4, l\u00e4heisyytt\u00e4 ja ihmiskokemusta.<\/p>\n\n\n\n<p><em>BIRTHDAY-- being born a woman and distressed<\/em>, 2022&nbsp;<\/p>\n\n\n\n<p><em>Because your mouth is violet and you cannot speak<\/em>, 2022<\/p>\n\n\n\n<p><em>Once again undone, possessed,<\/em> toistuva video, 2022<\/p>","protected":false},"excerpt":{"rendered":"<p>Malerie Marder synt. 1971, Yhdysvallat Intiimeist\u00e4 alastonkuvistaan tunnettu Malerie Marder k\u00e4ytt\u00e4\u00e4 kameraansa menolippuna k\u00e4tkettyihin maailmoihin. H\u00e4nen kuvansa ovat osin kuin hallusinaatiota, osin todellisuutta. Marder vie yst\u00e4vi\u00e4\u00e4n, perheens\u00e4 j\u00e4seni\u00e4 ja vieraita eri tilanteisiin, antaa heid\u00e4n \u201cn\u00e4ytell\u00e4\u201d, ja s\u00e4\u00e4t\u00e4\u00e4 ja korjailee, kunnes l\u00f6yt\u00e4\u00e4 haluamansa kuvan ja tarinan. H\u00e4n rakentaa kohtauksia, jotka tavallisesti j\u00e4\u00e4v\u00e4t pinnan alle, ja tutkii [&hellip;]<\/p>","protected":false},"author":1,"featured_media":0,"parent":0,"menu_order":0,"comment_status":"closed","ping_status":"closed","template":"","meta":{"inline_featured_image":false,"footnotes":""},"class_list":["post-6975","page","type-page","status-publish","hentry"],"acf":[],"_links":{"self":[{"href":"https:\/\/fotografiska.ee\/fi\/wp-json\/wp\/v2\/pages\/6975"}],"collection":[{"href":"https:\/\/fotografiska.ee\/fi\/wp-json\/wp\/v2\/pages"}],"about":[{"href":"https:\/\/fotografiska.ee\/fi\/wp-json\/wp\/v2\/types\/page"}],"author":[{"embeddable":true,"href":"https:\/\/fotografiska.ee\/fi\/wp-json\/wp\/v2\/users\/1"}],"replies":[{"embeddable":true,"href":"https:\/\/fotografiska.ee\/fi\/wp-json\/wp\/v2\/comments?post=6975"}],"version-history":[{"count":2,"href":"https:\/\/fotografiska.ee\/fi\/wp-json\/wp\/v2\/pages\/6975\/revisions"}],"predecessor-version":[{"id":7073,"href":"https:\/\/fotografiska.ee\/fi\/wp-json\/wp\/v2\/pages\/6975\/revisions\/7073"}],"wp:attachment":[{"href":"https:\/\/fotografiska.ee\/fi\/wp-json\/wp\/v2\/media?parent=6975"}],"curies":[{"name":"wp","href":"https:\/\/api.w.org\/{rel}","templated":true}]}}