{"id":6970,"date":"2024-08-31T11:02:59","date_gmt":"2024-08-31T08:02:59","guid":{"rendered":"https:\/\/fotografiska.ee\/?page_id=6970"},"modified":"2024-09-13T13:39:25","modified_gmt":"2024-09-13T10:39:25","slug":"bettina-pittaluga-fi","status":"publish","type":"page","link":"https:\/\/fotografiska.ee\/fi\/bettina-pittaluga-fi\/","title":{"rendered":"Bettina Pittaluga-FI"},"content":{"rendered":"<p><strong>Bettina Pittaluga<\/strong><\/p>\n\n\n\n<p>synt. 1989, Ranska\/Uruguay<br><\/p>\n\n\n\n<p>\u201cHaluaisin ajatella valokuvaavani kauneutta. L\u00f6yd\u00e4n kauneutta aitoudesta \u2013 tunteesta, hetkest\u00e4, siit\u00e4, mik\u00e4 on todellisinta.\u201d<\/p>\n\n\n\n<p>Bettina Pittalugan t\u00f6iss\u00e4 alastomuus ilmaisee fyysist\u00e4 l\u00e4heisyytt\u00e4. Sen voi paljastaa olemalla jonkun henkil\u00f6kohtaisessa tilassa tai l\u00f6yt\u00e4m\u00e4ll\u00e4 yhteyden fyysisen kontaktin \u2013 ihollisuuden \u2013 kautta. Kuvallisesta ja henkisest\u00e4 n\u00e4k\u00f6kulmasta Pittalugaa kiehtoo alastomuudessa juuri ihon ilmaisu. \u201dSe vaatii kaikkia aisteja, sill\u00e4 ihmist\u00e4 on mahdotonta olla n\u00e4kem\u00e4tt\u00e4, kuulematta ja haistamatta, kun h\u00e4n on kosketuset\u00e4isyydell\u00e4\u201d, taiteilija selitt\u00e4\u00e4.<\/p>\n\n\n\n<p>Sosiologiaa opiskelleelle ja toimittajana toimineelle Pittalugalle on luonnollista luoda kuvia siit\u00e4, mik\u00e4 on olemassa ja mit\u00e4 h\u00e4nen edess\u00e4\u00e4n on. H\u00e4n keskittyy tarjoamaan \u00e4\u00e4nen sek\u00e4 n\u00e4kyvyytt\u00e4 niille, joita ei edusteta kylliksi tai ei ollenkaan, ja t\u00e4m\u00e4n hegemonian hajottaminen toimii h\u00e4nen ty\u00f6t\u00e4\u00e4n ajavana voimana. H\u00e4n on mukana joka taistelussa, kunnes ne on voitettu.<\/p>\n\n\n\n<p>Lili &amp; Adam, Pariisi, 2019<br>Louise, Bois-Plage-en-R\u00e9, 2018<br>Jackie &amp; Megane, 2019<br>Yseult, Pariisi, 2019<br>Ylva, Pariisi, 2018<br>Dourane, Bois-Plage-en-R\u00e9, 2018<br>Lili &amp; Adam, Pariisi, 2018<br>Magueye, Pariisi, 2018<br>Romain &amp; Joris, Pariisi, 2019<br>Louise, Pariisi, 2019<\/p>","protected":false},"excerpt":{"rendered":"<p>Bettina Pittaluga synt. 1989, Ranska\/Uruguay \u201cHaluaisin ajatella valokuvaavani kauneutta. L\u00f6yd\u00e4n kauneutta aitoudesta \u2013 tunteesta, hetkest\u00e4, siit\u00e4, mik\u00e4 on todellisinta.\u201d Bettina Pittalugan t\u00f6iss\u00e4 alastomuus ilmaisee fyysist\u00e4 l\u00e4heisyytt\u00e4. Sen voi paljastaa olemalla jonkun henkil\u00f6kohtaisessa tilassa tai l\u00f6yt\u00e4m\u00e4ll\u00e4 yhteyden fyysisen kontaktin \u2013 ihollisuuden \u2013 kautta. Kuvallisesta ja henkisest\u00e4 n\u00e4k\u00f6kulmasta Pittalugaa kiehtoo alastomuudessa juuri ihon ilmaisu. \u201dSe vaatii kaikkia [&hellip;]<\/p>","protected":false},"author":1,"featured_media":0,"parent":0,"menu_order":0,"comment_status":"closed","ping_status":"closed","template":"","meta":{"inline_featured_image":false,"footnotes":""},"class_list":["post-6970","page","type-page","status-publish","hentry"],"acf":[],"_links":{"self":[{"href":"https:\/\/fotografiska.ee\/fi\/wp-json\/wp\/v2\/pages\/6970"}],"collection":[{"href":"https:\/\/fotografiska.ee\/fi\/wp-json\/wp\/v2\/pages"}],"about":[{"href":"https:\/\/fotografiska.ee\/fi\/wp-json\/wp\/v2\/types\/page"}],"author":[{"embeddable":true,"href":"https:\/\/fotografiska.ee\/fi\/wp-json\/wp\/v2\/users\/1"}],"replies":[{"embeddable":true,"href":"https:\/\/fotografiska.ee\/fi\/wp-json\/wp\/v2\/comments?post=6970"}],"version-history":[{"count":3,"href":"https:\/\/fotografiska.ee\/fi\/wp-json\/wp\/v2\/pages\/6970\/revisions"}],"predecessor-version":[{"id":7090,"href":"https:\/\/fotografiska.ee\/fi\/wp-json\/wp\/v2\/pages\/6970\/revisions\/7090"}],"wp:attachment":[{"href":"https:\/\/fotografiska.ee\/fi\/wp-json\/wp\/v2\/media?parent=6970"}],"curies":[{"name":"wp","href":"https:\/\/api.w.org\/{rel}","templated":true}]}}