{"id":6965,"date":"2024-08-31T10:49:44","date_gmt":"2024-08-31T07:49:44","guid":{"rendered":"https:\/\/fotografiska.ee\/?page_id=6965"},"modified":"2024-09-13T14:12:34","modified_gmt":"2024-09-13T11:12:34","slug":"julia-sh-fi","status":"publish","type":"page","link":"https:\/\/fotografiska.ee\/fi\/julia-sh-fi\/","title":{"rendered":"Julia SH-FI"},"content":{"rendered":"<p><strong>Julia SH<\/strong><\/p>\n\n\n\n<p>synt. 1983, Ruotsi<\/p>\n\n\n\n<p>Julia SH:n ty\u00f6n ytimess\u00e4 on ihmiskeho kaikissa versioissaan \u2013 erityisesti naisvartalona. H\u00e4nen taiteellinen toimintansa on keskittynyt sukupuolen teemoihin, katseen k\u00e4sitteeseen sek\u00e4 valokuvaajan ja h\u00e4nen kohteensa sek\u00e4 katsojan ja katsottavan v\u00e4liseen vaihtoon.<\/p>\n\n\n\n<p><em>Studio Practice <\/em>esitt\u00e4\u00e4 p\u00e4\u00e4henkil\u00f6it\u00e4, joiden kehotyyppej\u00e4 valokuvissa ei tavallisesti n\u00e4hd\u00e4. N\u00e4m\u00e4 ty\u00f6t viittaavat klassisten, historiallisten alastonmaalausten perinteeseen ja est\u00e4v\u00e4t aikomuksen m\u00e4\u00e4ritt\u00e4\u00e4 niiden arvon vain eroottisuuden kautta. Se kehottaa avaamaan oven ja l\u00f6yt\u00e4m\u00e4\u00e4n esteettist\u00e4 vieh\u00e4tyst\u00e4 geometriasta ja tekstuureista, jotka tekev\u00e4t kuvien kohteista ainutlaatuisia.<\/p>\n\n\n\n<p><em><br>Studio Practice #3<\/em>, sarjasta <em>Studio Practice, <\/em>2017<em><br>Studio Practice #6<\/em>, sarjasta <em>Studio Practice,<\/em> 2017<\/p>","protected":false},"excerpt":{"rendered":"<p>Julia SH synt. 1983, Ruotsi Julia SH:n ty\u00f6n ytimess\u00e4 on ihmiskeho kaikissa versioissaan \u2013 erityisesti naisvartalona. H\u00e4nen taiteellinen toimintansa on keskittynyt sukupuolen teemoihin, katseen k\u00e4sitteeseen sek\u00e4 valokuvaajan ja h\u00e4nen kohteensa sek\u00e4 katsojan ja katsottavan v\u00e4liseen vaihtoon. Studio Practice esitt\u00e4\u00e4 p\u00e4\u00e4henkil\u00f6it\u00e4, joiden kehotyyppej\u00e4 valokuvissa ei tavallisesti n\u00e4hd\u00e4. N\u00e4m\u00e4 ty\u00f6t viittaavat klassisten, historiallisten alastonmaalausten perinteeseen ja est\u00e4v\u00e4t [&hellip;]<\/p>","protected":false},"author":1,"featured_media":0,"parent":0,"menu_order":0,"comment_status":"closed","ping_status":"closed","template":"","meta":{"inline_featured_image":false,"footnotes":""},"class_list":["post-6965","page","type-page","status-publish","hentry"],"acf":[],"_links":{"self":[{"href":"https:\/\/fotografiska.ee\/fi\/wp-json\/wp\/v2\/pages\/6965"}],"collection":[{"href":"https:\/\/fotografiska.ee\/fi\/wp-json\/wp\/v2\/pages"}],"about":[{"href":"https:\/\/fotografiska.ee\/fi\/wp-json\/wp\/v2\/types\/page"}],"author":[{"embeddable":true,"href":"https:\/\/fotografiska.ee\/fi\/wp-json\/wp\/v2\/users\/1"}],"replies":[{"embeddable":true,"href":"https:\/\/fotografiska.ee\/fi\/wp-json\/wp\/v2\/comments?post=6965"}],"version-history":[{"count":3,"href":"https:\/\/fotografiska.ee\/fi\/wp-json\/wp\/v2\/pages\/6965\/revisions"}],"predecessor-version":[{"id":7102,"href":"https:\/\/fotografiska.ee\/fi\/wp-json\/wp\/v2\/pages\/6965\/revisions\/7102"}],"wp:attachment":[{"href":"https:\/\/fotografiska.ee\/fi\/wp-json\/wp\/v2\/media?parent=6965"}],"curies":[{"name":"wp","href":"https:\/\/api.w.org\/{rel}","templated":true}]}}