{"id":6743,"date":"2024-05-29T12:57:38","date_gmt":"2024-05-29T09:57:38","guid":{"rendered":"https:\/\/fotografiska.ee\/?page_id=6743"},"modified":"2024-05-29T12:57:39","modified_gmt":"2024-05-29T09:57:39","slug":"xiye-bastida-fi","status":"publish","type":"page","link":"https:\/\/fotografiska.ee\/fi\/xiye-bastida-fi\/","title":{"rendered":"Xiye Bastida \u2013 sopusoinnussa luonto\u00e4idin kanssa"},"content":{"rendered":"<p>Xiye Bastida \u2013 sopusoinnussa luonto\u00e4idin kanssa<\/p>\n\n\n\n<p>Oman kansanryhm\u00e4ni, Meksikon alkuper\u00e4iskansoihin kuuluvien otomien kieless\u00e4 sama sana tarkoittaa sek\u00e4 ihoa ett\u00e4 Maan ulkokuorta. Maailmankatsomukseni mukaan ihminen on siis osa luontoa. Meill\u00e4 ja luonto\u00e4idill\u00e4 on yhteinen iho, ja yhdess\u00e4 muiden olentojen kanssa muodostamme luonnon. Nyky\u00e4\u00e4n ihmisen luontosuhde on niin vinksallaan, ett\u00e4 n\u00e4emme luonnon erillisen\u00e4 meist\u00e4. Luulemme, ett\u00e4 luonto tarkoittaa vain Yosemiten kansallispuistoa emmek\u00e4 ymm\u00e4rr\u00e4, ett\u00e4 siell\u00e4 luonnon monimuotoisuus on s\u00e4ilynyt, koska alkuper\u00e4iskansat ovat vaalineet sit\u00e4 ja el\u00e4neet vastavuoroisessa suhteessa luonnon kanssa. Olemme oppineet pit\u00e4m\u00e4\u00e4n koskematonta ja turmeltumatonta maisemaa kauniina. Ajattelemme, ett\u00e4 ihmisen kuuluu asua betoniviidakossa ja ett\u00e4 luonto voidaan rajata kansallispuistoihin ja luonnonsuojelualueille. On p\u00e4iv\u00e4nselv\u00e4\u00e4, ett\u00e4 jos emme l\u00f6yd\u00e4 uudestaan yhteytt\u00e4mme luontoon \u2013 meriin, metsiin, er\u00e4maihin, vuoriin, jokiin ja j\u00e4rviin \u2013 emme koskaan opi el\u00e4m\u00e4\u00e4n sopusoinnussa luonto\u00e4idin kanssa.<\/p>\n\n\n\n<p>Kerran is\u00e4ni kertoi minulle Japanin-matkastaan. H\u00e4n oli ajanut moottoritiet\u00e4, jonka kaistojen v\u00e4liin oli istutettu puita. Puut olivat siell\u00e4 yksin ja joutuivat p\u00e4iv\u00e4t pitk\u00e4t kuuntelemaan ja kest\u00e4m\u00e4\u00e4n tuhansien autojen melua. Is\u00e4 sanoi, ett\u00e4 puut n\u00e4yttiv\u00e4t surullisilta. Min\u00e4 mietin, milt\u00e4 minusta tuntuisi, jos joutuisin el\u00e4m\u00e4\u00e4n koko el\u00e4m\u00e4ni hirve\u00e4ss\u00e4 meteliss\u00e4 ilmansaasteiden keskell\u00e4. Siihenh\u00e4n me pakotamme luonnon. Vahingoitamme luontoa ja samalla itse\u00e4mme. Siit\u00e4 huolimatta toivoa on, sill\u00e4 haavoja voi hoitaa \u2013 niit\u00e4kin, joita on suhteessamme luonto\u00e4itiin.<\/p>\n\n\n\n<p>Meid\u00e4n on tiedostettava, ett\u00e4 luontoajatteluumme tarvitaan paradigman muutos. Meid\u00e4n on opittava antamaan tunnustusta ihmisille ja yhteis\u00f6ille, jotka ovat vuosituhansia suojelleet luontoa ja pit\u00e4neet siit\u00e4 huolta. Tarkoitan etup\u00e4\u00e4ss\u00e4 alkuper\u00e4iskansoja, jotka osaavat el\u00e4\u00e4 sopusoinnussa luonto\u00e4idin kanssa ja ovat my\u00f6s joutuneet kuolemaan sen puolesta. Sanotaan, ett\u00e4 koko maailman biodiversiteetist\u00e4 80 prosenttia on s\u00e4ilynyt alkuper\u00e4iskansojen ansiosta. Tavoitteenamme on tietenkin, ett\u00e4 100 prosenttia siit\u00e4 s\u00e4ilyy. Emme kuitenkaan pysty s\u00e4ilytt\u00e4m\u00e4\u00e4n sit\u00e4, ellemme ymm\u00e4rr\u00e4, ett\u00e4 meid\u00e4n kaikkien on tietoisesti muutettava asennettamme ymp\u00e4rist\u00f6\u00e4 kohtaan. Luonnon olemassaolon tarkoitus ei ole se, ett\u00e4 voisimme katsella kauniita maisemia, hy\u00f6ty\u00e4 luonnosta tai riist\u00e4\u00e4 sit\u00e4. Luonto on ihmisen peili. Jos haluamme olla terveit\u00e4, my\u00f6s ymp\u00e4rist\u00f6mme on oltava terve. Jos haluamme, ett\u00e4 lapsemme saavat kokea, milt\u00e4 tuntuu hypell\u00e4 liukkailla joenrantakivill\u00e4, emme voi saastuttaa jokea. Jos haluamme j\u00e4tt\u00e4\u00e4 perinn\u00f6n, josta voimme olla ylpeit\u00e4, meid\u00e4n t\u00e4ytyy pyrki\u00e4 takaisin alkukotiimme, olemuksemme ytimeen. Luonnolla on meille asiaa. Sen t\u00e4ytyy tulla kuulluksi. Olemme onnekkaita, kun voimme katsella aurinkoa puiden lehv\u00e4st\u00f6n l\u00e4pi, kokea vuoroveden voiman, n\u00e4hd\u00e4 iltaruskon ja hengitt\u00e4\u00e4 sateen raikastamaa ilmaa. Haluan, ett\u00e4 lapseni saavat kokea saman onnen. Haluan my\u00f6s, ett\u00e4 viel\u00e4 joskus luontoon p\u00e4\u00e4sy ei olekaan en\u00e4\u00e4 onnesta kiinni, vaan vastuu luonto\u00e4idist\u00e4 sis\u00e4istet\u00e4\u00e4n jo verenperint\u00f6n\u00e4.<\/p>\n\n\n\n<p>Xiye Bastida<\/p>\n\n\n\n<p>ilmastoaktivisti<\/p>","protected":false},"excerpt":{"rendered":"<p>Xiye Bastida \u2013 sopusoinnussa luonto\u00e4idin kanssa Oman kansanryhm\u00e4ni, Meksikon alkuper\u00e4iskansoihin kuuluvien otomien kieless\u00e4 sama sana tarkoittaa sek\u00e4 ihoa ett\u00e4 Maan ulkokuorta. Maailmankatsomukseni mukaan ihminen on siis osa luontoa. Meill\u00e4 ja luonto\u00e4idill\u00e4 on yhteinen iho, ja yhdess\u00e4 muiden olentojen kanssa muodostamme luonnon. Nyky\u00e4\u00e4n ihmisen luontosuhde on niin vinksallaan, ett\u00e4 n\u00e4emme luonnon erillisen\u00e4 meist\u00e4. Luulemme, ett\u00e4 luonto [&hellip;]<\/p>","protected":false},"author":1,"featured_media":0,"parent":0,"menu_order":0,"comment_status":"closed","ping_status":"closed","template":"","meta":{"inline_featured_image":false,"footnotes":""},"class_list":["post-6743","page","type-page","status-publish","hentry"],"acf":[],"_links":{"self":[{"href":"https:\/\/fotografiska.ee\/fi\/wp-json\/wp\/v2\/pages\/6743"}],"collection":[{"href":"https:\/\/fotografiska.ee\/fi\/wp-json\/wp\/v2\/pages"}],"about":[{"href":"https:\/\/fotografiska.ee\/fi\/wp-json\/wp\/v2\/types\/page"}],"author":[{"embeddable":true,"href":"https:\/\/fotografiska.ee\/fi\/wp-json\/wp\/v2\/users\/1"}],"replies":[{"embeddable":true,"href":"https:\/\/fotografiska.ee\/fi\/wp-json\/wp\/v2\/comments?post=6743"}],"version-history":[{"count":1,"href":"https:\/\/fotografiska.ee\/fi\/wp-json\/wp\/v2\/pages\/6743\/revisions"}],"predecessor-version":[{"id":6744,"href":"https:\/\/fotografiska.ee\/fi\/wp-json\/wp\/v2\/pages\/6743\/revisions\/6744"}],"wp:attachment":[{"href":"https:\/\/fotografiska.ee\/fi\/wp-json\/wp\/v2\/media?parent=6743"}],"curies":[{"name":"wp","href":"https:\/\/api.w.org\/{rel}","templated":true}]}}