{"id":6734,"date":"2024-05-29T12:51:53","date_gmt":"2024-05-29T09:51:53","guid":{"rendered":"https:\/\/fotografiska.ee\/?page_id=6734"},"modified":"2024-05-29T12:51:55","modified_gmt":"2024-05-29T09:51:55","slug":"luonnossa-sen-jonkin-jaljilla-fi","status":"publish","type":"page","link":"https:\/\/fotografiska.ee\/fi\/luonnossa-sen-jonkin-jaljilla-fi\/","title":{"rendered":"Luonnossa \u201dsen jonkin\u201d j\u00e4ljill\u00e4"},"content":{"rendered":"<p><strong>Luonnossa \u201dsen jonkin\u201d j\u00e4ljill\u00e4<\/strong><\/p>\n\n\n\n<p>Kirjailijanuraansa taustoittavassa esseess\u00e4\u00e4n Virginia Woolf toteaa, ett\u00e4 taiteilijan on kyett\u00e4v\u00e4 ottamaan maailma vastaan kaikessa j\u00e4rkytt\u00e4vyydess\u00e4\u00e4n. Woolf kirjoittaa: \u201dPumpuliin k\u00e4tkeytyy aina kuvio\u2026 koko maailma on taideteos...\" Taiteilijaa, tutkijaa ja pappia kiinnostaa, kuka tai mik\u00e4 saa aikaan nuo pumpuliin k\u00e4tkeytyv\u00e4t kuviot. Ket\u00e4 tai mit\u00e4 siis etsimme?<\/p>\n\n\n\n<p>Etsimme sit\u00e4 jotain rakastajiemme ja lastemme katseesta, puista puiden takana. My\u00f6s lumimiehen j\u00e4ljitt\u00e4j\u00e4t havittelevat sit\u00e4. Joillekuille se jokin kelpaisi vaikka kuolleena, mutta valtaosa etsij\u00f6ist\u00e4 on viisaampia. Eiv\u00e4t he sellaista halua, vaan jotakin muuta. Toiset haluavat vain kohdata sen. <em>Sen<\/em>. Mik\u00e4 siis on se jokin, jota kaipaamme ja jonka yrit\u00e4mme l\u00f6yt\u00e4\u00e4 luonnosta? Miksi juuri luonnosta? Miksi emme etsi sit\u00e4 kerrostalojen ter\u00e4spalkkien lomasta? Kyll\u00e4h\u00e4n ter\u00e4ksen, tiilen ja rappauksenkin molekyylit ovat luontoa. Niist\u00e4 emme kuitenkaan yleens\u00e4 etsi sit\u00e4. Sen sijaan hakeudumme metsiin, jokien \u00e4\u00e4relle, vuorille tai vaikkapa syrj\u00e4kujan p\u00e4\u00e4h\u00e4n puistikkoon. Haeskelemme paikkaa, jossa voimme saada yhteyden tuohon tuntemattomaan, joka puiden sisimm\u00e4ss\u00e4 piilee. Etsimme sit\u00e4 my\u00f6s taivaalta; aavikolta nousseista kumpupilvist\u00e4, joita vuorten huiput pitelev\u00e4t otteessaan niin kauan kuin voivat.<\/p>\n\n\n\n<p>Onko hinduismilla t\u00e4lle jollekin nimi? Tunteeko atsteekkien jumala Huitzilopochtli sen? Johdattaako Buddha tien sen luo? Kannatteliko juuri se Kristusta vetten p\u00e4\u00e4ll\u00e4? Se jokin on arvoitus, jolle ei ole vain yht\u00e4 nime\u00e4, vaan tuhansia. Se on samanaikaisesti kaikkialla ja ei miss\u00e4\u00e4n. Se viestii ikitammille ja vaahteran vesoille sienirihmaston kautta, se ajelehtii tummassa vedess\u00e4 kaislikkoon, joka kannattelee sudenkorentojen hehkuvanpunaisia munarypp\u00e4it\u00e4, se kulkeutuu oksille, joilla mustarastaat laulavat. Se muhii mullassa. Se leijailee voikukan siemeniss\u00e4 kohti tuntematonta. Se kuiskailee syystuulissa ja asustaa tikkojen hakkaamissa koloissa, jonne ne varastoivat tulevaisuudentoivonsa. Kuuntele tuulen huilua, joka soi noissa koloissa: luonto laulaa itselleen. Onko tuo laulu olemassa? Tietenkin on, ja yht\u00e4 lailla se on mielikuvituksemme luomaa musiikkia.<\/p>\n\n\n\n<p>Se jokin on olemassa, koska tahdomme. Tai ehk\u00e4 se jokin tahtoo, ett\u00e4 me olemme olemassa. Se jokin voi el\u00e4\u00e4 meiss\u00e4 tai ilman meit\u00e4. Meilt\u00e4 se ei kuitenkaan kaipaa lupaa eik\u00e4 hyv\u00e4ksynt\u00e4\u00e4 olemassaololleen. Ilman sit\u00e4 ei ole kauneutta eik\u00e4 rakkautta. Se saapuu siiveniskujen saattelemana. Se on valoa valon takana.<\/p>\n\n\n\n<p>Kirjailija Richard Louv<\/p>\n\n\n\n<p>Louv on k\u00e4sitellyt ihmisen ja muun luonnon v\u00e4list\u00e4 suhdetta mm. kirjoissaan<\/p>\n\n\n\n<p><em>Last Child in the Woods<\/em> ja <em>Our Wild Calling<\/em>.<\/p>","protected":false},"excerpt":{"rendered":"<p>Luonnossa \u201dsen jonkin\u201d j\u00e4ljill\u00e4 Kirjailijanuraansa taustoittavassa esseess\u00e4\u00e4n Virginia Woolf toteaa, ett\u00e4 taiteilijan on kyett\u00e4v\u00e4 ottamaan maailma vastaan kaikessa j\u00e4rkytt\u00e4vyydess\u00e4\u00e4n. Woolf kirjoittaa: \u201dPumpuliin k\u00e4tkeytyy aina kuvio\u2026 koko maailma on taideteos...\" Taiteilijaa, tutkijaa ja pappia kiinnostaa, kuka tai mik\u00e4 saa aikaan nuo pumpuliin k\u00e4tkeytyv\u00e4t kuviot. Ket\u00e4 tai mit\u00e4 siis etsimme? Etsimme sit\u00e4 jotain rakastajiemme ja lastemme katseesta, [&hellip;]<\/p>","protected":false},"author":1,"featured_media":0,"parent":0,"menu_order":0,"comment_status":"closed","ping_status":"closed","template":"","meta":{"inline_featured_image":false,"footnotes":""},"class_list":["post-6734","page","type-page","status-publish","hentry"],"acf":[],"_links":{"self":[{"href":"https:\/\/fotografiska.ee\/fi\/wp-json\/wp\/v2\/pages\/6734"}],"collection":[{"href":"https:\/\/fotografiska.ee\/fi\/wp-json\/wp\/v2\/pages"}],"about":[{"href":"https:\/\/fotografiska.ee\/fi\/wp-json\/wp\/v2\/types\/page"}],"author":[{"embeddable":true,"href":"https:\/\/fotografiska.ee\/fi\/wp-json\/wp\/v2\/users\/1"}],"replies":[{"embeddable":true,"href":"https:\/\/fotografiska.ee\/fi\/wp-json\/wp\/v2\/comments?post=6734"}],"version-history":[{"count":1,"href":"https:\/\/fotografiska.ee\/fi\/wp-json\/wp\/v2\/pages\/6734\/revisions"}],"predecessor-version":[{"id":6735,"href":"https:\/\/fotografiska.ee\/fi\/wp-json\/wp\/v2\/pages\/6734\/revisions\/6735"}],"wp:attachment":[{"href":"https:\/\/fotografiska.ee\/fi\/wp-json\/wp\/v2\/media?parent=6734"}],"curies":[{"name":"wp","href":"https:\/\/api.w.org\/{rel}","templated":true}]}}