{"id":6725,"date":"2024-05-29T12:47:34","date_gmt":"2024-05-29T09:47:34","guid":{"rendered":"https:\/\/fotografiska.ee\/?page_id=6725"},"modified":"2024-09-30T09:22:13","modified_gmt":"2024-09-30T06:22:13","slug":"henry-david-thoreau-fi","status":"publish","type":"page","link":"https:\/\/fotografiska.ee\/fi\/henry-david-thoreau-fi\/","title":{"rendered":"Henry David Thoreau"},"content":{"rendered":"<p>\u201d<em>El\u00e4k\u00e4\u00e4mme kulloistakin vuodenaikaa; hengitt\u00e4k\u00e4\u00e4mme sen ilmaa, juokaamme sen kastetta, maistelkaamme sen hedelmi\u00e4 ja antautukaamme maan vaikutuksille<\/em>.\u201d<\/p>\n\n\n\n<p>Henry David Thoreau<\/p>\n\n\n\n<p>Luonto on arvoitus. Yht\u00e4\u00e4lt\u00e4 voimakas ja ylivoimainen, toisaalta hauras ja katoava. Luonto voi olla koskematonta tai kesytetty\u00e4, mutta yht\u00e4 kaikki se on altis ihmisen vaikutukselle. Luonto on samanaikaisesti kaunis ja valoisa ja toisaalta villi, synkk\u00e4 ja uhkaava. Luonto on pyh\u00e4kk\u00f6 ja kaiken alku. Luonto on kehomme ja mielemme tyyssija. Se toimii vertauskuvana lis\u00e4\u00e4ntymiselle, seksuaalisuudelle, el\u00e4m\u00e4n synnylle ja omalle v\u00e4ist\u00e4m\u00e4tt\u00f6m\u00e4lle kuolemallemme. Olemme tiiviisti sidoksissa luontoon. Olemme osa sit\u00e4. Luonnosta olemme tulleet ja luonnon kanssa me t\u00e4ll\u00e4 planeetalla el\u00e4mme. Biofiliahypoteesin mukaan ihmisell\u00e4 on jopa synnynn\u00e4inen taipumus hakeutua yhteyteen luonnon kanssa. Monille ihmisille luonto on henkisen ja fyysisen hyvinvoinnin l\u00e4hde. Luonto n\u00e4hd\u00e4\u00e4n my\u00f6s jumalallisen kaltaisena hallitsemattomana voimana, joka antaa meille el\u00e4m\u00e4n ja my\u00f6s ottaa sen. Kaikki ymp\u00e4rill\u00e4mme ja syv\u00e4ll\u00e4 sisimm\u00e4ss\u00e4mme on luontoa.<\/p>\n\n\n\n<p>Valokuvaus on alusta alkaen ollut sek\u00e4 tieteelle ett\u00e4 taiteelle keino ymm\u00e4rt\u00e4\u00e4 luontoa ja sen arvoituksia.&nbsp; Varhaiset, 1800-luvun alkupuolen valokuvaajat, kuten Louis Daguerre, Joseph Ni\u00e9pce ja William Henry Fox Talbot, kokivat valokuvien olevan ik\u00e4\u00e4n kuin luonnon tekem\u00e4\u00e4 taidetta, luonnon taikuutta. Kuvat syntyiv\u00e4t ilman ihmisen kosketusta, valon maalaamina. He ajattelivat, ett\u00e4 ihminen ei ole keksinyt valokuvausta, vaan &nbsp;pikemminkin l\u00f6yt\u00e4nyt sen. Luonnon mysteerien huomaaminen, selvitt\u00e4minen ja ymm\u00e4rt\u00e4minen on aina kiinnostanut ihmist\u00e4. Taiteessa luonnolla on t\u00e4rke\u00e4 sija. Luonnolla on runsaasti vertauskuvallisia merkityksi\u00e4.&nbsp; Luonnon estetiikkaa, v\u00e4rej\u00e4 ja muotoja ihaillaan, ja se on ehtym\u00e4t\u00f6n inspiraation l\u00e4hde.<\/p>\n\n\n\n<p>T\u00e4ss\u00e4 n\u00e4yttelyss\u00e4 luontoa tarkastellaan sek\u00e4 valokuva- ett\u00e4 videotaiteen keinoin, ja samalla n\u00e4yttely valottaa luontoaiheen k\u00e4sittely\u00e4 nykytaiteessa ylip\u00e4\u00e4t\u00e4\u00e4n. N\u00e4yttelyss\u00e4 on mukana 17 taiteilijaa, joita yhdist\u00e4\u00e4 kiinnostus luontoon ja halu ilmaista itse\u00e4\u00e4n luonnon avulla. Luonnon kauneus, runsaus, hauraus ja moninaisuus n\u00e4ytt\u00e4ytyv\u00e4t heid\u00e4n teoksissaan. Taiteilijat ovat luoneet innostavan filosofisen kokonaisuuden, jossa pohdiskellaan el\u00e4m\u00e4n ja kuoleman sykli\u00e4 ja ajan muuttuvuutta. Valokuvissa, videoissa, veistoksissa ja installaatioissa n\u00e4hd\u00e4\u00e4n kukkia, puita, soluja, s\u00e4\u00e4ilmi\u00f6it\u00e4, luonnonvoimia, vett\u00e4, kasvua, lahoamista ja muutoksia. Eteemme avautuu luonnontilojen koko kirjo, jonka toisessa \u00e4\u00e4rip\u00e4\u00e4ss\u00e4 on paratiisimainen luonto \u2013 kuten David \u1ee4z\u1ecdchukwun meheviss\u00e4 omakuvissa \u2013 ja toisessa katastrofin uhka \u2013 kuten Djeneba Aduayomin runollisissa, v\u00e4ist\u00e4m\u00e4t\u00f6nt\u00e4 ilmastouhkaa k\u00e4sitteleviss\u00e4 teoksissa.<\/p>\n\n\n\n<p>Nykyisin\u00e4 ilmaston l\u00e4mpenemisen, ymp\u00e4rist\u00f6uhkien ja antroposeenin aikoina luonnosta on tullut monille entist\u00e4kin t\u00e4rke\u00e4mpi ja se on saanut uusia merkityksi\u00e4. Luonto p\u00e4rj\u00e4\u00e4 kyll\u00e4 hyvin ilman ihmist\u00e4kin, mutta p\u00e4rj\u00e4\u00e4k\u00f6 ihminen ilman luontoa?<\/p>\n\n\n\n<p>Kun ihmiset pandemian aikana joutuivat eroon toisistaan, moni sai voimaa luonnosta. T\u00e4m\u00e4 yhdist\u00e4\u00e4 taidetta ja luontoa: kumpikin voi lohduttaa, rauhoittaa ja innostaa, ja kumpikin voi panna meid\u00e4t pohtimaan olomassaolon, el\u00e4m\u00e4n ja kuoleman kysymyksi\u00e4. Kukassa-n\u00e4yttely on symbolis-filosofinen katsaus luonnon ihmeellisyyteen, villiin koskemattomaan luontoon sek\u00e4 toisaalta muokattuun, alistettuun ja hallittuun ymp\u00e4rist\u00f6\u00f6n. T\u00e4ss\u00e4 n\u00e4yttelyss\u00e4 hauras kohtaa jylh\u00e4n, kaunis vaarallisen ja tuttu tuntemattoman.<\/p>\n\n\n\n<p>N\u00e4yttelyn on kuratoinut Fotografiskan kansainv\u00e4listen n\u00e4yttelyiden p\u00e4\u00e4llikk\u00f6 Jessica Jarl.<\/p>","protected":false},"excerpt":{"rendered":"<p>\u201dEl\u00e4k\u00e4\u00e4mme kulloistakin vuodenaikaa; hengitt\u00e4k\u00e4\u00e4mme sen ilmaa, juokaamme sen kastetta, maistelkaamme sen hedelmi\u00e4 ja antautukaamme maan vaikutuksille.\u201d Henry David Thoreau Luonto on arvoitus. Yht\u00e4\u00e4lt\u00e4 voimakas ja ylivoimainen, toisaalta hauras ja katoava. Luonto voi olla koskematonta tai kesytetty\u00e4, mutta yht\u00e4 kaikki se on altis ihmisen vaikutukselle. Luonto on samanaikaisesti kaunis ja valoisa ja toisaalta villi, synkk\u00e4 ja [&hellip;]<\/p>","protected":false},"author":1,"featured_media":0,"parent":0,"menu_order":0,"comment_status":"closed","ping_status":"closed","template":"","meta":{"inline_featured_image":false,"footnotes":""},"class_list":["post-6725","page","type-page","status-publish","hentry"],"acf":[],"_links":{"self":[{"href":"https:\/\/fotografiska.ee\/fi\/wp-json\/wp\/v2\/pages\/6725"}],"collection":[{"href":"https:\/\/fotografiska.ee\/fi\/wp-json\/wp\/v2\/pages"}],"about":[{"href":"https:\/\/fotografiska.ee\/fi\/wp-json\/wp\/v2\/types\/page"}],"author":[{"embeddable":true,"href":"https:\/\/fotografiska.ee\/fi\/wp-json\/wp\/v2\/users\/1"}],"replies":[{"embeddable":true,"href":"https:\/\/fotografiska.ee\/fi\/wp-json\/wp\/v2\/comments?post=6725"}],"version-history":[{"count":2,"href":"https:\/\/fotografiska.ee\/fi\/wp-json\/wp\/v2\/pages\/6725\/revisions"}],"predecessor-version":[{"id":7132,"href":"https:\/\/fotografiska.ee\/fi\/wp-json\/wp\/v2\/pages\/6725\/revisions\/7132"}],"wp:attachment":[{"href":"https:\/\/fotografiska.ee\/fi\/wp-json\/wp\/v2\/media?parent=6725"}],"curies":[{"name":"wp","href":"https:\/\/api.w.org\/{rel}","templated":true}]}}