{"id":6711,"date":"2024-05-29T12:37:47","date_gmt":"2024-05-29T09:37:47","guid":{"rendered":"https:\/\/fotografiska.ee\/?page_id=6711"},"modified":"2024-05-29T12:38:09","modified_gmt":"2024-05-29T09:38:09","slug":"brendan-pattengale-fi","status":"publish","type":"page","link":"https:\/\/fotografiska.ee\/fi\/brendan-pattengale-fi\/","title":{"rendered":"Brendan Pattengale"},"content":{"rendered":"<p><strong>Brendan Pattengale<\/strong><\/p>\n\n\n\n<p>Losangelelaisl\u00e4ht\u00f6isell\u00e4 valokuvataiteilijalla Brendan Pattengalella (s. 1984) on taidemaalarin v\u00e4ri- ja kompositiotaju. Pattengale matkustelee paljon haeskellen unenomaiseen estetiikkaansa sopivia erikoisia maisemia. Perspektiivin ja v\u00e4rimaailman ansiosta Pattengalen teokset vaikuttavat pikemminkin piirroksilta tai vesiv\u00e4rimaalauksilta kuin valokuvilta. Kuvat saavat katsojan pohtimaan valokuvan valmistuksen mekanismeja. Siten ne viittaavat my\u00f6s valokuvauksen historiaan, vaikka ovatkin t\u00e4ysin moderneja.<\/p>\n\n\n\n<p>Rakkauden v\u00e4ri -sarjan kuvat pursuavat ihmetyst\u00e4, loistoa, vaaran tuntua, monivivahteisuutta, kauneutta ja \u00e4\u00e4rimm\u00e4isen pieni\u00e4 yksityiskohtia.<\/p>\n\n\n\n<p><em>Tutkin teoksissani todellisen ja abstraktin v\u00e4list\u00e4 rajapintaa ilman, ett\u00e4 antaisin valokuvauksen perinteiden rajoittaa ilmaisuani. Olen etsinyt ep\u00e4todellisen tuntuisia paikkoja ja pohtinut todellisen ja abstraktin rajaa noiden ihmeellisten luonnonmaisemien innoittamana. Konkreettinen ja emotionaalinen ulottuvuus ovat l\u00e4sn\u00e4 t\u00f6iss\u00e4ni. N\u00e4iden ulottuvuuksien eri vivahteet ilmenev\u00e4t vain luonnossa, ja vain siell\u00e4 ne voi kokea. Taivaan yhtyess\u00e4 maahan tai veden syleilless\u00e4 rantaa\u2026 V\u00e4rikyll\u00e4isyydess\u00e4 toteutuu kaikki mahdollinen.<\/em><\/p>\n\n\n\n<p><em>Haluan n\u00e4ytt\u00e4\u00e4 katsojalle konkreettisia maisemia ja samalla tarjota tunnekokemuksia. Toivon, ett\u00e4 katsoja uskaltautuu katsomaan jotain sellaista, mit\u00e4 ei ole aiemmin n\u00e4hnyt. Konkreettisen ymp\u00e4rist\u00f6n kautta voi avautua intiimi, henkil\u00f6kohtainen kokemus.&nbsp;&nbsp;<\/em><\/p>\n\n\n\n<p>1. Kun unohdat itsesi, Kalifornia, 2021<\/p>\n\n\n\n<p>2. Tule l\u00e4hemm\u00e4s, Islanti, sarjasta Rakkauden v\u00e4ri, 2016<\/p>\n\n\n\n<p>3. \u00c4\u00e4ret\u00f6n, Islanti, sarjasta Rakkauden v\u00e4ri, 2016<\/p>\n\n\n\n<p>4. Auringon jumalatar, Islanti, sarjasta Rakkauden v\u00e4ri, 2016<\/p>\n\n\n\n<p>5. L\u00e4pimurto, Arizona, sarjasta Rakkauden v\u00e4ri, 2016 (tapetti)<\/p>","protected":false},"excerpt":{"rendered":"<p>Brendan Pattengale Losangelelaisl\u00e4ht\u00f6isell\u00e4 valokuvataiteilijalla Brendan Pattengalella (s. 1984) on taidemaalarin v\u00e4ri- ja kompositiotaju. Pattengale matkustelee paljon haeskellen unenomaiseen estetiikkaansa sopivia erikoisia maisemia. Perspektiivin ja v\u00e4rimaailman ansiosta Pattengalen teokset vaikuttavat pikemminkin piirroksilta tai vesiv\u00e4rimaalauksilta kuin valokuvilta. Kuvat saavat katsojan pohtimaan valokuvan valmistuksen mekanismeja. Siten ne viittaavat my\u00f6s valokuvauksen historiaan, vaikka ovatkin t\u00e4ysin moderneja. Rakkauden v\u00e4ri -sarjan [&hellip;]<\/p>","protected":false},"author":1,"featured_media":0,"parent":0,"menu_order":0,"comment_status":"closed","ping_status":"closed","template":"","meta":{"inline_featured_image":false,"footnotes":""},"class_list":["post-6711","page","type-page","status-publish","hentry"],"acf":[],"_links":{"self":[{"href":"https:\/\/fotografiska.ee\/fi\/wp-json\/wp\/v2\/pages\/6711"}],"collection":[{"href":"https:\/\/fotografiska.ee\/fi\/wp-json\/wp\/v2\/pages"}],"about":[{"href":"https:\/\/fotografiska.ee\/fi\/wp-json\/wp\/v2\/types\/page"}],"author":[{"embeddable":true,"href":"https:\/\/fotografiska.ee\/fi\/wp-json\/wp\/v2\/users\/1"}],"replies":[{"embeddable":true,"href":"https:\/\/fotografiska.ee\/fi\/wp-json\/wp\/v2\/comments?post=6711"}],"version-history":[{"count":1,"href":"https:\/\/fotografiska.ee\/fi\/wp-json\/wp\/v2\/pages\/6711\/revisions"}],"predecessor-version":[{"id":6712,"href":"https:\/\/fotografiska.ee\/fi\/wp-json\/wp\/v2\/pages\/6711\/revisions\/6712"}],"wp:attachment":[{"href":"https:\/\/fotografiska.ee\/fi\/wp-json\/wp\/v2\/media?parent=6711"}],"curies":[{"name":"wp","href":"https:\/\/api.w.org\/{rel}","templated":true}]}}