{"id":974,"date":"2020-12-03T13:42:30","date_gmt":"2020-12-03T11:42:30","guid":{"rendered":"http:\/\/fotografiska.ee\/epood\/product\/import-placeholder-for-90305\/"},"modified":"2024-12-09T13:32:03","modified_gmt":"2024-12-09T11:32:03","slug":"fotografiska-lohnakuunal","status":"publish","type":"product","link":"https:\/\/fotografiska.ee\/epood\/product\/fotografiska-lohnakuunal\/","title":{"rendered":"Fotografiska l\u00f5hnak\u00fc\u00fcnal"},"content":{"rendered":"<p>Puidu-, pat\u0161uli- ja vaniljenootidega l\u00f5hnak\u00fc\u00fcnal. Valmistatud taimsest vahast ja looduslikest l\u00f5hnaainetest.<\/p>\n<p>P\u00f5lemisaeg 60 h.<\/p>\n","protected":false},"excerpt":{"rendered":"<p>Puidu-, pat\u0161uli- ja vaniljenootidega l\u00f5hnak\u00fc\u00fcnal. Valmistatud taimsest vahast ja looduslikest l\u00f5hnaainetest. P\u00f5lemisaeg 60 h.<\/p>\n","protected":false},"featured_media":208,"template":"","meta":{"_acf_changed":false,"inline_featured_image":false},"product_brand":[],"product_cat":[376,378,398,309,17],"product_tag":[],"class_list":{"0":"post-974","1":"product","2":"type-product","3":"status-publish","4":"has-post-thumbnail","6":"product_cat-fotografiska-kollektsioon","7":"product_cat-kingid","8":"product_cat-kureeritud-kingiideed","9":"product_cat-fotografiska-sinu-kodus","10":"product_cat-elustiil","12":"first","13":"instock","14":"taxable","15":"shipping-taxable","16":"purchasable","17":"product-type-simple"},"acf":[],"_links":{"self":[{"href":"https:\/\/fotografiska.ee\/epood\/wp-json\/wp\/v2\/product\/974","targetHints":{"allow":["GET"]}}],"collection":[{"href":"https:\/\/fotografiska.ee\/epood\/wp-json\/wp\/v2\/product"}],"about":[{"href":"https:\/\/fotografiska.ee\/epood\/wp-json\/wp\/v2\/types\/product"}],"wp:featuredmedia":[{"embeddable":true,"href":"https:\/\/fotografiska.ee\/epood\/wp-json\/wp\/v2\/media\/208"}],"wp:attachment":[{"href":"https:\/\/fotografiska.ee\/epood\/wp-json\/wp\/v2\/media?parent=974"}],"wp:term":[{"taxonomy":"product_brand","embeddable":true,"href":"https:\/\/fotografiska.ee\/epood\/wp-json\/wp\/v2\/product_brand?post=974"},{"taxonomy":"product_cat","embeddable":true,"href":"https:\/\/fotografiska.ee\/epood\/wp-json\/wp\/v2\/product_cat?post=974"},{"taxonomy":"product_tag","embeddable":true,"href":"https:\/\/fotografiska.ee\/epood\/wp-json\/wp\/v2\/product_tag?post=974"}],"curies":[{"name":"wp","href":"https:\/\/api.w.org\/{rel}","templated":true}]}}