{"id":51,"date":"2020-12-03T07:59:39","date_gmt":"2020-12-03T05:59:39","guid":{"rendered":"http:\/\/fotografiska.ee\/epood\/product\/import-placeholder-for-84531\/"},"modified":"2023-02-20T12:04:49","modified_gmt":"2023-02-20T10:04:49","slug":"fotografiska-the-eye-kovakaaneline-2","status":"publish","type":"product","link":"https:\/\/fotografiska.ee\/epood\/product\/fotografiska-the-eye-kovakaaneline-2\/","title":{"rendered":"Fotografiska The Eye"},"content":{"rendered":"<p>Provokatiivne, stiilne ja revolutsiooniline raamat, millega t\u00e4histatakse Fotografiska esimest kaheksat aastat. Siin on 256 pilti 83 maailma parimalt fotograafilt. Esitades meistreid, kuid sama t\u00e4helepanuv\u00e4\u00e4rselt ka uusi noori talente, toob The Eye vaatajateni fotokunsti paremiku dokumentaalsest ja abstraktsest, aga ka maastiku, portreede, moe ja eluslooduse teostest. Raamat pakub elamusterohkeid hetki Fotografiska n\u00e4ituste ajaloost, tutvustades samal ajal suuri erinevusi fotopraktikas.<\/p>\n<p>K\u00f5vakaaneline raamat sisaldab 256 lehek\u00fclge.<\/p>\n","protected":false},"excerpt":{"rendered":"<p>Provokatiivne, stiilne ja revolutsiooniline raamat, millega t\u00e4histatakse Fotografiska esimest kaheksat aastat. Siin on 256 pilti 83 maailma parimalt fotograafilt. Esitades meistreid, kuid sama t\u00e4helepanuv\u00e4\u00e4rselt ka uusi noori talente, toob The Eye vaatajateni fotokunsti paremiku dokumentaalsest ja abstraktsest, aga ka maastiku, portreede, moe ja eluslooduse teostest. Raamat pakub elamusterohkeid hetki Fotografiska n\u00e4ituste ajaloost, tutvustades samal ajal [&hellip;]<\/p>\n","protected":false},"featured_media":93,"template":"","meta":{"_acf_changed":false,"inline_featured_image":false},"product_brand":[],"product_cat":[20,337],"product_tag":[],"class_list":{"0":"post-51","1":"product","2":"type-product","3":"status-publish","4":"has-post-thumbnail","6":"product_cat-raamatud","7":"product_cat-maailma-tippfotograafia","9":"first","10":"instock","11":"taxable","12":"shipping-taxable","13":"purchasable","14":"product-type-simple"},"acf":[],"_links":{"self":[{"href":"https:\/\/fotografiska.ee\/epood\/wp-json\/wp\/v2\/product\/51","targetHints":{"allow":["GET"]}}],"collection":[{"href":"https:\/\/fotografiska.ee\/epood\/wp-json\/wp\/v2\/product"}],"about":[{"href":"https:\/\/fotografiska.ee\/epood\/wp-json\/wp\/v2\/types\/product"}],"wp:featuredmedia":[{"embeddable":true,"href":"https:\/\/fotografiska.ee\/epood\/wp-json\/wp\/v2\/media\/93"}],"wp:attachment":[{"href":"https:\/\/fotografiska.ee\/epood\/wp-json\/wp\/v2\/media?parent=51"}],"wp:term":[{"taxonomy":"product_brand","embeddable":true,"href":"https:\/\/fotografiska.ee\/epood\/wp-json\/wp\/v2\/product_brand?post=51"},{"taxonomy":"product_cat","embeddable":true,"href":"https:\/\/fotografiska.ee\/epood\/wp-json\/wp\/v2\/product_cat?post=51"},{"taxonomy":"product_tag","embeddable":true,"href":"https:\/\/fotografiska.ee\/epood\/wp-json\/wp\/v2\/product_tag?post=51"}],"curies":[{"name":"wp","href":"https:\/\/api.w.org\/{rel}","templated":true}]}}