{"id":3634,"date":"2021-12-18T13:48:34","date_gmt":"2021-12-18T11:48:34","guid":{"rendered":"https:\/\/www.fotografiska.ee\/epood\/?post_type=product&#038;p=3634"},"modified":"2024-12-09T13:31:48","modified_gmt":"2024-12-09T11:31:48","slug":"katuseaia-mesilaste-mesi-kopeeri","status":"publish","type":"product","link":"https:\/\/fotografiska.ee\/epood\/product\/katuseaia-mesilaste-mesi-kopeeri\/","title":{"rendered":"Katuseaia mesilaste mesi 500g"},"content":{"rendered":"<p>Fotografiska katuseaia mesilaste mesi, kogutud Tallinna parkidest ja rohev\u00e4ljadelt.<\/p>\n<p>Hoia mett jahedamas ja kuivas kohas, kaitstuna otsese p\u00e4ikese valguse eest.<\/p>\n<p><strong>Koostisosad (allergeenid*):\u00a0<\/strong>Mesi.<\/p>\n<p><strong>Toitev\u00e4\u00e4rtus 100g toote kohta:<\/strong><\/p>\n<p>Energiasisaldus (kcal): 325<br \/>\nRasvad (g): 0<br \/>\nsh k\u00fcllastunud rasvhapped (g): 0<br \/>\nS\u00fcsivesikud (g): 80,8<br \/>\nsh suhkrud (g): 80,8<br \/>\nValgud (g): 0,5<br \/>\nSool (g): 0<\/p>\n","protected":false},"excerpt":{"rendered":"<p>Fotografiska katuseaia mesilaste mesi, kogutud Tallinna parkidest ja rohev\u00e4ljadelt. Hoia mett jahedamas ja kuivas kohas, kaitstuna otsese p\u00e4ikese valguse eest. Koostisosad (allergeenid*):\u00a0Mesi. Toitev\u00e4\u00e4rtus 100g toote kohta: Energiasisaldus (kcal): 325 Rasvad (g): 0 sh k\u00fcllastunud rasvhapped (g): 0 S\u00fcsivesikud (g): 80,8 sh suhkrud (g): 80,8 Valgud (g): 0,5 Sool (g): 0<\/p>\n","protected":false},"featured_media":2376,"template":"","meta":{"_acf_changed":false,"inline_featured_image":false},"product_brand":[],"product_cat":[378,398,59],"product_tag":[],"class_list":{"0":"post-3634","1":"product","2":"type-product","3":"status-publish","4":"has-post-thumbnail","6":"product_cat-kingid","7":"product_cat-kureeritud-kingiideed","8":"product_cat-fotografiska-maitsed","10":"first","11":"instock","12":"taxable","13":"shipping-taxable","14":"purchasable","15":"product-type-simple"},"acf":[],"_links":{"self":[{"href":"https:\/\/fotografiska.ee\/epood\/wp-json\/wp\/v2\/product\/3634","targetHints":{"allow":["GET"]}}],"collection":[{"href":"https:\/\/fotografiska.ee\/epood\/wp-json\/wp\/v2\/product"}],"about":[{"href":"https:\/\/fotografiska.ee\/epood\/wp-json\/wp\/v2\/types\/product"}],"wp:featuredmedia":[{"embeddable":true,"href":"https:\/\/fotografiska.ee\/epood\/wp-json\/wp\/v2\/media\/2376"}],"wp:attachment":[{"href":"https:\/\/fotografiska.ee\/epood\/wp-json\/wp\/v2\/media?parent=3634"}],"wp:term":[{"taxonomy":"product_brand","embeddable":true,"href":"https:\/\/fotografiska.ee\/epood\/wp-json\/wp\/v2\/product_brand?post=3634"},{"taxonomy":"product_cat","embeddable":true,"href":"https:\/\/fotografiska.ee\/epood\/wp-json\/wp\/v2\/product_cat?post=3634"},{"taxonomy":"product_tag","embeddable":true,"href":"https:\/\/fotografiska.ee\/epood\/wp-json\/wp\/v2\/product_tag?post=3634"}],"curies":[{"name":"wp","href":"https:\/\/api.w.org\/{rel}","templated":true}]}}