{"id":3629,"date":"2021-12-21T20:47:03","date_gmt":"2021-12-21T18:47:03","guid":{"rendered":"https:\/\/www.fotografiska.ee\/epood\/?post_type=product&#038;p=3629"},"modified":"2023-02-10T14:33:06","modified_gmt":"2023-02-10T12:33:06","slug":"invisible-sun-bobby-sager","status":"publish","type":"product","link":"https:\/\/fotografiska.ee\/epood\/product\/invisible-sun-bobby-sager\/","title":{"rendered":"Invisible sun - Bobby Sager"},"content":{"rendered":"<p>Raamatu uusv\u00e4ljaanne koosneb must-valgetest ja v\u00e4rvilistest fotoportreedest ning on lastest, kes elavad s\u00f5jast laastatud riikides. L\u00e4bi nende silmade annab fotograaf Bobby Sager edasi inimvaimu j\u00f5udu raskustest \u00fcle saada.<\/p>\n","protected":false},"excerpt":{"rendered":"<p>Raamatu uusv\u00e4ljaanne koosneb must-valgetest ja v\u00e4rvilistest fotoportreedest ning on lastest, kes elavad s\u00f5jast laastatud riikides. L\u00e4bi nende silmade annab fotograaf Bobby Sager edasi inimvaimu j\u00f5udu raskustest \u00fcle saada.<\/p>\n","protected":false},"featured_media":3689,"template":"","meta":{"_acf_changed":false,"inline_featured_image":false},"product_brand":[],"product_cat":[20,337],"product_tag":[],"class_list":{"0":"post-3629","1":"product","2":"type-product","3":"status-publish","4":"has-post-thumbnail","6":"product_cat-raamatud","7":"product_cat-maailma-tippfotograafia","9":"first","10":"instock","11":"taxable","12":"shipping-taxable","13":"purchasable","14":"product-type-simple"},"acf":[],"_links":{"self":[{"href":"https:\/\/fotografiska.ee\/epood\/wp-json\/wp\/v2\/product\/3629","targetHints":{"allow":["GET"]}}],"collection":[{"href":"https:\/\/fotografiska.ee\/epood\/wp-json\/wp\/v2\/product"}],"about":[{"href":"https:\/\/fotografiska.ee\/epood\/wp-json\/wp\/v2\/types\/product"}],"wp:featuredmedia":[{"embeddable":true,"href":"https:\/\/fotografiska.ee\/epood\/wp-json\/wp\/v2\/media\/3689"}],"wp:attachment":[{"href":"https:\/\/fotografiska.ee\/epood\/wp-json\/wp\/v2\/media?parent=3629"}],"wp:term":[{"taxonomy":"product_brand","embeddable":true,"href":"https:\/\/fotografiska.ee\/epood\/wp-json\/wp\/v2\/product_brand?post=3629"},{"taxonomy":"product_cat","embeddable":true,"href":"https:\/\/fotografiska.ee\/epood\/wp-json\/wp\/v2\/product_cat?post=3629"},{"taxonomy":"product_tag","embeddable":true,"href":"https:\/\/fotografiska.ee\/epood\/wp-json\/wp\/v2\/product_tag?post=3629"}],"curies":[{"name":"wp","href":"https:\/\/api.w.org\/{rel}","templated":true}]}}