{"id":3626,"date":"2021-12-21T21:30:33","date_gmt":"2021-12-21T19:30:33","guid":{"rendered":"https:\/\/www.fotografiska.ee\/epood\/?post_type=product&#038;p=3626"},"modified":"2023-02-10T14:32:39","modified_gmt":"2023-02-10T12:32:39","slug":"the-day-may-break-nick-brant","status":"publish","type":"product","link":"https:\/\/fotografiska.ee\/epood\/product\/the-day-may-break-nick-brant\/","title":{"rendered":"The day may break - Nick Brandt"},"content":{"rendered":"<p>Raamat \"Day May Break\" on esimene osa \u00fclemaailmsest sarjast, mis pildistati 2020. aasta l\u00f5pus Zimbabwes ja Keenias. Raamat portreteerib inimesi ja loomi, keda on m\u00f5jutanud keskkonna halvenemine ja h\u00e4ving. Raamatus eksponeeritud fotod kajastavad kliimamuutuste m\u00f5ju inimestele ja loomadele.<br \/>\nUdu on pilte \u00fchendav visuaal, sest me leiame end \u00fcha sagedamini h\u00e4\u00e4buva maailma h\u00e4maruses.<\/p>\n<p>&nbsp;<\/p>\n<p>168 leheline k\u00f5vakaanega raamat.<\/p>\n","protected":false},"excerpt":{"rendered":"<p>Raamat \"Day May Break\" on esimene osa \u00fclemaailmsest sarjast, mis pildistati 2020. aasta l\u00f5pus Zimbabwes ja Keenias. Raamat portreteerib inimesi ja loomi, keda on m\u00f5jutanud keskkonna halvenemine ja h\u00e4ving. Raamatus eksponeeritud fotod kajastavad kliimamuutuste m\u00f5ju inimestele ja loomadele. Udu on pilte \u00fchendav visuaal, sest me leiame end \u00fcha sagedamini h\u00e4\u00e4buva maailma h\u00e4maruses. &nbsp; 168 leheline [&hellip;]<\/p>\n","protected":false},"featured_media":3669,"template":"","meta":{"_acf_changed":false,"inline_featured_image":false},"product_brand":[],"product_cat":[20,339],"product_tag":[],"class_list":{"0":"post-3626","1":"product","2":"type-product","3":"status-publish","4":"has-post-thumbnail","6":"product_cat-raamatud","7":"product_cat-moodunud-naitused","9":"first","10":"instock","11":"taxable","12":"shipping-taxable","13":"purchasable","14":"product-type-simple"},"acf":[],"_links":{"self":[{"href":"https:\/\/fotografiska.ee\/epood\/wp-json\/wp\/v2\/product\/3626","targetHints":{"allow":["GET"]}}],"collection":[{"href":"https:\/\/fotografiska.ee\/epood\/wp-json\/wp\/v2\/product"}],"about":[{"href":"https:\/\/fotografiska.ee\/epood\/wp-json\/wp\/v2\/types\/product"}],"wp:featuredmedia":[{"embeddable":true,"href":"https:\/\/fotografiska.ee\/epood\/wp-json\/wp\/v2\/media\/3669"}],"wp:attachment":[{"href":"https:\/\/fotografiska.ee\/epood\/wp-json\/wp\/v2\/media?parent=3626"}],"wp:term":[{"taxonomy":"product_brand","embeddable":true,"href":"https:\/\/fotografiska.ee\/epood\/wp-json\/wp\/v2\/product_brand?post=3626"},{"taxonomy":"product_cat","embeddable":true,"href":"https:\/\/fotografiska.ee\/epood\/wp-json\/wp\/v2\/product_cat?post=3626"},{"taxonomy":"product_tag","embeddable":true,"href":"https:\/\/fotografiska.ee\/epood\/wp-json\/wp\/v2\/product_tag?post=3626"}],"curies":[{"name":"wp","href":"https:\/\/api.w.org\/{rel}","templated":true}]}}