{"id":3625,"date":"2021-12-21T21:03:58","date_gmt":"2021-12-21T19:03:58","guid":{"rendered":"https:\/\/www.fotografiska.ee\/epood\/?post_type=product&#038;p=3625"},"modified":"2023-02-10T14:32:52","modified_gmt":"2023-02-10T12:32:52","slug":"inherit-the-dust-nick-brant","status":"publish","type":"product","link":"https:\/\/fotografiska.ee\/epood\/product\/inherit-the-dust-nick-brant\/","title":{"rendered":"Inherit the dust - Nick Brandt"},"content":{"rendered":"<p>Raamat \"Inherit the Dust\" koosneb Briti fotograafi Nick Branti fotodest, mis ta on tehtud Aafrika ei paigus, kus inimtegevuse m\u00f5ju on olnud keskkonnale v\u00e4ga laastav.<\/p>\n<p>Brandt paigutas elusuuruses loomaportreesid tehaste, ehitusobjektide ja karj\u00e4\u00e4ride keskkonda. Tegemist on elusuuruses mustvalgete fotodega, mis on tr\u00fckitud v\u00e4ikese kinoekraani suuruseks.<\/p>\n<p>Seinasuurused pildid on kaunid, vapustavad ning emotsionaalselt haaravad.<\/p>\n","protected":false},"excerpt":{"rendered":"<p>Raamat \"Inherit the Dust\" koosneb Briti fotograafi Nick Branti fotodest, mis ta on tehtud Aafrika ei paigus, kus inimtegevuse m\u00f5ju on olnud keskkonnale v\u00e4ga laastav. Brandt paigutas elusuuruses loomaportreesid tehaste, ehitusobjektide ja karj\u00e4\u00e4ride keskkonda. Tegemist on elusuuruses mustvalgete fotodega, mis on tr\u00fckitud v\u00e4ikese kinoekraani suuruseks. Seinasuurused pildid on kaunid, vapustavad ning emotsionaalselt haaravad.<\/p>\n","protected":false},"featured_media":3667,"template":"","meta":{"_acf_changed":false,"inline_featured_image":false},"product_brand":[],"product_cat":[20,339],"product_tag":[],"class_list":{"0":"post-3625","1":"product","2":"type-product","3":"status-publish","4":"has-post-thumbnail","6":"product_cat-raamatud","7":"product_cat-moodunud-naitused","9":"first","10":"instock","11":"taxable","12":"shipping-taxable","13":"purchasable","14":"product-type-simple"},"acf":[],"_links":{"self":[{"href":"https:\/\/fotografiska.ee\/epood\/wp-json\/wp\/v2\/product\/3625","targetHints":{"allow":["GET"]}}],"collection":[{"href":"https:\/\/fotografiska.ee\/epood\/wp-json\/wp\/v2\/product"}],"about":[{"href":"https:\/\/fotografiska.ee\/epood\/wp-json\/wp\/v2\/types\/product"}],"wp:featuredmedia":[{"embeddable":true,"href":"https:\/\/fotografiska.ee\/epood\/wp-json\/wp\/v2\/media\/3667"}],"wp:attachment":[{"href":"https:\/\/fotografiska.ee\/epood\/wp-json\/wp\/v2\/media?parent=3625"}],"wp:term":[{"taxonomy":"product_brand","embeddable":true,"href":"https:\/\/fotografiska.ee\/epood\/wp-json\/wp\/v2\/product_brand?post=3625"},{"taxonomy":"product_cat","embeddable":true,"href":"https:\/\/fotografiska.ee\/epood\/wp-json\/wp\/v2\/product_cat?post=3625"},{"taxonomy":"product_tag","embeddable":true,"href":"https:\/\/fotografiska.ee\/epood\/wp-json\/wp\/v2\/product_tag?post=3625"}],"curies":[{"name":"wp","href":"https:\/\/api.w.org\/{rel}","templated":true}]}}