{"id":30191,"date":"2025-12-11T12:38:39","date_gmt":"2025-12-11T09:38:39","guid":{"rendered":"https:\/\/www.fotografiska.ee\/epood\/?post_type=product&#038;p=30191"},"modified":"2025-12-12T13:20:25","modified_gmt":"2025-12-12T10:20:25","slug":"kinkekaart-member","status":"publish","type":"product","link":"https:\/\/fotografiska.ee\/epood\/product\/kinkekaart-member\/","title":{"rendered":"KINKEKAART : Member"},"content":{"rendered":"<p>Virtuaalne aastase kehtivuajaga kinkekaart MEMBER liikmelisusele.<\/p>\n<p>&nbsp;<\/p>\n<p>Kunst, maitsed, elamused \u2013 terve aasta, t\u00e4iesti sinu p\u00e4ralt. <a href=\"https:\/\/tallinn.fotografiska.com\/et\/sobrakaart\"><em>\u00dclevaade h\u00fcvedest.<\/em><\/a><\/p>\n<p>&nbsp;<\/p>\n<p>Ostad liikmelisust endale? Selleks k\u00fclasta\u00a0<a class=\"c-link\" href=\"https:\/\/tallinn.fotografiska.com\/et\/sign-up\" target=\"_blank\" rel=\"noopener noreferrer\" data-stringify-link=\"https:\/\/tallinn.fotografiska.com\/et\/sign-up\" data-sk=\"tooltip_parent\">Membership veebikeskkonda<\/a>.<\/p>\n","protected":false},"excerpt":{"rendered":"<p>Virtuaalne aastase kehtivuajaga kinkekaart MEMBER liikmelisusele. &nbsp; Kunst, maitsed, elamused \u2013 terve aasta, t\u00e4iesti sinu p\u00e4ralt. \u00dclevaade h\u00fcvedest. &nbsp; Ostad liikmelisust endale? Selleks k\u00fclasta\u00a0Membership veebikeskkonda.<\/p>\n","protected":false},"featured_media":30201,"template":"","meta":{"_acf_changed":false,"inline_featured_image":false},"product_brand":[],"product_cat":[398,215],"product_tag":[],"class_list":{"0":"post-30191","1":"product","2":"type-product","3":"status-publish","4":"has-post-thumbnail","6":"product_cat-kureeritud-kingiideed","7":"product_cat-sobrakaardid","9":"first","10":"instock","11":"virtual","12":"taxable","13":"purchasable","14":"product-type-simple"},"acf":[],"_links":{"self":[{"href":"https:\/\/fotografiska.ee\/epood\/wp-json\/wp\/v2\/product\/30191","targetHints":{"allow":["GET"]}}],"collection":[{"href":"https:\/\/fotografiska.ee\/epood\/wp-json\/wp\/v2\/product"}],"about":[{"href":"https:\/\/fotografiska.ee\/epood\/wp-json\/wp\/v2\/types\/product"}],"wp:featuredmedia":[{"embeddable":true,"href":"https:\/\/fotografiska.ee\/epood\/wp-json\/wp\/v2\/media\/30201"}],"wp:attachment":[{"href":"https:\/\/fotografiska.ee\/epood\/wp-json\/wp\/v2\/media?parent=30191"}],"wp:term":[{"taxonomy":"product_brand","embeddable":true,"href":"https:\/\/fotografiska.ee\/epood\/wp-json\/wp\/v2\/product_brand?post=30191"},{"taxonomy":"product_cat","embeddable":true,"href":"https:\/\/fotografiska.ee\/epood\/wp-json\/wp\/v2\/product_cat?post=30191"},{"taxonomy":"product_tag","embeddable":true,"href":"https:\/\/fotografiska.ee\/epood\/wp-json\/wp\/v2\/product_tag?post=30191"}],"curies":[{"name":"wp","href":"https:\/\/api.w.org\/{rel}","templated":true}]}}