{"id":30190,"date":"2025-12-11T12:35:29","date_gmt":"2025-12-11T09:35:29","guid":{"rendered":"https:\/\/www.fotografiska.ee\/epood\/?post_type=product&#038;p=30190"},"modified":"2026-02-10T10:31:56","modified_gmt":"2026-02-10T07:31:56","slug":"kinkekaart-companion","status":"publish","type":"product","link":"https:\/\/fotografiska.ee\/epood\/product\/kinkekaart-companion\/","title":{"rendered":"KINKEKAART : COMPANION"},"content":{"rendered":"<p>Virtuaalne aastase kehtivuajaga kinkekaart COMPANION liikmelisusele.<\/p>\n<p>&nbsp;<\/p>\n<p>Kunst, maitsed ja kultuur \u2013 alati koos kaaslasega, terve aasta v\u00e4ltel. <a href=\"https:\/\/tallinn.fotografiska.com\/et\/sobrakaart\">\u00dclevaade h\u00fcvedest.<\/a><\/p>\n<p>&nbsp;<\/p>\n<p>Ostad liikmelisust endale? Selleks k\u00fclasta\u00a0<a class=\"c-link\" href=\"https:\/\/tallinn.fotografiska.com\/et\/sign-up\" target=\"_blank\" rel=\"noopener noreferrer\" data-stringify-link=\"https:\/\/tallinn.fotografiska.com\/et\/sign-up\" data-sk=\"tooltip_parent\">Membership veebikeskkonda<\/a>.<\/p>\n<p>&nbsp;<\/p>\n<p>&nbsp;<\/p>\n","protected":false},"excerpt":{"rendered":"<p>Virtuaalne aastase kehtivuajaga kinkekaart COMPANION liikmelisusele. &nbsp; Kunst, maitsed ja kultuur \u2013 alati koos kaaslasega, terve aasta v\u00e4ltel. \u00dclevaade h\u00fcvedest. &nbsp; Ostad liikmelisust endale? Selleks k\u00fclasta\u00a0Membership veebikeskkonda. &nbsp; &nbsp;<\/p>\n","protected":false},"featured_media":30199,"template":"","meta":{"_acf_changed":false,"inline_featured_image":false},"product_brand":[],"product_cat":[398,215],"product_tag":[],"class_list":{"0":"post-30190","1":"product","2":"type-product","3":"status-publish","4":"has-post-thumbnail","6":"product_cat-kureeritud-kingiideed","7":"product_cat-sobrakaardid","9":"first","10":"instock","11":"virtual","12":"taxable","13":"purchasable","14":"product-type-simple"},"acf":[],"_links":{"self":[{"href":"https:\/\/fotografiska.ee\/epood\/wp-json\/wp\/v2\/product\/30190","targetHints":{"allow":["GET"]}}],"collection":[{"href":"https:\/\/fotografiska.ee\/epood\/wp-json\/wp\/v2\/product"}],"about":[{"href":"https:\/\/fotografiska.ee\/epood\/wp-json\/wp\/v2\/types\/product"}],"wp:featuredmedia":[{"embeddable":true,"href":"https:\/\/fotografiska.ee\/epood\/wp-json\/wp\/v2\/media\/30199"}],"wp:attachment":[{"href":"https:\/\/fotografiska.ee\/epood\/wp-json\/wp\/v2\/media?parent=30190"}],"wp:term":[{"taxonomy":"product_brand","embeddable":true,"href":"https:\/\/fotografiska.ee\/epood\/wp-json\/wp\/v2\/product_brand?post=30190"},{"taxonomy":"product_cat","embeddable":true,"href":"https:\/\/fotografiska.ee\/epood\/wp-json\/wp\/v2\/product_cat?post=30190"},{"taxonomy":"product_tag","embeddable":true,"href":"https:\/\/fotografiska.ee\/epood\/wp-json\/wp\/v2\/product_tag?post=30190"}],"curies":[{"name":"wp","href":"https:\/\/api.w.org\/{rel}","templated":true}]}}