{"id":30188,"date":"2025-12-11T12:22:30","date_gmt":"2025-12-11T09:22:30","guid":{"rendered":"https:\/\/www.fotografiska.ee\/epood\/?post_type=product&#038;p=30188"},"modified":"2025-12-12T13:16:26","modified_gmt":"2025-12-12T10:16:26","slug":"kinkekaart-supporter","status":"publish","type":"product","link":"https:\/\/fotografiska.ee\/epood\/product\/kinkekaart-supporter\/","title":{"rendered":"KINKEKAART : SUPPORTER"},"content":{"rendered":"<p>Virtuaalne aastase kehtivuajaga kinkekaart SUPPORTER liikmelisusele.<\/p>\n<p>&nbsp;<\/p>\n<p>Seisa kunsti tuleviku eest \u2013 esireas ja alati +3, terve aasta v\u00e4ltel. <a href=\"https:\/\/tallinn.fotografiska.com\/et\/sobrakaart\">\u00dclevaade h\u00fcvedest.\u00a0<\/a><\/p>\n<p>&nbsp;<\/p>\n<p>Ostad liikmelisust endale? Selleks k\u00fclasta\u00a0<a class=\"c-link\" href=\"https:\/\/tallinn.fotografiska.com\/et\/sign-up\" target=\"_blank\" rel=\"noopener noreferrer\" data-stringify-link=\"https:\/\/tallinn.fotografiska.com\/et\/sign-up\" data-sk=\"tooltip_parent\">Membership veebikeskkonda<\/a>.<\/p>\n","protected":false},"excerpt":{"rendered":"<p>Virtuaalne aastase kehtivuajaga kinkekaart SUPPORTER liikmelisusele. &nbsp; Seisa kunsti tuleviku eest \u2013 esireas ja alati +3, terve aasta v\u00e4ltel. \u00dclevaade h\u00fcvedest.\u00a0 &nbsp; Ostad liikmelisust endale? Selleks k\u00fclasta\u00a0Membership veebikeskkonda.<\/p>\n","protected":false},"featured_media":30197,"template":"","meta":{"_acf_changed":false,"inline_featured_image":false},"product_brand":[],"product_cat":[398,215],"product_tag":[],"class_list":{"0":"post-30188","1":"product","2":"type-product","3":"status-publish","4":"has-post-thumbnail","6":"product_cat-kureeritud-kingiideed","7":"product_cat-sobrakaardid","9":"first","10":"instock","11":"virtual","12":"taxable","13":"purchasable","14":"product-type-simple"},"acf":[],"_links":{"self":[{"href":"https:\/\/fotografiska.ee\/epood\/wp-json\/wp\/v2\/product\/30188","targetHints":{"allow":["GET"]}}],"collection":[{"href":"https:\/\/fotografiska.ee\/epood\/wp-json\/wp\/v2\/product"}],"about":[{"href":"https:\/\/fotografiska.ee\/epood\/wp-json\/wp\/v2\/types\/product"}],"wp:featuredmedia":[{"embeddable":true,"href":"https:\/\/fotografiska.ee\/epood\/wp-json\/wp\/v2\/media\/30197"}],"wp:attachment":[{"href":"https:\/\/fotografiska.ee\/epood\/wp-json\/wp\/v2\/media?parent=30188"}],"wp:term":[{"taxonomy":"product_brand","embeddable":true,"href":"https:\/\/fotografiska.ee\/epood\/wp-json\/wp\/v2\/product_brand?post=30188"},{"taxonomy":"product_cat","embeddable":true,"href":"https:\/\/fotografiska.ee\/epood\/wp-json\/wp\/v2\/product_cat?post=30188"},{"taxonomy":"product_tag","embeddable":true,"href":"https:\/\/fotografiska.ee\/epood\/wp-json\/wp\/v2\/product_tag?post=30188"}],"curies":[{"name":"wp","href":"https:\/\/api.w.org\/{rel}","templated":true}]}}