{"id":29684,"date":"2025-04-14T12:59:59","date_gmt":"2025-04-14T09:59:59","guid":{"rendered":"https:\/\/www.fotografiska.ee\/epood\/?post_type=product&#038;p=29684"},"modified":"2025-09-08T12:18:27","modified_gmt":"2025-09-08T09:18:27","slug":"elliott-erwitt-dogdogs","status":"publish","type":"product","link":"https:\/\/fotografiska.ee\/epood\/product\/elliott-erwitt-dogdogs\/","title":{"rendered":"Elliott Erwitt DogDogs"},"content":{"rendered":"<p class=\"\" data-start=\"0\" data-end=\"145\">Klassikalise ja armastatud fotokogu uusv\u00e4ljaanne, mis sisaldab 500 vaimukat koerapilti legendaarse Magnumi fotograafi Elliott Erwitti loomingust.<\/p>\n<p class=\"\" data-start=\"147\" data-end=\"288\">T\u00f5eline unistus koeras\u00f5pradele \u2013 <em data-start=\"180\" data-end=\"189\">DogDogs<\/em> esitleb seni suurimat valikut Erwitti fotodest, mis kujutavad meie armsaid neljajalgseid kaaslasi.<\/p>\n<p class=\"\" data-start=\"290\" data-end=\"589\">See v\u00f5luv raamat sisaldab 500 fotot \u2013 puudlitest koerten\u00e4itustel, kuldsetest retriiveritest pulgakesi toomas pargis, Highlandi terjeritest r\u00f5\u00f5must \u00f5hku h\u00fcppamas ja sadadest teistest koertest jalutamas, s\u00fclle v\u00f5etuna v\u00f5i lihtsalt elust r\u00f5\u00f5mu tundmas \u2013 k\u00f5ik t\u00e4ismahus tr\u00fckitud silmapaistvas duotoonis.<\/p>\n<p class=\"\" data-start=\"591\" data-end=\"753\">Selle raamatup\u00e4rli kaante vahel leidub ka kaasahaarav essee Briti kirjanikult P.G. Wodehouse\u2019ilt, kes oli nii Erwitti loomingu austaja kui ka innukas koeraomanik.<\/p>\n","protected":false},"excerpt":{"rendered":"<p>Klassikalise ja armastatud fotokogu uusv\u00e4ljaanne, mis sisaldab 500 vaimukat koerapilti legendaarse Magnumi fotograafi Elliott Erwitti loomingust. T\u00f5eline unistus koeras\u00f5pradele \u2013 DogDogs esitleb seni suurimat valikut Erwitti fotodest, mis kujutavad meie armsaid neljajalgseid kaaslasi. See v\u00f5luv raamat sisaldab 500 fotot \u2013 puudlitest koerten\u00e4itustel, kuldsetest retriiveritest pulgakesi toomas pargis, Highlandi terjeritest r\u00f5\u00f5must \u00f5hku h\u00fcppamas ja sadadest teistest [&hellip;]<\/p>\n","protected":false},"featured_media":29685,"template":"","meta":{"_acf_changed":false,"inline_featured_image":false},"product_brand":[],"product_cat":[20,337],"product_tag":[],"class_list":{"0":"post-29684","1":"product","2":"type-product","3":"status-publish","4":"has-post-thumbnail","6":"product_cat-raamatud","7":"product_cat-maailma-tippfotograafia","9":"first","10":"instock","11":"taxable","12":"shipping-taxable","13":"purchasable","14":"product-type-simple"},"acf":[],"_links":{"self":[{"href":"https:\/\/fotografiska.ee\/epood\/wp-json\/wp\/v2\/product\/29684","targetHints":{"allow":["GET"]}}],"collection":[{"href":"https:\/\/fotografiska.ee\/epood\/wp-json\/wp\/v2\/product"}],"about":[{"href":"https:\/\/fotografiska.ee\/epood\/wp-json\/wp\/v2\/types\/product"}],"wp:featuredmedia":[{"embeddable":true,"href":"https:\/\/fotografiska.ee\/epood\/wp-json\/wp\/v2\/media\/29685"}],"wp:attachment":[{"href":"https:\/\/fotografiska.ee\/epood\/wp-json\/wp\/v2\/media?parent=29684"}],"wp:term":[{"taxonomy":"product_brand","embeddable":true,"href":"https:\/\/fotografiska.ee\/epood\/wp-json\/wp\/v2\/product_brand?post=29684"},{"taxonomy":"product_cat","embeddable":true,"href":"https:\/\/fotografiska.ee\/epood\/wp-json\/wp\/v2\/product_cat?post=29684"},{"taxonomy":"product_tag","embeddable":true,"href":"https:\/\/fotografiska.ee\/epood\/wp-json\/wp\/v2\/product_tag?post=29684"}],"curies":[{"name":"wp","href":"https:\/\/api.w.org\/{rel}","templated":true}]}}