{"id":29679,"date":"2025-04-14T12:32:32","date_gmt":"2025-04-14T09:32:32","guid":{"rendered":"https:\/\/www.fotografiska.ee\/epood\/?post_type=product&#038;p=29679"},"modified":"2025-09-08T12:19:38","modified_gmt":"2025-09-08T09:19:38","slug":"elliott-erwitt-new-york","status":"publish","type":"product","link":"https:\/\/fotografiska.ee\/epood\/product\/elliott-erwitt-new-york\/","title":{"rendered":"Elliott Erwitt New York"},"content":{"rendered":"<p class=\"\" data-start=\"0\" data-end=\"280\">On palju fotograafiaraamatuid, mis k\u00e4sitlevad New Yorki, kuid kindlasti mitte \u00fchtegi sellist nagu see. Raamatuga \u201eNew York\u201c avaldab fotograafialegend Elliott Erwitt austust oma kodulinnale, luues mustvalge austusavalduse, mida v\u00f5ib kahtlemata pidada ajaloolise v\u00e4\u00e4rtusega teoseks.<\/p>\n<p class=\"\" data-start=\"282\" data-end=\"526\">Pariisist p\u00e4rit Erwitt emigreerus Ameerika \u00dchendriikidesse 1939. aastal ja kolis 1948. aastal Suurde \u00d5una. Sellest ajast alates kuni oma surmani oli tema kaamera talle pidevaks kaaslaseks, kui ta r\u00e4ndas m\u00f6\u00f6da selle kosmopoliitse linna t\u00e4navaid.<\/p>\n","protected":false},"excerpt":{"rendered":"<p>On palju fotograafiaraamatuid, mis k\u00e4sitlevad New Yorki, kuid kindlasti mitte \u00fchtegi sellist nagu see. Raamatuga \u201eNew York\u201c avaldab fotograafialegend Elliott Erwitt austust oma kodulinnale, luues mustvalge austusavalduse, mida v\u00f5ib kahtlemata pidada ajaloolise v\u00e4\u00e4rtusega teoseks. Pariisist p\u00e4rit Erwitt emigreerus Ameerika \u00dchendriikidesse 1939. aastal ja kolis 1948. aastal Suurde \u00d5una. Sellest ajast alates kuni oma surmani oli [&hellip;]<\/p>\n","protected":false},"featured_media":29680,"template":"","meta":{"_acf_changed":false,"inline_featured_image":false},"product_brand":[],"product_cat":[20,337],"product_tag":[],"class_list":{"0":"post-29679","1":"product","2":"type-product","3":"status-publish","4":"has-post-thumbnail","6":"product_cat-raamatud","7":"product_cat-maailma-tippfotograafia","9":"first","10":"instock","11":"taxable","12":"shipping-taxable","13":"purchasable","14":"product-type-simple"},"acf":[],"_links":{"self":[{"href":"https:\/\/fotografiska.ee\/epood\/wp-json\/wp\/v2\/product\/29679","targetHints":{"allow":["GET"]}}],"collection":[{"href":"https:\/\/fotografiska.ee\/epood\/wp-json\/wp\/v2\/product"}],"about":[{"href":"https:\/\/fotografiska.ee\/epood\/wp-json\/wp\/v2\/types\/product"}],"wp:featuredmedia":[{"embeddable":true,"href":"https:\/\/fotografiska.ee\/epood\/wp-json\/wp\/v2\/media\/29680"}],"wp:attachment":[{"href":"https:\/\/fotografiska.ee\/epood\/wp-json\/wp\/v2\/media?parent=29679"}],"wp:term":[{"taxonomy":"product_brand","embeddable":true,"href":"https:\/\/fotografiska.ee\/epood\/wp-json\/wp\/v2\/product_brand?post=29679"},{"taxonomy":"product_cat","embeddable":true,"href":"https:\/\/fotografiska.ee\/epood\/wp-json\/wp\/v2\/product_cat?post=29679"},{"taxonomy":"product_tag","embeddable":true,"href":"https:\/\/fotografiska.ee\/epood\/wp-json\/wp\/v2\/product_tag?post=29679"}],"curies":[{"name":"wp","href":"https:\/\/api.w.org\/{rel}","templated":true}]}}