{"id":29379,"date":"2024-12-29T15:38:59","date_gmt":"2024-12-29T13:58:54","guid":{"rendered":"https:\/\/fotografiska.ee\/epood\/?post_type=product&#038;p=29379"},"modified":"2024-12-29T15:58:56","modified_gmt":"2024-12-29T13:58:56","slug":"greta-thunberg-little-people-big-dreams","status":"publish","type":"product","link":"https:\/\/fotografiska.ee\/epood\/product\/greta-thunberg-little-people-big-dreams\/","title":{"rendered":"Greta Thunberg: Little People, Big Dreams"},"content":{"rendered":"<p>Selles raamatus, mis on p\u00e4rit kriitikute poolt kiidetud ja mitu miljonit eksemplari m\u00fc\u00fcnud bestselleri \u201eV\u00e4ikesed inimesed, suured unistused\u201c sarjast, avastate keskkonnaaktivisti Greta Thunbergi inspireeriva t\u00f5estis\u00fcndinud loo.<\/p>\n<p>Kui noor Greta sai teada kliimakriisist, l\u00f5petas ta r\u00e4\u00e4kimise. Ta ei saanud aru, miks v\u00f5imulolijad ei tee midagi meie Maa p\u00e4\u00e4stmiseks. \u00dchel p\u00e4eval hakkas ta Rootsi parlamendi ees protestima, luues \u00fcrituse nimega \u201eKooli streik kliima soojenemise vastu\u201c. Peagi liitusid temaga veel paljud noored, et tekitada \u00fclemaailmne liikumine, mis raputas nii t\u00e4iskasvanuid kui ka poliitikuid. Ta oli leidnud oma h\u00e4\u00e4le ja kasutab seda, et inspireerida inimesi oma v\u00f5imsa s\u00f5numiga tegutsema: \u201eKeegi ei ole liiga v\u00e4ike, et midagi muuta.\u201c Raamatus on ilusad ja omap\u00e4rased illustratsioonid ning tagakaanel lisafaktid, sealhulgas biograafiline ajajoon koos ajalooliste fotodega ja \u00fcksikasjalik profiil kliimaaktivisti elust.<\/p>\n","protected":false},"excerpt":{"rendered":"<p>Selles raamatus, mis on p\u00e4rit kriitikute poolt kiidetud ja mitu miljonit eksemplari m\u00fc\u00fcnud bestselleri \u201eV\u00e4ikesed inimesed, suured unistused\u201c sarjast, avastate keskkonnaaktivisti Greta Thunbergi inspireeriva t\u00f5estis\u00fcndinud loo. Kui noor Greta sai teada kliimakriisist, l\u00f5petas ta r\u00e4\u00e4kimise. Ta ei saanud aru, miks v\u00f5imulolijad ei tee midagi meie Maa p\u00e4\u00e4stmiseks. \u00dchel p\u00e4eval hakkas ta Rootsi parlamendi ees protestima, [&hellip;]<\/p>\n","protected":false},"featured_media":29377,"template":"","meta":{"_acf_changed":false,"inline_featured_image":false},"product_brand":[],"product_cat":[20],"product_tag":[],"class_list":{"0":"post-29379","1":"product","2":"type-product","3":"status-publish","4":"has-post-thumbnail","6":"product_cat-raamatud","8":"first","9":"instock","10":"taxable","11":"shipping-taxable","12":"purchasable","13":"product-type-simple"},"acf":[],"_links":{"self":[{"href":"https:\/\/fotografiska.ee\/epood\/wp-json\/wp\/v2\/product\/29379","targetHints":{"allow":["GET"]}}],"collection":[{"href":"https:\/\/fotografiska.ee\/epood\/wp-json\/wp\/v2\/product"}],"about":[{"href":"https:\/\/fotografiska.ee\/epood\/wp-json\/wp\/v2\/types\/product"}],"wp:featuredmedia":[{"embeddable":true,"href":"https:\/\/fotografiska.ee\/epood\/wp-json\/wp\/v2\/media\/29377"}],"wp:attachment":[{"href":"https:\/\/fotografiska.ee\/epood\/wp-json\/wp\/v2\/media?parent=29379"}],"wp:term":[{"taxonomy":"product_brand","embeddable":true,"href":"https:\/\/fotografiska.ee\/epood\/wp-json\/wp\/v2\/product_brand?post=29379"},{"taxonomy":"product_cat","embeddable":true,"href":"https:\/\/fotografiska.ee\/epood\/wp-json\/wp\/v2\/product_cat?post=29379"},{"taxonomy":"product_tag","embeddable":true,"href":"https:\/\/fotografiska.ee\/epood\/wp-json\/wp\/v2\/product_tag?post=29379"}],"curies":[{"name":"wp","href":"https:\/\/api.w.org\/{rel}","templated":true}]}}