{"id":29370,"date":"2024-12-29T15:01:29","date_gmt":"2024-12-29T13:01:29","guid":{"rendered":"https:\/\/fotografiska.ee\/epood\/?post_type=product&#038;p=29370"},"modified":"2024-12-29T15:01:31","modified_gmt":"2024-12-29T13:01:31","slug":"frida-kahlo-little-people-big-dreams","status":"publish","type":"product","link":"https:\/\/fotografiska.ee\/epood\/product\/frida-kahlo-little-people-big-dreams\/","title":{"rendered":"Frida Kahlo: Little People, Big Dreams"},"content":{"rendered":"<p>Tutvuge maailmakuulsa maalikunstnikuga Frida Kahlo.<\/p>\n<p>Kui Frida oli teismeline, muutis kohutav liiklus\u00f5nnetus tema elu igaveseks. Kuna ta ei suutnud k\u00f5ndida, hakkas ta oma vanemate soovitusel enda voodist maalima. Tema eneseportreed, mis n\u00e4itavad tema valu ja leina, aga ka elur\u00f5\u00f5mu ja elluj\u00e4\u00e4misinstinkti, on teinud temast \u00fche kahek\u00fcmnenda sajandi kuulsaima kunstniku. Selles liigutavas raamatus on stiilsed ja omap\u00e4rased illustratsioonid ning tagakaanel lisafaktid, sealhulgas biograafiline ajajoon koos ajalooliste fotodega ja \u00fcksikasjalik profiil kunstniku elust.<\/p>\n<p>&nbsp;<\/p>\n","protected":false},"excerpt":{"rendered":"<p>Tutvuge maailmakuulsa maalikunstnikuga Frida Kahlo. Kui Frida oli teismeline, muutis kohutav liiklus\u00f5nnetus tema elu igaveseks. Kuna ta ei suutnud k\u00f5ndida, hakkas ta oma vanemate soovitusel enda voodist maalima. Tema eneseportreed, mis n\u00e4itavad tema valu ja leina, aga ka elur\u00f5\u00f5mu ja elluj\u00e4\u00e4misinstinkti, on teinud temast \u00fche kahek\u00fcmnenda sajandi kuulsaima kunstniku. Selles liigutavas raamatus on stiilsed ja [&hellip;]<\/p>\n","protected":false},"featured_media":29371,"template":"","meta":{"_acf_changed":false,"inline_featured_image":false},"product_brand":[],"product_cat":[397],"product_tag":[],"class_list":{"0":"post-29370","1":"product","2":"type-product","3":"status-publish","4":"has-post-thumbnail","6":"product_cat-raamatud-2","8":"first","9":"instock","10":"taxable","11":"shipping-taxable","12":"purchasable","13":"product-type-simple"},"acf":[],"_links":{"self":[{"href":"https:\/\/fotografiska.ee\/epood\/wp-json\/wp\/v2\/product\/29370","targetHints":{"allow":["GET"]}}],"collection":[{"href":"https:\/\/fotografiska.ee\/epood\/wp-json\/wp\/v2\/product"}],"about":[{"href":"https:\/\/fotografiska.ee\/epood\/wp-json\/wp\/v2\/types\/product"}],"wp:featuredmedia":[{"embeddable":true,"href":"https:\/\/fotografiska.ee\/epood\/wp-json\/wp\/v2\/media\/29371"}],"wp:attachment":[{"href":"https:\/\/fotografiska.ee\/epood\/wp-json\/wp\/v2\/media?parent=29370"}],"wp:term":[{"taxonomy":"product_brand","embeddable":true,"href":"https:\/\/fotografiska.ee\/epood\/wp-json\/wp\/v2\/product_brand?post=29370"},{"taxonomy":"product_cat","embeddable":true,"href":"https:\/\/fotografiska.ee\/epood\/wp-json\/wp\/v2\/product_cat?post=29370"},{"taxonomy":"product_tag","embeddable":true,"href":"https:\/\/fotografiska.ee\/epood\/wp-json\/wp\/v2\/product_tag?post=29370"}],"curies":[{"name":"wp","href":"https:\/\/api.w.org\/{rel}","templated":true}]}}