{"id":29360,"date":"2024-12-26T17:24:51","date_gmt":"2024-12-26T15:24:51","guid":{"rendered":"https:\/\/fotografiska.ee\/epood\/?post_type=product&#038;p=29360"},"modified":"2024-12-26T17:24:54","modified_gmt":"2024-12-26T15:24:54","slug":"david-bowie-little-people-big-dreams","status":"publish","type":"product","link":"https:\/\/fotografiska.ee\/epood\/product\/david-bowie-little-people-big-dreams\/","title":{"rendered":"David Bowie: Little People, Big Dreams"},"content":{"rendered":"<p>Tutvuge David Bowie'ga, staariga, kes oma muusikaga publikut pimestas.<\/p>\n<p>Lapsena oli noorel Davidil pea t\u00e4is laule ja ideid. Briti pop-skene inspireeris teda saksofoni m\u00e4ngimise juurde. P\u00e4rast seda, kui David oli teeninud oma triibud m\u00f5nes Londoni k\u00f5ige lahedamas b\u00e4ndis, paiskus ta soololavale. Tema laulude kirjutamise talent ja muusikaline oskus tegid temast \u00fche rock'n'roll'i k\u00f5igi aegade suurimatest artistidest. Selles liigutavas raamatus on stiilsed ja omap\u00e4rased illustratsioonid ning tagakaanel lisafaktid, sealhulgas biograafiline ajajoon koos ajalooliste fotodega ja \u00fcksikasjalik profiil muusiku elust.<\/p>\n","protected":false},"excerpt":{"rendered":"<p>Tutvuge David Bowie'ga, staariga, kes oma muusikaga publikut pimestas. Lapsena oli noorel Davidil pea t\u00e4is laule ja ideid. Briti pop-skene inspireeris teda saksofoni m\u00e4ngimise juurde. P\u00e4rast seda, kui David oli teeninud oma triibud m\u00f5nes Londoni k\u00f5ige lahedamas b\u00e4ndis, paiskus ta soololavale. Tema laulude kirjutamise talent ja muusikaline oskus tegid temast \u00fche rock'n'roll'i k\u00f5igi aegade suurimatest [&hellip;]<\/p>\n","protected":false},"featured_media":29361,"template":"","meta":{"_acf_changed":false,"inline_featured_image":false},"product_brand":[],"product_cat":[397],"product_tag":[],"class_list":{"0":"post-29360","1":"product","2":"type-product","3":"status-publish","4":"has-post-thumbnail","6":"product_cat-raamatud-2","8":"first","9":"instock","10":"taxable","11":"shipping-taxable","12":"purchasable","13":"product-type-simple"},"acf":[],"_links":{"self":[{"href":"https:\/\/fotografiska.ee\/epood\/wp-json\/wp\/v2\/product\/29360","targetHints":{"allow":["GET"]}}],"collection":[{"href":"https:\/\/fotografiska.ee\/epood\/wp-json\/wp\/v2\/product"}],"about":[{"href":"https:\/\/fotografiska.ee\/epood\/wp-json\/wp\/v2\/types\/product"}],"wp:featuredmedia":[{"embeddable":true,"href":"https:\/\/fotografiska.ee\/epood\/wp-json\/wp\/v2\/media\/29361"}],"wp:attachment":[{"href":"https:\/\/fotografiska.ee\/epood\/wp-json\/wp\/v2\/media?parent=29360"}],"wp:term":[{"taxonomy":"product_brand","embeddable":true,"href":"https:\/\/fotografiska.ee\/epood\/wp-json\/wp\/v2\/product_brand?post=29360"},{"taxonomy":"product_cat","embeddable":true,"href":"https:\/\/fotografiska.ee\/epood\/wp-json\/wp\/v2\/product_cat?post=29360"},{"taxonomy":"product_tag","embeddable":true,"href":"https:\/\/fotografiska.ee\/epood\/wp-json\/wp\/v2\/product_tag?post=29360"}],"curies":[{"name":"wp","href":"https:\/\/api.w.org\/{rel}","templated":true}]}}