{"id":29355,"date":"2024-12-26T15:26:45","date_gmt":"2024-12-26T13:26:45","guid":{"rendered":"https:\/\/fotografiska.ee\/epood\/?post_type=product&#038;p=29355"},"modified":"2024-12-26T16:58:19","modified_gmt":"2024-12-26T14:58:19","slug":"coco-chanel-little-people-big-dreams","status":"publish","type":"product","link":"https:\/\/fotografiska.ee\/epood\/product\/coco-chanel-little-people-big-dreams\/","title":{"rendered":"Coco Chanel: Little People, Big Dreams"},"content":{"rendered":"<p>Tutvuge Coco Chaneliga, kes oli rahvusvaheline stiiliikooni.<\/p>\n<p>P\u00e4rast tema ema surma veetis Coco oma varajase elu lastekodus, kus teda \u00f5petati kasutama n\u00f5ela ja niiti. Sealt sai temast kabareelaulja, \u00f5mbleja, k\u00fcbarate valmistaja ja l\u00f5puks maailma \u00fcks kuulsamaid moeloojaid.<\/p>\n<p>Selles liigutavas raamatus on stiilsed ja omap\u00e4rased illustratsioonid ning tagakaanel lisafaktid, sealhulgas biograafiline ajajoon koos ajalooliste fotodega ja \u00fcksikasjalik profiil disaineri elust.<\/p>\n","protected":false},"excerpt":{"rendered":"<p>Tutvuge Coco Chaneliga, kes oli rahvusvaheline stiiliikooni. P\u00e4rast tema ema surma veetis Coco oma varajase elu lastekodus, kus teda \u00f5petati kasutama n\u00f5ela ja niiti. Sealt sai temast kabareelaulja, \u00f5mbleja, k\u00fcbarate valmistaja ja l\u00f5puks maailma \u00fcks kuulsamaid moeloojaid. Selles liigutavas raamatus on stiilsed ja omap\u00e4rased illustratsioonid ning tagakaanel lisafaktid, sealhulgas biograafiline ajajoon koos ajalooliste fotodega ja [&hellip;]<\/p>\n","protected":false},"featured_media":29356,"template":"","meta":{"_acf_changed":false,"inline_featured_image":false},"product_brand":[],"product_cat":[397],"product_tag":[],"class_list":{"0":"post-29355","1":"product","2":"type-product","3":"status-publish","4":"has-post-thumbnail","6":"product_cat-raamatud-2","8":"first","9":"instock","10":"taxable","11":"shipping-taxable","12":"purchasable","13":"product-type-simple"},"acf":[],"_links":{"self":[{"href":"https:\/\/fotografiska.ee\/epood\/wp-json\/wp\/v2\/product\/29355","targetHints":{"allow":["GET"]}}],"collection":[{"href":"https:\/\/fotografiska.ee\/epood\/wp-json\/wp\/v2\/product"}],"about":[{"href":"https:\/\/fotografiska.ee\/epood\/wp-json\/wp\/v2\/types\/product"}],"wp:featuredmedia":[{"embeddable":true,"href":"https:\/\/fotografiska.ee\/epood\/wp-json\/wp\/v2\/media\/29356"}],"wp:attachment":[{"href":"https:\/\/fotografiska.ee\/epood\/wp-json\/wp\/v2\/media?parent=29355"}],"wp:term":[{"taxonomy":"product_brand","embeddable":true,"href":"https:\/\/fotografiska.ee\/epood\/wp-json\/wp\/v2\/product_brand?post=29355"},{"taxonomy":"product_cat","embeddable":true,"href":"https:\/\/fotografiska.ee\/epood\/wp-json\/wp\/v2\/product_cat?post=29355"},{"taxonomy":"product_tag","embeddable":true,"href":"https:\/\/fotografiska.ee\/epood\/wp-json\/wp\/v2\/product_tag?post=29355"}],"curies":[{"name":"wp","href":"https:\/\/api.w.org\/{rel}","templated":true}]}}