{"id":29351,"date":"2024-12-26T14:40:30","date_gmt":"2024-12-26T12:49:31","guid":{"rendered":"https:\/\/fotografiska.ee\/epood\/?post_type=product&#038;p=29351"},"modified":"2024-12-26T15:18:53","modified_gmt":"2024-12-26T13:18:53","slug":"29351","status":"publish","type":"product","link":"https:\/\/fotografiska.ee\/epood\/product\/29351\/","title":{"rendered":"Astrid Lindgren: Little People, Big Dreams"},"content":{"rendered":"<p>Tutvuge Astrid Lindgreniga, kes on \u00fcks maailma armastatumaid kirjanikke ja rahva lemmiku Pippi Pikksuka looja.<\/p>\n<p>V\u00e4ike Astrid kasvas \u00fcles vanas talus Rootsis. Tema lapsep\u00f5lv oli v\u00e4ga \u00f5nnelik. Nii \u00f5nnelik, et ta ei tahtnudki kunagi suureks kasvada. Kui ta oli nelja-aastane, luges tema s\u00f5ber Edit Astridile oma esimese loo ette. J\u00e4rsku oli kogu maailm t\u00e4is ainult hiiglasi, n\u00f5idu ja haldjaid. Nad k\u00f5ik tulid v\u00e4lja v\u00f5luesemest, mida nimetatakse raamatuks. Astrid andis endast parima, et \u00f5ppida lugema, ja kui ta kord alustas, ei suutnud ta enam l\u00f5petada! Varsti ei olnud raamatukogust ja tema s\u00f5pradelt enam \u00fchtegi raamatut laenutada. Saate teada, kuidas Astrid muutis oma armastuse raamatute ja lugude jutustamise vastu maailmakuulsa kirjaniku karj\u00e4\u00e4riks. Selles liigutavas raamatus on stiilsed ja omap\u00e4rased illustratsioonid ning tagakaanel lisafaktid, sealhulgas biograafiline ajajoon koos ajalooliste fotodega ja \u00fcksikasjalik \u00fclevaade inspireeriva kirjaniku elust.<\/p>\n","protected":false},"excerpt":{"rendered":"<p>Tutvuge Astrid Lindgreniga, kes on \u00fcks maailma armastatumaid kirjanikke ja rahva lemmiku Pippi Pikksuka looja. V\u00e4ike Astrid kasvas \u00fcles vanas talus Rootsis. Tema lapsep\u00f5lv oli v\u00e4ga \u00f5nnelik. Nii \u00f5nnelik, et ta ei tahtnudki kunagi suureks kasvada. Kui ta oli nelja-aastane, luges tema s\u00f5ber Edit Astridile oma esimese loo ette. J\u00e4rsku oli kogu maailm t\u00e4is ainult [&hellip;]<\/p>\n","protected":false},"featured_media":29352,"template":"","meta":{"_acf_changed":false,"inline_featured_image":false},"product_brand":[],"product_cat":[20],"product_tag":[],"class_list":{"0":"post-29351","1":"product","2":"type-product","3":"status-publish","4":"has-post-thumbnail","6":"product_cat-raamatud","8":"first","9":"instock","10":"taxable","11":"shipping-taxable","12":"purchasable","13":"product-type-simple"},"acf":[],"_links":{"self":[{"href":"https:\/\/fotografiska.ee\/epood\/wp-json\/wp\/v2\/product\/29351","targetHints":{"allow":["GET"]}}],"collection":[{"href":"https:\/\/fotografiska.ee\/epood\/wp-json\/wp\/v2\/product"}],"about":[{"href":"https:\/\/fotografiska.ee\/epood\/wp-json\/wp\/v2\/types\/product"}],"wp:featuredmedia":[{"embeddable":true,"href":"https:\/\/fotografiska.ee\/epood\/wp-json\/wp\/v2\/media\/29352"}],"wp:attachment":[{"href":"https:\/\/fotografiska.ee\/epood\/wp-json\/wp\/v2\/media?parent=29351"}],"wp:term":[{"taxonomy":"product_brand","embeddable":true,"href":"https:\/\/fotografiska.ee\/epood\/wp-json\/wp\/v2\/product_brand?post=29351"},{"taxonomy":"product_cat","embeddable":true,"href":"https:\/\/fotografiska.ee\/epood\/wp-json\/wp\/v2\/product_cat?post=29351"},{"taxonomy":"product_tag","embeddable":true,"href":"https:\/\/fotografiska.ee\/epood\/wp-json\/wp\/v2\/product_tag?post=29351"}],"curies":[{"name":"wp","href":"https:\/\/api.w.org\/{rel}","templated":true}]}}