{"id":29192,"date":"2024-12-09T15:38:14","date_gmt":"2024-12-09T13:38:14","guid":{"rendered":"https:\/\/www.fotografiska.ee\/epood\/?post_type=product&#038;p=29192"},"modified":"2024-12-12T12:55:26","modified_gmt":"2024-12-12T10:55:26","slug":"epic-runs-of-the-world","status":"publish","type":"product","link":"https:\/\/fotografiska.ee\/epood\/product\/epic-runs-of-the-world\/","title":{"rendered":"Epic Runs of the World"},"content":{"rendered":"<p>Pane jalga jooksutossud \u2013 aeg on vallutada linnat\u00e4navad, metsarajad ja kaunis loodus!<\/p>\n<p><strong>\"Epic Runs of the World\"<\/strong> on k\u00f5ikeh\u00f5lmav kaaslane jooksuhuvilistele, pakkudes 50 maailma parimat jooksurada \u2013 alates l\u00fchikestest linnajooksudest ja kohustuslikest maratonidest kuni maastikujooksude ja ultramaratonideni. Lisaks leiad veel 150 rada \u00fcle maailma, mis rahuldavad igas tasemes jooksjate vajadusi.<\/p>\n<p>Iga jooksurada on illustreeritud kaunite fotode, kaardiga ja praktilise infoga \u2013 kust alustada ja l\u00f5petada, kuidas kohale j\u00f5uda, kus \u00f6\u00f6bida ja palju muud, et aidata sul planeerida ideaalset jooksureisi. Samuti sisaldab raamat soovitusi sarnaste jooksuradade kohta teistes maailma piirkondades.<\/p>\n","protected":false},"excerpt":{"rendered":"<p>Pane jalga jooksutossud \u2013 aeg on vallutada linnat\u00e4navad, metsarajad ja kaunis loodus! \"Epic Runs of the World\" on k\u00f5ikeh\u00f5lmav kaaslane jooksuhuvilistele, pakkudes 50 maailma parimat jooksurada \u2013 alates l\u00fchikestest linnajooksudest ja kohustuslikest maratonidest kuni maastikujooksude ja ultramaratonideni. Lisaks leiad veel 150 rada \u00fcle maailma, mis rahuldavad igas tasemes jooksjate vajadusi. Iga jooksurada on illustreeritud kaunite [&hellip;]<\/p>\n","protected":false},"featured_media":29193,"template":"","meta":{"_acf_changed":false,"inline_featured_image":false},"product_brand":[],"product_cat":[398,400],"product_tag":[],"class_list":{"0":"post-29192","1":"product","2":"type-product","3":"status-publish","4":"has-post-thumbnail","6":"product_cat-kureeritud-kingiideed","7":"product_cat-reisiraamatud","9":"first","10":"instock","11":"sale","12":"taxable","13":"shipping-taxable","14":"purchasable","15":"product-type-simple"},"acf":[],"_links":{"self":[{"href":"https:\/\/fotografiska.ee\/epood\/wp-json\/wp\/v2\/product\/29192","targetHints":{"allow":["GET"]}}],"collection":[{"href":"https:\/\/fotografiska.ee\/epood\/wp-json\/wp\/v2\/product"}],"about":[{"href":"https:\/\/fotografiska.ee\/epood\/wp-json\/wp\/v2\/types\/product"}],"wp:featuredmedia":[{"embeddable":true,"href":"https:\/\/fotografiska.ee\/epood\/wp-json\/wp\/v2\/media\/29193"}],"wp:attachment":[{"href":"https:\/\/fotografiska.ee\/epood\/wp-json\/wp\/v2\/media?parent=29192"}],"wp:term":[{"taxonomy":"product_brand","embeddable":true,"href":"https:\/\/fotografiska.ee\/epood\/wp-json\/wp\/v2\/product_brand?post=29192"},{"taxonomy":"product_cat","embeddable":true,"href":"https:\/\/fotografiska.ee\/epood\/wp-json\/wp\/v2\/product_cat?post=29192"},{"taxonomy":"product_tag","embeddable":true,"href":"https:\/\/fotografiska.ee\/epood\/wp-json\/wp\/v2\/product_tag?post=29192"}],"curies":[{"name":"wp","href":"https:\/\/api.w.org\/{rel}","templated":true}]}}