{"id":29170,"date":"2024-12-09T14:54:36","date_gmt":"2024-12-09T12:54:36","guid":{"rendered":"https:\/\/www.fotografiska.ee\/epood\/?post_type=product&#038;p=29170"},"modified":"2024-12-12T12:55:26","modified_gmt":"2024-12-12T10:55:26","slug":"epic-surf-breaks-of-the-world","status":"publish","type":"product","link":"https:\/\/fotografiska.ee\/epood\/product\/epic-surf-breaks-of-the-world\/","title":{"rendered":"Epic Surf Breaks of the World"},"content":{"rendered":"<p>&nbsp;<\/p>\n<p>Raamat sisaldab kauneid fotosid, kaarte ja illustratsioone ning surfikirjanike, sealhulgas Pulitzeri preemia v\u00f5itja William Finnegani, isiklikke lugusid \u00fcle maailma. See on ideaalne teejuht surfaritele, kes otsivad oma j\u00e4rgmist unustamatut kogemust.<\/p>\n<p>Raamatus on esile toodud 200 sihtkohta, alates Austraalia Bells Beachist kuni Maldiivide korallidega kaunistatud saarteni. 328-lehek\u00fcljelise k\u00f5vakaanelise teose abil leiad kindlasti oma unistuste lainelaua paradiisi. Lisaks viib raamat sind maailma k\u00f5ige adrenaliinirikkamatesse surfipaikadesse, nagu Tahiti Teahupoo ja Mehhiko Puerto Escondido, ning pakub ka lihtsamaid variante algajatele, n\u00e4iteks Taghazout Marokos \u2013 nii et iga tase on kaetud. Uurime ka uusi surfihotspotte, n\u00e4iteks Bundoran Iirimaal, kus maailmatasemel lained meelitavad n\u00fc\u00fcd surfarid k\u00f5ikjalt maailmast.<\/p>\n<p><img decoding=\"async\" class=\"alignnone size-medium wp-image-29171\" src=\"http:\/\/www.fotografiska.ee\/epood\/wp-content\/uploads\/2024\/12\/epic-surf-breaks-of-the-world-2-232x300.webp\" alt=\"\" width=\"232\" height=\"300\" srcset=\"https:\/\/fotografiska.ee\/epood\/wp-content\/uploads\/2024\/12\/epic-surf-breaks-of-the-world-2-232x300.webp 232w, https:\/\/fotografiska.ee\/epood\/wp-content\/uploads\/2024\/12\/epic-surf-breaks-of-the-world-2.webp 381w\" sizes=\"(max-width: 232px) 100vw, 232px\" \/><\/p>\n","protected":false},"excerpt":{"rendered":"<p>&nbsp; Raamat sisaldab kauneid fotosid, kaarte ja illustratsioone ning surfikirjanike, sealhulgas Pulitzeri preemia v\u00f5itja William Finnegani, isiklikke lugusid \u00fcle maailma. See on ideaalne teejuht surfaritele, kes otsivad oma j\u00e4rgmist unustamatut kogemust. Raamatus on esile toodud 200 sihtkohta, alates Austraalia Bells Beachist kuni Maldiivide korallidega kaunistatud saarteni. 328-lehek\u00fcljelise k\u00f5vakaanelise teose abil leiad kindlasti oma unistuste lainelaua [&hellip;]<\/p>\n","protected":false},"featured_media":29175,"template":"","meta":{"_acf_changed":false,"inline_featured_image":false},"product_brand":[],"product_cat":[398,400],"product_tag":[],"class_list":{"0":"post-29170","1":"product","2":"type-product","3":"status-publish","4":"has-post-thumbnail","6":"product_cat-kureeritud-kingiideed","7":"product_cat-reisiraamatud","9":"first","10":"instock","11":"sale","12":"taxable","13":"shipping-taxable","14":"purchasable","15":"product-type-simple"},"acf":[],"_links":{"self":[{"href":"https:\/\/fotografiska.ee\/epood\/wp-json\/wp\/v2\/product\/29170","targetHints":{"allow":["GET"]}}],"collection":[{"href":"https:\/\/fotografiska.ee\/epood\/wp-json\/wp\/v2\/product"}],"about":[{"href":"https:\/\/fotografiska.ee\/epood\/wp-json\/wp\/v2\/types\/product"}],"wp:featuredmedia":[{"embeddable":true,"href":"https:\/\/fotografiska.ee\/epood\/wp-json\/wp\/v2\/media\/29175"}],"wp:attachment":[{"href":"https:\/\/fotografiska.ee\/epood\/wp-json\/wp\/v2\/media?parent=29170"}],"wp:term":[{"taxonomy":"product_brand","embeddable":true,"href":"https:\/\/fotografiska.ee\/epood\/wp-json\/wp\/v2\/product_brand?post=29170"},{"taxonomy":"product_cat","embeddable":true,"href":"https:\/\/fotografiska.ee\/epood\/wp-json\/wp\/v2\/product_cat?post=29170"},{"taxonomy":"product_tag","embeddable":true,"href":"https:\/\/fotografiska.ee\/epood\/wp-json\/wp\/v2\/product_tag?post=29170"}],"curies":[{"name":"wp","href":"https:\/\/api.w.org\/{rel}","templated":true}]}}