{"id":29134,"date":"2024-12-02T16:04:07","date_gmt":"2024-12-02T14:04:07","guid":{"rendered":"https:\/\/fotografiska.ee\/epood\/?post_type=product&#038;p=29134"},"modified":"2024-12-09T13:32:57","modified_gmt":"2024-12-09T11:32:57","slug":"vaiksed-loovad-motlejad-doominod","status":"publish","type":"product","link":"https:\/\/www.fotografiska.ee\/epood\/product\/vaiksed-loovad-motlejad-doominod\/","title":{"rendered":"Creative little thinkers - doominod"},"content":{"rendered":"<p>Imeliselt lihtne lastem\u00e4ng, mis on \u00fcles ehitatud j\u00e4releproovitud teooriale, et tugevdades oma seoste loomise v\u00f5imet, saab laps suurendada ka oma loovust ja m\u00f5tlemist.<\/p>\n<p>M\u00e4ng p\u00f5hineb samadel p\u00f5hireeglitel nagu doomino - k\u00f5ik seisneb selles, et sulle jagatud doominod sobitatakse laual olevate doominodega. V\u00f5itja on see, kes suudab k\u00f5ik oma doominod k\u00f5ige kiiremini paigutada.<br \/>\nErinevus on selles, et seda versiooni ei m\u00e4ngita numbritega, vaid puhtalt visuaalselt. Doominosid saab kokku sobitada mitmel l\u00f5busal viisil, kui pidid on samad. See v\u00f5ib olla muster, kuju v\u00f5i m\u00f5iste, mis \u00fchendab kahte doominot. M\u00e4ng on m\u00f5eldud pigem lastele, aga ka vanemad saavad sellest osa v\u00f5tta ja k\u00fcsimustega korral seletada ja ise samuti oma loovust arendada.<\/p>\n<p>&nbsp;<\/p>\n","protected":false},"excerpt":{"rendered":"<p>Imeliselt lihtne lastem\u00e4ng, mis on \u00fcles ehitatud j\u00e4releproovitud teooriale, et tugevdades oma seoste loomise v\u00f5imet, saab laps suurendada ka oma loovust ja m\u00f5tlemist. M\u00e4ng p\u00f5hineb samadel p\u00f5hireeglitel nagu doomino - k\u00f5ik seisneb selles, et sulle jagatud doominod sobitatakse laual olevate doominodega. V\u00f5itja on see, kes suudab k\u00f5ik oma doominod k\u00f5ige kiiremini paigutada. Erinevus on selles, [&hellip;]<\/p>\n","protected":false},"featured_media":29135,"template":"","meta":{"_acf_changed":false,"inline_featured_image":false},"product_brand":[],"product_cat":[378,398],"product_tag":[],"class_list":{"0":"post-29134","1":"product","2":"type-product","3":"status-publish","4":"has-post-thumbnail","6":"product_cat-kingid","7":"product_cat-kureeritud-kingiideed","9":"first","10":"instock","11":"taxable","12":"shipping-taxable","13":"purchasable","14":"product-type-simple"},"acf":[],"_links":{"self":[{"href":"https:\/\/www.fotografiska.ee\/epood\/wp-json\/wp\/v2\/product\/29134","targetHints":{"allow":["GET"]}}],"collection":[{"href":"https:\/\/www.fotografiska.ee\/epood\/wp-json\/wp\/v2\/product"}],"about":[{"href":"https:\/\/www.fotografiska.ee\/epood\/wp-json\/wp\/v2\/types\/product"}],"wp:featuredmedia":[{"embeddable":true,"href":"https:\/\/www.fotografiska.ee\/epood\/wp-json\/wp\/v2\/media\/29135"}],"wp:attachment":[{"href":"https:\/\/www.fotografiska.ee\/epood\/wp-json\/wp\/v2\/media?parent=29134"}],"wp:term":[{"taxonomy":"product_brand","embeddable":true,"href":"https:\/\/www.fotografiska.ee\/epood\/wp-json\/wp\/v2\/product_brand?post=29134"},{"taxonomy":"product_cat","embeddable":true,"href":"https:\/\/www.fotografiska.ee\/epood\/wp-json\/wp\/v2\/product_cat?post=29134"},{"taxonomy":"product_tag","embeddable":true,"href":"https:\/\/www.fotografiska.ee\/epood\/wp-json\/wp\/v2\/product_tag?post=29134"}],"curies":[{"name":"wp","href":"https:\/\/api.w.org\/{rel}","templated":true}]}}