{"id":29128,"date":"2024-12-01T12:56:01","date_gmt":"2024-12-01T11:07:59","guid":{"rendered":"https:\/\/fotografiska.ee\/epood\/?post_type=product&#038;p=29128"},"modified":"2025-12-17T11:58:03","modified_gmt":"2025-12-17T08:58:03","slug":"fotograafia-varustuse-kaardid","status":"publish","type":"product","link":"https:\/\/fotografiska.ee\/epood\/product\/fotograafia-varustuse-kaardid\/","title":{"rendered":"My photography toolbox"},"content":{"rendered":"<p>M\u00e4ng v\u00f5imsate piltide loomiseks ja samal ajal fotograafia alusp\u00f5him\u00f5tete \u00f5ppimiseks. Ideaalne neile, kes pildistavad regulaarselt, ja loomingulistele sotsiaalmeedia kasutajatele, kes tahaksid oma oskusi parandada. V\u00f5imaldab rakendada \u201et\u00f6\u00f6riistu\u201c, mida nutitelefonid v\u00f5i digikaamerad ei suuda pakkuda, nagu n\u00e4iteks teie hing ja visioon teie peas.<\/p>\n<p>M\u00e4ng koosneb 72 kaardist, mis on jagatud viide kategooriasse: \u017eanr, kompositsioon, p\u00f5hit\u00f5ed, p\u00f5him\u00f5tted ja suhtumine. Iga kaart \u00f5petab teid visuaalse keele saladusi ja suurendab teie loovust. See n\u00e4itab 30 visuaalset p\u00f5him\u00f5tet ja v\u00f5imaldab teil m\u00e4ngida t\u00f6\u00f6riistadega, mida nutitelefonid v\u00f5i digikaamerad ei paku, n\u00e4iteks vormide ps\u00fchholoogia. Kuna fotograafia on k\u00f5ikjal, on see m\u00e4ng oma stiili, lihtsate reeglite, v\u00e4\u00e4rtuslike preemiate t\u00f5ttu, mis v\u00f5imaldavad \u00f5ppida nii meeskonnas kui ka individuaalselt m\u00e4ngides.<\/p>\n","protected":false},"excerpt":{"rendered":"<p>M\u00e4ng v\u00f5imsate piltide loomiseks ja samal ajal fotograafia alusp\u00f5him\u00f5tete \u00f5ppimiseks. Ideaalne neile, kes pildistavad regulaarselt, ja loomingulistele sotsiaalmeedia kasutajatele, kes tahaksid oma oskusi parandada. V\u00f5imaldab rakendada \u201et\u00f6\u00f6riistu\u201c, mida nutitelefonid v\u00f5i digikaamerad ei suuda pakkuda, nagu n\u00e4iteks teie hing ja visioon teie peas. M\u00e4ng koosneb 72 kaardist, mis on jagatud viide kategooriasse: \u017eanr, kompositsioon, p\u00f5hit\u00f5ed, p\u00f5him\u00f5tted [&hellip;]<\/p>\n","protected":false},"featured_media":29125,"template":"","meta":{"_acf_changed":false,"inline_featured_image":false},"product_brand":[],"product_cat":[378],"product_tag":[],"class_list":{"0":"post-29128","1":"product","2":"type-product","3":"status-publish","4":"has-post-thumbnail","6":"product_cat-kingid","8":"first","9":"instock","10":"taxable","11":"shipping-taxable","12":"purchasable","13":"product-type-simple"},"acf":[],"_links":{"self":[{"href":"https:\/\/fotografiska.ee\/epood\/wp-json\/wp\/v2\/product\/29128","targetHints":{"allow":["GET"]}}],"collection":[{"href":"https:\/\/fotografiska.ee\/epood\/wp-json\/wp\/v2\/product"}],"about":[{"href":"https:\/\/fotografiska.ee\/epood\/wp-json\/wp\/v2\/types\/product"}],"wp:featuredmedia":[{"embeddable":true,"href":"https:\/\/fotografiska.ee\/epood\/wp-json\/wp\/v2\/media\/29125"}],"wp:attachment":[{"href":"https:\/\/fotografiska.ee\/epood\/wp-json\/wp\/v2\/media?parent=29128"}],"wp:term":[{"taxonomy":"product_brand","embeddable":true,"href":"https:\/\/fotografiska.ee\/epood\/wp-json\/wp\/v2\/product_brand?post=29128"},{"taxonomy":"product_cat","embeddable":true,"href":"https:\/\/fotografiska.ee\/epood\/wp-json\/wp\/v2\/product_cat?post=29128"},{"taxonomy":"product_tag","embeddable":true,"href":"https:\/\/fotografiska.ee\/epood\/wp-json\/wp\/v2\/product_tag?post=29128"}],"curies":[{"name":"wp","href":"https:\/\/api.w.org\/{rel}","templated":true}]}}