{"id":29117,"date":"2024-12-01T12:16:44","date_gmt":"2024-12-01T10:16:44","guid":{"rendered":"https:\/\/fotografiska.ee\/epood\/?post_type=product&#038;p=29117"},"modified":"2025-12-16T22:53:20","modified_gmt":"2025-12-16T19:53:20","slug":"revolutsioonilised-meeled","status":"publish","type":"product","link":"https:\/\/fotografiska.ee\/epood\/product\/revolutsioonilised-meeled\/","title":{"rendered":"Revolutionary minds"},"content":{"rendered":"<p>Keeruliste probleemide lahendamisel on oluline uurida probleeme erinevatest vaatenurkadest. Perspektiivi muutmine aitab meil traditsioonilisi m\u00f5tteviise kahtluse alla seada ja leida uuenduslikke lahendusi. Siinkohal tulebki m\u00e4ngu kaardikomplekt Revolutionary Minds.<\/p>\n<p>Selle kaardipaki eesm\u00e4rk on julgustada v\u00e4ljakutsete lahendamist uute m\u00f5tteviisidega. Pakis on kujutatud inspireerivad isiksused nagu Malala Yousafzai, Marie Curie, Frida Kahlo ja Steve Jobs, kes on tuntud oma ainulaadsete probleemide lahendamise v\u00f5imete poolest.<\/p>\n<p>Iga kaardipaki kaart sisaldab l\u00fchikirjeldust isiksuse kohta, kuulsat tsitaati temalt, soovitusi kaartide kasutamiseks ja erinevate l\u00e4henemisviiside kirjeldusi, mis v\u00f5ivad aidata ambitsioonikate lahenduste v\u00e4ljat\u00f6\u00f6tamisel. Lisaks on pakis kolm t\u00fchja kaarti, mida saab kohandada teie kogukonna jaoks oluliste isiksustega.<\/p>\n","protected":false},"excerpt":{"rendered":"<p>Keeruliste probleemide lahendamisel on oluline uurida probleeme erinevatest vaatenurkadest. Perspektiivi muutmine aitab meil traditsioonilisi m\u00f5tteviise kahtluse alla seada ja leida uuenduslikke lahendusi. Siinkohal tulebki m\u00e4ngu kaardikomplekt Revolutionary Minds. Selle kaardipaki eesm\u00e4rk on julgustada v\u00e4ljakutsete lahendamist uute m\u00f5tteviisidega. Pakis on kujutatud inspireerivad isiksused nagu Malala Yousafzai, Marie Curie, Frida Kahlo ja Steve Jobs, kes on tuntud [&hellip;]<\/p>\n","protected":false},"featured_media":29118,"template":"","meta":{"_acf_changed":false,"inline_featured_image":false},"product_brand":[],"product_cat":[378,398],"product_tag":[],"class_list":{"0":"post-29117","1":"product","2":"type-product","3":"status-publish","4":"has-post-thumbnail","6":"product_cat-kingid","7":"product_cat-kureeritud-kingiideed","9":"first","10":"instock","11":"taxable","12":"shipping-taxable","13":"purchasable","14":"product-type-simple"},"acf":[],"_links":{"self":[{"href":"https:\/\/fotografiska.ee\/epood\/wp-json\/wp\/v2\/product\/29117","targetHints":{"allow":["GET"]}}],"collection":[{"href":"https:\/\/fotografiska.ee\/epood\/wp-json\/wp\/v2\/product"}],"about":[{"href":"https:\/\/fotografiska.ee\/epood\/wp-json\/wp\/v2\/types\/product"}],"wp:featuredmedia":[{"embeddable":true,"href":"https:\/\/fotografiska.ee\/epood\/wp-json\/wp\/v2\/media\/29118"}],"wp:attachment":[{"href":"https:\/\/fotografiska.ee\/epood\/wp-json\/wp\/v2\/media?parent=29117"}],"wp:term":[{"taxonomy":"product_brand","embeddable":true,"href":"https:\/\/fotografiska.ee\/epood\/wp-json\/wp\/v2\/product_brand?post=29117"},{"taxonomy":"product_cat","embeddable":true,"href":"https:\/\/fotografiska.ee\/epood\/wp-json\/wp\/v2\/product_cat?post=29117"},{"taxonomy":"product_tag","embeddable":true,"href":"https:\/\/fotografiska.ee\/epood\/wp-json\/wp\/v2\/product_tag?post=29117"}],"curies":[{"name":"wp","href":"https:\/\/api.w.org\/{rel}","templated":true}]}}