{"id":29116,"date":"2024-12-01T12:01:14","date_gmt":"2024-12-01T10:07:11","guid":{"rendered":"https:\/\/fotografiska.ee\/epood\/?post_type=product&#038;p=29116"},"modified":"2025-12-17T12:57:14","modified_gmt":"2025-12-17T09:57:14","slug":"naised-ei-volgne-sulle-ilu","status":"publish","type":"product","link":"https:\/\/fotografiska.ee\/epood\/product\/naised-ei-volgne-sulle-ilu\/","title":{"rendered":"Women don't owe you pretty"},"content":{"rendered":"<p>50 kaarti oma energia kaitsmiseks ja enesearmastuse leidmiseks, mille on koostanud autor ja aktivist Florence Given.<\/p>\n<p>Inspireeriv kaardipakk, mis p\u00f5hineb tema samanimelisel bestselleril. Selle asemel, et lehitseda p\u00f5hjuseta internetis, alusta oma p\u00e4eva kaardiga; \u00f5pi, kuidas kaitsta oma energiat ja tuleta endale meelde, kuidas sa oled enda elu armastus.<\/p>\n<p>See kaunilt kujundatud 50 kaardi paki ja teejuht kogub kokku m\u00f5ned Florence Giveni v\u00f5imsad ja sisukad ideed. Iga kaart kutsub lugejat \u00fcles lahti harutama \u00fchte v\u00e4ljakutset korraga, seades endale igap\u00e4evase kavatsuse, mis viib teda l\u00e4hemale eneseteadvusele ja v\u00f5imestumisele. Naljakas, julgustav ja m\u00f5tlemapanev, see inspireeriv kaardipakk aitab lugejaid eneseavastuse ja enesearmastuse teekonnal.<\/p>\n","protected":false},"excerpt":{"rendered":"<p>50 kaarti oma energia kaitsmiseks ja enesearmastuse leidmiseks, mille on koostanud autor ja aktivist Florence Given. Inspireeriv kaardipakk, mis p\u00f5hineb tema samanimelisel bestselleril. Selle asemel, et lehitseda p\u00f5hjuseta internetis, alusta oma p\u00e4eva kaardiga; \u00f5pi, kuidas kaitsta oma energiat ja tuleta endale meelde, kuidas sa oled enda elu armastus. See kaunilt kujundatud 50 kaardi paki ja [&hellip;]<\/p>\n","protected":false},"featured_media":29115,"template":"","meta":{"_acf_changed":false,"inline_featured_image":false},"product_brand":[],"product_cat":[378],"product_tag":[],"class_list":{"0":"post-29116","1":"product","2":"type-product","3":"status-publish","4":"has-post-thumbnail","6":"product_cat-kingid","8":"first","9":"instock","10":"taxable","11":"shipping-taxable","12":"purchasable","13":"product-type-simple"},"acf":[],"_links":{"self":[{"href":"https:\/\/fotografiska.ee\/epood\/wp-json\/wp\/v2\/product\/29116","targetHints":{"allow":["GET"]}}],"collection":[{"href":"https:\/\/fotografiska.ee\/epood\/wp-json\/wp\/v2\/product"}],"about":[{"href":"https:\/\/fotografiska.ee\/epood\/wp-json\/wp\/v2\/types\/product"}],"wp:featuredmedia":[{"embeddable":true,"href":"https:\/\/fotografiska.ee\/epood\/wp-json\/wp\/v2\/media\/29115"}],"wp:attachment":[{"href":"https:\/\/fotografiska.ee\/epood\/wp-json\/wp\/v2\/media?parent=29116"}],"wp:term":[{"taxonomy":"product_brand","embeddable":true,"href":"https:\/\/fotografiska.ee\/epood\/wp-json\/wp\/v2\/product_brand?post=29116"},{"taxonomy":"product_cat","embeddable":true,"href":"https:\/\/fotografiska.ee\/epood\/wp-json\/wp\/v2\/product_cat?post=29116"},{"taxonomy":"product_tag","embeddable":true,"href":"https:\/\/fotografiska.ee\/epood\/wp-json\/wp\/v2\/product_tag?post=29116"}],"curies":[{"name":"wp","href":"https:\/\/api.w.org\/{rel}","templated":true}]}}