{"id":29096,"date":"2024-11-29T15:52:07","date_gmt":"2024-11-29T13:52:07","guid":{"rendered":"https:\/\/fotografiska.ee\/epood\/?post_type=product&#038;p=29096"},"modified":"2025-12-17T11:57:20","modified_gmt":"2025-12-17T08:57:20","slug":"kes-ma-olen-arvamismang","status":"publish","type":"product","link":"https:\/\/fotografiska.ee\/epood\/product\/kes-ma-olen-arvamismang\/","title":{"rendered":"Who am i? arvamism\u00e4ng"},"content":{"rendered":"<p>Avastage inspireerivad eeskujud populaarsest lasteraamatusarjast Little People, BIG DREAMS ja \u00f5ppige m\u00e4ngides!<\/p>\n<p>Lihtsalt \u00f5pitav arvamism\u00e4ng: ole oma vastasm\u00e4ngijatest targem ja kiirem, arvates \u00e4ra nende tegelaskuju, enne kui nemad arvavad \u00e4ra sinu oma! K\u00fcsige kordam\u00f6\u00f6da \u201ejah v\u00f5i ei\u201c k\u00fcsimusi. V\u00f5itmiseks proovige keskenduda pigem tegelaste identiteedile ja tema saavutustele! V\u00e4ljan\u00e4gemise k\u00fcsimustega siin m\u00e4ngus kaugele ei j\u00f5ua... ''Kas sa kannad prille'' asemel k\u00fcsi ''Kas sa v\u00f5itsid Nobeli auhinna''.<\/p>\n","protected":false},"excerpt":{"rendered":"<p>Avastage inspireerivad eeskujud populaarsest lasteraamatusarjast Little People, BIG DREAMS ja \u00f5ppige m\u00e4ngides! Lihtsalt \u00f5pitav arvamism\u00e4ng: ole oma vastasm\u00e4ngijatest targem ja kiirem, arvates \u00e4ra nende tegelaskuju, enne kui nemad arvavad \u00e4ra sinu oma! K\u00fcsige kordam\u00f6\u00f6da \u201ejah v\u00f5i ei\u201c k\u00fcsimusi. V\u00f5itmiseks proovige keskenduda pigem tegelaste identiteedile ja tema saavutustele! V\u00e4ljan\u00e4gemise k\u00fcsimustega siin m\u00e4ngus kaugele ei j\u00f5ua... ''Kas [&hellip;]<\/p>\n","protected":false},"featured_media":29095,"template":"","meta":{"_acf_changed":false,"inline_featured_image":false},"product_brand":[],"product_cat":[378,398],"product_tag":[],"class_list":{"0":"post-29096","1":"product","2":"type-product","3":"status-publish","4":"has-post-thumbnail","6":"product_cat-kingid","7":"product_cat-kureeritud-kingiideed","9":"first","10":"outofstock","11":"taxable","12":"shipping-taxable","13":"purchasable","14":"product-type-simple"},"acf":[],"_links":{"self":[{"href":"https:\/\/fotografiska.ee\/epood\/wp-json\/wp\/v2\/product\/29096","targetHints":{"allow":["GET"]}}],"collection":[{"href":"https:\/\/fotografiska.ee\/epood\/wp-json\/wp\/v2\/product"}],"about":[{"href":"https:\/\/fotografiska.ee\/epood\/wp-json\/wp\/v2\/types\/product"}],"wp:featuredmedia":[{"embeddable":true,"href":"https:\/\/fotografiska.ee\/epood\/wp-json\/wp\/v2\/media\/29095"}],"wp:attachment":[{"href":"https:\/\/fotografiska.ee\/epood\/wp-json\/wp\/v2\/media?parent=29096"}],"wp:term":[{"taxonomy":"product_brand","embeddable":true,"href":"https:\/\/fotografiska.ee\/epood\/wp-json\/wp\/v2\/product_brand?post=29096"},{"taxonomy":"product_cat","embeddable":true,"href":"https:\/\/fotografiska.ee\/epood\/wp-json\/wp\/v2\/product_cat?post=29096"},{"taxonomy":"product_tag","embeddable":true,"href":"https:\/\/fotografiska.ee\/epood\/wp-json\/wp\/v2\/product_tag?post=29096"}],"curies":[{"name":"wp","href":"https:\/\/api.w.org\/{rel}","templated":true}]}}