{"id":29086,"date":"2024-11-29T14:22:51","date_gmt":"2024-11-29T12:31:54","guid":{"rendered":"https:\/\/fotografiska.ee\/epood\/?post_type=product&#038;p=29086"},"modified":"2025-11-21T16:03:47","modified_gmt":"2025-11-21T13:03:47","slug":"marina-abramovic-meetod","status":"publish","type":"product","link":"https:\/\/fotografiska.ee\/epood\/product\/marina-abramovic-meetod\/","title":{"rendered":"Marina Abramovic Method"},"content":{"rendered":"<p>Marina Abramovici ainulaadne 30-st juhendkaardist koosnev komplekt, mis \u00f5petab teile \u00fche imelise kunstniku meetodit k\u00f5rgema teadvuse saavutamiseks ja elu v\u00e4ljakutsetele vastu astumiseks.<\/p>\n<p>Marina Abramovici enda jaoks v\u00e4lja t\u00f6\u00f6tatud harjutuste kasutamine tema uskumatute etenduste ettevalmistamiseks aitab ka teil keskenduda, taas\u00fchenduda olevikuga ja leida oma k\u00f5rgeim loominguline potentsiaal.<\/p>\n<p>Karp sisaldab samuti informatiivset \u00f5hukest raamatut ''Juhised oma elu taask\u00e4ivitamiseks'', mis seletab igat kaarti s\u00fcvitsi ja aitab teid m\u00f5tetega r\u00e4ndama minna.<\/p>\n","protected":false},"excerpt":{"rendered":"<p>Marina Abramovici ainulaadne 30-st juhendkaardist koosnev komplekt, mis \u00f5petab teile \u00fche imelise kunstniku meetodit k\u00f5rgema teadvuse saavutamiseks ja elu v\u00e4ljakutsetele vastu astumiseks. Marina Abramovici enda jaoks v\u00e4lja t\u00f6\u00f6tatud harjutuste kasutamine tema uskumatute etenduste ettevalmistamiseks aitab ka teil keskenduda, taas\u00fchenduda olevikuga ja leida oma k\u00f5rgeim loominguline potentsiaal. Karp sisaldab samuti informatiivset \u00f5hukest raamatut ''Juhised oma elu [&hellip;]<\/p>\n","protected":false},"featured_media":29084,"template":"","meta":{"_acf_changed":false,"inline_featured_image":false},"product_brand":[],"product_cat":[378],"product_tag":[],"class_list":{"0":"post-29086","1":"product","2":"type-product","3":"status-publish","4":"has-post-thumbnail","6":"product_cat-kingid","8":"first","9":"outofstock","10":"taxable","11":"shipping-taxable","12":"purchasable","13":"product-type-simple"},"acf":[],"_links":{"self":[{"href":"https:\/\/fotografiska.ee\/epood\/wp-json\/wp\/v2\/product\/29086","targetHints":{"allow":["GET"]}}],"collection":[{"href":"https:\/\/fotografiska.ee\/epood\/wp-json\/wp\/v2\/product"}],"about":[{"href":"https:\/\/fotografiska.ee\/epood\/wp-json\/wp\/v2\/types\/product"}],"wp:featuredmedia":[{"embeddable":true,"href":"https:\/\/fotografiska.ee\/epood\/wp-json\/wp\/v2\/media\/29084"}],"wp:attachment":[{"href":"https:\/\/fotografiska.ee\/epood\/wp-json\/wp\/v2\/media?parent=29086"}],"wp:term":[{"taxonomy":"product_brand","embeddable":true,"href":"https:\/\/fotografiska.ee\/epood\/wp-json\/wp\/v2\/product_brand?post=29086"},{"taxonomy":"product_cat","embeddable":true,"href":"https:\/\/fotografiska.ee\/epood\/wp-json\/wp\/v2\/product_cat?post=29086"},{"taxonomy":"product_tag","embeddable":true,"href":"https:\/\/fotografiska.ee\/epood\/wp-json\/wp\/v2\/product_tag?post=29086"}],"curies":[{"name":"wp","href":"https:\/\/api.w.org\/{rel}","templated":true}]}}