{"id":29073,"date":"2024-11-29T12:59:03","date_gmt":"2024-11-29T10:59:03","guid":{"rendered":"https:\/\/fotografiska.ee\/epood\/?post_type=product&#038;p=29073"},"modified":"2024-12-09T13:46:03","modified_gmt":"2024-12-09T11:46:03","slug":"armastuse-trivia","status":"publish","type":"product","link":"https:\/\/fotografiska.ee\/epood\/product\/armastuse-trivia\/","title":{"rendered":"Love trivia"},"content":{"rendered":"<p>LUSTI JA UUSI TEADMISI T\u00c4IS KAARDIM\u00c4NG: See armas v\u00e4ike viktoriinim\u00e4ng sisaldab 50 k\u00fcsimust armastuse ja romantika kohta, mis on p\u00e4rit ajaloost, kirjandusest, teadusest ja popkultuurist, ning sobib suurep\u00e4raselt m\u00f5nusaks ja l\u00f5busaks kohtumiseks kallimaga, pulmapeoks v\u00f5i t\u00fcdrukute \u00f5htuks.<\/p>\n<p>SEDA SAAB IGALE POOLE KAASA V\u00d5TTA: Pisikesed, kaasaskantavad purgid on ideaalse suurusega, et visata neid puhkusele k\u00e4ekotti v\u00f5i pagasisse.<\/p>\n","protected":false},"excerpt":{"rendered":"<p>LUSTI JA UUSI TEADMISI T\u00c4IS KAARDIM\u00c4NG: See armas v\u00e4ike viktoriinim\u00e4ng sisaldab 50 k\u00fcsimust armastuse ja romantika kohta, mis on p\u00e4rit ajaloost, kirjandusest, teadusest ja popkultuurist, ning sobib suurep\u00e4raselt m\u00f5nusaks ja l\u00f5busaks kohtumiseks kallimaga, pulmapeoks v\u00f5i t\u00fcdrukute \u00f5htuks. SEDA SAAB IGALE POOLE KAASA V\u00d5TTA: Pisikesed, kaasaskantavad purgid on ideaalse suurusega, et visata neid puhkusele k\u00e4ekotti v\u00f5i [&hellip;]<\/p>\n","protected":false},"featured_media":29077,"template":"","meta":{"_acf_changed":false,"inline_featured_image":false},"product_brand":[],"product_cat":[378,398],"product_tag":[],"class_list":{"0":"post-29073","1":"product","2":"type-product","3":"status-publish","4":"has-post-thumbnail","6":"product_cat-kingid","7":"product_cat-kureeritud-kingiideed","9":"first","10":"instock","11":"taxable","12":"shipping-taxable","13":"purchasable","14":"product-type-simple"},"acf":[],"_links":{"self":[{"href":"https:\/\/fotografiska.ee\/epood\/wp-json\/wp\/v2\/product\/29073","targetHints":{"allow":["GET"]}}],"collection":[{"href":"https:\/\/fotografiska.ee\/epood\/wp-json\/wp\/v2\/product"}],"about":[{"href":"https:\/\/fotografiska.ee\/epood\/wp-json\/wp\/v2\/types\/product"}],"wp:featuredmedia":[{"embeddable":true,"href":"https:\/\/fotografiska.ee\/epood\/wp-json\/wp\/v2\/media\/29077"}],"wp:attachment":[{"href":"https:\/\/fotografiska.ee\/epood\/wp-json\/wp\/v2\/media?parent=29073"}],"wp:term":[{"taxonomy":"product_brand","embeddable":true,"href":"https:\/\/fotografiska.ee\/epood\/wp-json\/wp\/v2\/product_brand?post=29073"},{"taxonomy":"product_cat","embeddable":true,"href":"https:\/\/fotografiska.ee\/epood\/wp-json\/wp\/v2\/product_cat?post=29073"},{"taxonomy":"product_tag","embeddable":true,"href":"https:\/\/fotografiska.ee\/epood\/wp-json\/wp\/v2\/product_tag?post=29073"}],"curies":[{"name":"wp","href":"https:\/\/api.w.org\/{rel}","templated":true}]}}