{"id":29057,"date":"2024-11-28T17:27:38","date_gmt":"2024-11-28T15:27:38","guid":{"rendered":"https:\/\/fotografiska.ee\/epood\/?post_type=product&#038;p=29057"},"modified":"2025-12-17T11:52:43","modified_gmt":"2025-12-17T08:52:43","slug":"genius-filmide-mangukaardid","status":"publish","type":"product","link":"https:\/\/fotografiska.ee\/epood\/product\/genius-filmide-mangukaardid\/","title":{"rendered":"Genius filmide m\u00e4ngukaardid"},"content":{"rendered":"<p><span class=\"Y2IQFc\" lang=\"et\">Movie Genius m\u00e4ngukaartide abil toome teie kaardim\u00e4ngudesse lusti ja avastamist maailma 54 k\u00f5ige m\u00f5jukama filmire\u017eiss\u00f6\u00f6ri ja staariga, kes on paigutatud nelja masti: \u00e4<\/span><span class=\"Y2IQFc\" lang=\"et\">rtu - romantilised filmid; rist<\/span><span class=\"Y2IQFc\" lang=\"et\">i - draamafilmid; ruutu<\/span><span class=\"Y2IQFc\" lang=\"et\"> - krimifilmid ja poti<\/span><span class=\"Y2IQFc\" lang=\"et\"> - ulmefilmid.\u00a0<\/span><\/p>\n<p><span class=\"Y2IQFc\" lang=\"et\">M\u00e4ngukaardipakk sisaldab illustratsioone erinevatest suurtest nimedest alusatades Alfred Hitchcockist, Orson Wellesist, Sofia Coppolast ja Samuel L. Jacksoninist ning l\u00f5petades Wes Andersoni ja Charlie Chapliniga.<\/span><\/p>\n","protected":false},"excerpt":{"rendered":"<p>Movie Genius m\u00e4ngukaartide abil toome teie kaardim\u00e4ngudesse lusti ja avastamist maailma 54 k\u00f5ige m\u00f5jukama filmire\u017eiss\u00f6\u00f6ri ja staariga, kes on paigutatud nelja masti: \u00e4rtu - romantilised filmid; risti - draamafilmid; ruutu - krimifilmid ja poti - ulmefilmid.\u00a0 M\u00e4ngukaardipakk sisaldab illustratsioone erinevatest suurtest nimedest alusatades Alfred Hitchcockist, Orson Wellesist, Sofia Coppolast ja Samuel L. Jacksoninist ning l\u00f5petades [&hellip;]<\/p>\n","protected":false},"featured_media":29058,"template":"","meta":{"_acf_changed":false,"inline_featured_image":false},"product_brand":[],"product_cat":[378,398],"product_tag":[],"class_list":{"0":"post-29057","1":"product","2":"type-product","3":"status-publish","4":"has-post-thumbnail","6":"product_cat-kingid","7":"product_cat-kureeritud-kingiideed","9":"first","10":"outofstock","11":"taxable","12":"shipping-taxable","13":"purchasable","14":"product-type-simple"},"acf":[],"_links":{"self":[{"href":"https:\/\/fotografiska.ee\/epood\/wp-json\/wp\/v2\/product\/29057","targetHints":{"allow":["GET"]}}],"collection":[{"href":"https:\/\/fotografiska.ee\/epood\/wp-json\/wp\/v2\/product"}],"about":[{"href":"https:\/\/fotografiska.ee\/epood\/wp-json\/wp\/v2\/types\/product"}],"wp:featuredmedia":[{"embeddable":true,"href":"https:\/\/fotografiska.ee\/epood\/wp-json\/wp\/v2\/media\/29058"}],"wp:attachment":[{"href":"https:\/\/fotografiska.ee\/epood\/wp-json\/wp\/v2\/media?parent=29057"}],"wp:term":[{"taxonomy":"product_brand","embeddable":true,"href":"https:\/\/fotografiska.ee\/epood\/wp-json\/wp\/v2\/product_brand?post=29057"},{"taxonomy":"product_cat","embeddable":true,"href":"https:\/\/fotografiska.ee\/epood\/wp-json\/wp\/v2\/product_cat?post=29057"},{"taxonomy":"product_tag","embeddable":true,"href":"https:\/\/fotografiska.ee\/epood\/wp-json\/wp\/v2\/product_tag?post=29057"}],"curies":[{"name":"wp","href":"https:\/\/api.w.org\/{rel}","templated":true}]}}