{"id":29056,"date":"2024-11-28T14:20:25","date_gmt":"2024-11-28T12:25:08","guid":{"rendered":"https:\/\/fotografiska.ee\/epood\/?post_type=product&#038;p=29056"},"modified":"2024-12-09T13:47:50","modified_gmt":"2024-12-09T11:47:50","slug":"perekonna-vestluskaardid","status":"publish","type":"product","link":"https:\/\/fotografiska.ee\/epood\/product\/perekonna-vestluskaardid\/","title":{"rendered":"Family conversation cards"},"content":{"rendered":"<p>T\u00e4hendusrikkad ja s\u00fcdamlikud vestlused pereliikmete vahel on t\u00f5eline heaolu ja \u00f5nne allikas. Siiski on neid kergem \u00f6elda kui teha, eriti lastega. \u201eKuidas oli t\u00e4na koolis?\u201c, k\u00fcsite teismeliselt - ja v\u00f5ite saada vastuseks \u201aOkeilt\u2018. See vastus annab v\u00e4he aimu, j\u00e4ttes lapse tegelikud m\u00f5tted ja tunded saladuseks.<\/p>\n<p>V\u00f5ib-olla peitub v\u00f5ti siiski \u00f5igete k\u00fcsimuste esitamises? Neis, mis on m\u00f5tlemisainet pakkuvad ja mis ei v\u00f5imalda vastuseid, mida ei ole hoolikalt kaalutud.<\/p>\n<p>Need 52 kaarti sisaldavad just selliseid k\u00fcsimusi, mida te otsite!<\/p>\n","protected":false},"excerpt":{"rendered":"<p>T\u00e4hendusrikkad ja s\u00fcdamlikud vestlused pereliikmete vahel on t\u00f5eline heaolu ja \u00f5nne allikas. Siiski on neid kergem \u00f6elda kui teha, eriti lastega. \u201eKuidas oli t\u00e4na koolis?\u201c, k\u00fcsite teismeliselt - ja v\u00f5ite saada vastuseks \u201aOkeilt\u2018. See vastus annab v\u00e4he aimu, j\u00e4ttes lapse tegelikud m\u00f5tted ja tunded saladuseks. V\u00f5ib-olla peitub v\u00f5ti siiski \u00f5igete k\u00fcsimuste esitamises? Neis, mis on [&hellip;]<\/p>\n","protected":false},"featured_media":29055,"template":"","meta":{"_acf_changed":false,"inline_featured_image":false},"product_brand":[],"product_cat":[378],"product_tag":[],"class_list":{"0":"post-29056","1":"product","2":"type-product","3":"status-publish","4":"has-post-thumbnail","6":"product_cat-kingid","8":"first","9":"instock","10":"taxable","11":"shipping-taxable","12":"purchasable","13":"product-type-simple"},"acf":[],"_links":{"self":[{"href":"https:\/\/fotografiska.ee\/epood\/wp-json\/wp\/v2\/product\/29056","targetHints":{"allow":["GET"]}}],"collection":[{"href":"https:\/\/fotografiska.ee\/epood\/wp-json\/wp\/v2\/product"}],"about":[{"href":"https:\/\/fotografiska.ee\/epood\/wp-json\/wp\/v2\/types\/product"}],"wp:featuredmedia":[{"embeddable":true,"href":"https:\/\/fotografiska.ee\/epood\/wp-json\/wp\/v2\/media\/29055"}],"wp:attachment":[{"href":"https:\/\/fotografiska.ee\/epood\/wp-json\/wp\/v2\/media?parent=29056"}],"wp:term":[{"taxonomy":"product_brand","embeddable":true,"href":"https:\/\/fotografiska.ee\/epood\/wp-json\/wp\/v2\/product_brand?post=29056"},{"taxonomy":"product_cat","embeddable":true,"href":"https:\/\/fotografiska.ee\/epood\/wp-json\/wp\/v2\/product_cat?post=29056"},{"taxonomy":"product_tag","embeddable":true,"href":"https:\/\/fotografiska.ee\/epood\/wp-json\/wp\/v2\/product_tag?post=29056"}],"curies":[{"name":"wp","href":"https:\/\/api.w.org\/{rel}","templated":true}]}}