{"id":29048,"date":"2024-11-28T13:46:53","date_gmt":"2024-11-28T11:53:14","guid":{"rendered":"https:\/\/fotografiska.ee\/epood\/?post_type=product&#038;p=29048"},"modified":"2025-12-17T12:01:14","modified_gmt":"2025-12-17T09:01:14","slug":"kas-sa-naed-valja-nagu-su-koer","status":"publish","type":"product","link":"https:\/\/fotografiska.ee\/epood\/product\/kas-sa-naed-valja-nagu-su-koer\/","title":{"rendered":"Do you look like your dog?"},"content":{"rendered":"<p>Sobita koerad ja nende inimesed - m\u00e4lum\u00e4ng koos armsate piltidega koeradest ja nende omanikest.<\/p>\n<p>50 kaarti kujutavad l\u00f5busaid fotosid koertest ja omanikest. Karp sisaldab ka vihikut, kuhu on lisatud humoorikad tekstid, mis annavad vihjeid 25 inimese ja nende karvaste parimate s\u00f5prade kohta.<\/p>\n<p>Miks n\u00e4evad inimesed v\u00e4lja nagu nende koerad? Kas p\u00f5hjuseks on \u00fchised isiksuseomadused, vaevu allasurutud nartsissistlikud kalduvused v\u00f5i kasvavad nad aja jooksul kokku nagu vanad abielupaarid? See m\u00e4ng uurib intensiivseid sidemeid, mis meil oma koertega tekivad ja mis ei ole kaugeltki mitte ainult naha v\u00f5i isegi karvkatte s\u00fcgavuses.<\/p>\n<p>M\u00e4ngige m\u00e4lum\u00e4nguna, kus kaardid on lisavaimustuse saamiseks \u00fcmberp\u00f6\u00f6ratud. V\u00f5itmiseks koguge k\u00f5ige rohkem paare!<\/p>\n","protected":false},"excerpt":{"rendered":"<p>Sobita koerad ja nende inimesed - m\u00e4lum\u00e4ng koos armsate piltidega koeradest ja nende omanikest. 50 kaarti kujutavad l\u00f5busaid fotosid koertest ja omanikest. Karp sisaldab ka vihikut, kuhu on lisatud humoorikad tekstid, mis annavad vihjeid 25 inimese ja nende karvaste parimate s\u00f5prade kohta. Miks n\u00e4evad inimesed v\u00e4lja nagu nende koerad? Kas p\u00f5hjuseks on \u00fchised isiksuseomadused, vaevu [&hellip;]<\/p>\n","protected":false},"featured_media":29047,"template":"","meta":{"_acf_changed":false,"inline_featured_image":false},"product_brand":[],"product_cat":[378],"product_tag":[],"class_list":{"0":"post-29048","1":"product","2":"type-product","3":"status-publish","4":"has-post-thumbnail","6":"product_cat-kingid","8":"first","9":"instock","10":"taxable","11":"shipping-taxable","12":"purchasable","13":"product-type-simple"},"acf":[],"_links":{"self":[{"href":"https:\/\/fotografiska.ee\/epood\/wp-json\/wp\/v2\/product\/29048","targetHints":{"allow":["GET"]}}],"collection":[{"href":"https:\/\/fotografiska.ee\/epood\/wp-json\/wp\/v2\/product"}],"about":[{"href":"https:\/\/fotografiska.ee\/epood\/wp-json\/wp\/v2\/types\/product"}],"wp:featuredmedia":[{"embeddable":true,"href":"https:\/\/fotografiska.ee\/epood\/wp-json\/wp\/v2\/media\/29047"}],"wp:attachment":[{"href":"https:\/\/fotografiska.ee\/epood\/wp-json\/wp\/v2\/media?parent=29048"}],"wp:term":[{"taxonomy":"product_brand","embeddable":true,"href":"https:\/\/fotografiska.ee\/epood\/wp-json\/wp\/v2\/product_brand?post=29048"},{"taxonomy":"product_cat","embeddable":true,"href":"https:\/\/fotografiska.ee\/epood\/wp-json\/wp\/v2\/product_cat?post=29048"},{"taxonomy":"product_tag","embeddable":true,"href":"https:\/\/fotografiska.ee\/epood\/wp-json\/wp\/v2\/product_tag?post=29048"}],"curies":[{"name":"wp","href":"https:\/\/api.w.org\/{rel}","templated":true}]}}