{"id":29041,"date":"2024-11-28T13:28:54","date_gmt":"2024-11-28T11:28:54","guid":{"rendered":"https:\/\/fotografiska.ee\/epood\/?post_type=product&#038;p=29041"},"modified":"2025-12-17T11:44:38","modified_gmt":"2025-12-17T08:44:38","slug":"kas-sa-naed-valja-nagu-su-kass","status":"publish","type":"product","link":"https:\/\/fotografiska.ee\/epood\/product\/kas-sa-naed-valja-nagu-su-kass\/","title":{"rendered":"Do you look like your cat?"},"content":{"rendered":"<p>Sobita kassid oma inimestega - m\u00e4lum\u00e4ng, milles on imelised fotod kassidest ja inimestest.<\/p>\n<p>50 kaardil on kujutatud l\u00f5busaid fotosid kassidest ja omanikest ning vihikusse on lisatud humoorikad tekstid, mis annavad vihjeid 25 inimese ja nende karvaste parimate s\u00f5prade kohta.<\/p>\n<p>M\u00e4ngige m\u00e4lum\u00e4nguna, kus kaardid on lisavaimustuse saamiseks \u00fcmberp\u00f6\u00f6ratud. V\u00f5itmiseks koguge k\u00f5ige rohkem paare!<\/p>\n","protected":false},"excerpt":{"rendered":"<p>Sobita kassid oma inimestega - m\u00e4lum\u00e4ng, milles on imelised fotod kassidest ja inimestest. 50 kaardil on kujutatud l\u00f5busaid fotosid kassidest ja omanikest ning vihikusse on lisatud humoorikad tekstid, mis annavad vihjeid 25 inimese ja nende karvaste parimate s\u00f5prade kohta. M\u00e4ngige m\u00e4lum\u00e4nguna, kus kaardid on lisavaimustuse saamiseks \u00fcmberp\u00f6\u00f6ratud. V\u00f5itmiseks koguge k\u00f5ige rohkem paare!<\/p>\n","protected":false},"featured_media":29042,"template":"","meta":{"_acf_changed":false,"inline_featured_image":false},"product_brand":[],"product_cat":[378,398],"product_tag":[],"class_list":{"0":"post-29041","1":"product","2":"type-product","3":"status-publish","4":"has-post-thumbnail","6":"product_cat-kingid","7":"product_cat-kureeritud-kingiideed","9":"first","10":"outofstock","11":"taxable","12":"shipping-taxable","13":"purchasable","14":"product-type-simple"},"acf":[],"_links":{"self":[{"href":"https:\/\/fotografiska.ee\/epood\/wp-json\/wp\/v2\/product\/29041","targetHints":{"allow":["GET"]}}],"collection":[{"href":"https:\/\/fotografiska.ee\/epood\/wp-json\/wp\/v2\/product"}],"about":[{"href":"https:\/\/fotografiska.ee\/epood\/wp-json\/wp\/v2\/types\/product"}],"wp:featuredmedia":[{"embeddable":true,"href":"https:\/\/fotografiska.ee\/epood\/wp-json\/wp\/v2\/media\/29042"}],"wp:attachment":[{"href":"https:\/\/fotografiska.ee\/epood\/wp-json\/wp\/v2\/media?parent=29041"}],"wp:term":[{"taxonomy":"product_brand","embeddable":true,"href":"https:\/\/fotografiska.ee\/epood\/wp-json\/wp\/v2\/product_brand?post=29041"},{"taxonomy":"product_cat","embeddable":true,"href":"https:\/\/fotografiska.ee\/epood\/wp-json\/wp\/v2\/product_cat?post=29041"},{"taxonomy":"product_tag","embeddable":true,"href":"https:\/\/fotografiska.ee\/epood\/wp-json\/wp\/v2\/product_tag?post=29041"}],"curies":[{"name":"wp","href":"https:\/\/api.w.org\/{rel}","templated":true}]}}