{"id":29040,"date":"2024-11-28T12:57:45","date_gmt":"2024-11-28T11:09:58","guid":{"rendered":"https:\/\/fotografiska.ee\/epood\/?post_type=product&#038;p=29040"},"modified":"2024-12-09T13:57:34","modified_gmt":"2024-12-09T11:57:34","slug":"loomalaste-malumang","status":"publish","type":"product","link":"https:\/\/fotografiska.ee\/epood\/product\/loomalaste-malumang\/","title":{"rendered":"Baby animal match m\u00e4lum\u00e4ng"},"content":{"rendered":"<p>Ekraanivaba l\u00f5bu: \u00dchelt maailma juhtivalt loovkirjade ja kingituste kirjastajalt. Testi oma m\u00e4luoskusi, et sobitada loomalapsed nende vanematega.<br \/>\nBestsellerist fotograafi Gerrard Gethingsi asjatundlik fotograafia j\u00e4\u00e4dvustab loomalapsed nende k\u00f5ige armsamal kujul.<br \/>\nSee v\u00e4ga armsate kaartidega karp on kingitus, mis sobib ideaalselt igas vanuses loomas\u00f5pradele!<br \/>\nSisaldab ka vihikut l\u00f5busate faktidega loomade ja nende beebide vaheliste suhete kohta.<\/p>\n","protected":false},"excerpt":{"rendered":"<p>Ekraanivaba l\u00f5bu: \u00dchelt maailma juhtivalt loovkirjade ja kingituste kirjastajalt. Testi oma m\u00e4luoskusi, et sobitada loomalapsed nende vanematega. Bestsellerist fotograafi Gerrard Gethingsi asjatundlik fotograafia j\u00e4\u00e4dvustab loomalapsed nende k\u00f5ige armsamal kujul. See v\u00e4ga armsate kaartidega karp on kingitus, mis sobib ideaalselt igas vanuses loomas\u00f5pradele! Sisaldab ka vihikut l\u00f5busate faktidega loomade ja nende beebide vaheliste suhete kohta.<\/p>\n","protected":false},"featured_media":29038,"template":"","meta":{"_acf_changed":false,"inline_featured_image":false},"product_brand":[],"product_cat":[378],"product_tag":[],"class_list":{"0":"post-29040","1":"product","2":"type-product","3":"status-publish","4":"has-post-thumbnail","6":"product_cat-kingid","8":"first","9":"instock","10":"taxable","11":"shipping-taxable","12":"purchasable","13":"product-type-simple"},"acf":[],"_links":{"self":[{"href":"https:\/\/fotografiska.ee\/epood\/wp-json\/wp\/v2\/product\/29040","targetHints":{"allow":["GET"]}}],"collection":[{"href":"https:\/\/fotografiska.ee\/epood\/wp-json\/wp\/v2\/product"}],"about":[{"href":"https:\/\/fotografiska.ee\/epood\/wp-json\/wp\/v2\/types\/product"}],"wp:featuredmedia":[{"embeddable":true,"href":"https:\/\/fotografiska.ee\/epood\/wp-json\/wp\/v2\/media\/29038"}],"wp:attachment":[{"href":"https:\/\/fotografiska.ee\/epood\/wp-json\/wp\/v2\/media?parent=29040"}],"wp:term":[{"taxonomy":"product_brand","embeddable":true,"href":"https:\/\/fotografiska.ee\/epood\/wp-json\/wp\/v2\/product_brand?post=29040"},{"taxonomy":"product_cat","embeddable":true,"href":"https:\/\/fotografiska.ee\/epood\/wp-json\/wp\/v2\/product_cat?post=29040"},{"taxonomy":"product_tag","embeddable":true,"href":"https:\/\/fotografiska.ee\/epood\/wp-json\/wp\/v2\/product_tag?post=29040"}],"curies":[{"name":"wp","href":"https:\/\/api.w.org\/{rel}","templated":true}]}}