{"id":29031,"date":"2024-11-28T12:39:44","date_gmt":"2024-11-28T10:39:44","guid":{"rendered":"https:\/\/fotografiska.ee\/epood\/?post_type=product&#038;p=29031"},"modified":"2025-12-17T12:01:28","modified_gmt":"2025-12-17T09:01:28","slug":"reisijuht-koikjal","status":"publish","type":"product","link":"https:\/\/fotografiska.ee\/epood\/product\/reisijuht-koikjal\/","title":{"rendered":"Anywhere travel guide"},"content":{"rendered":"<p><span class=\"Y2IQFc\" lang=\"et\">Loominguline reisijuht k\u00f5ikjale \u2013 see k\u00e4ep\u00e4rane kaardipakk sisaldab 75 kaarti, mis inspireerivad avastamist. Ainulaadne segu konkreetsetest juhistest ja loovatest tegevustest. Uues linnas Anywhere travel m\u00e4nguga igav ei hakka!<\/span><\/p>\n<p>K\u00fcsige m\u00f6\u00f6duvalt inimeselt, keda te kohtate, kus on tema lemmik t\u00e4nav. Minge sinna t\u00e4navale ja kirjutage v\u00e4ikesele paberile, mis sulle selle linna juures enim meeldib. J\u00e4ta oma kirjake kuhugi, kus keegi teine v\u00f5ib selle hiljem leida.<\/p>\n<p>Anywhere julgustab avastajaid n\u00e4gema asju teistmoodi, leides nii uusi kui ka tuttavaid kohti.<\/p>\n<p>&nbsp;<\/p>\n","protected":false},"excerpt":{"rendered":"<p>Loominguline reisijuht k\u00f5ikjale \u2013 see k\u00e4ep\u00e4rane kaardipakk sisaldab 75 kaarti, mis inspireerivad avastamist. Ainulaadne segu konkreetsetest juhistest ja loovatest tegevustest. Uues linnas Anywhere travel m\u00e4nguga igav ei hakka! K\u00fcsige m\u00f6\u00f6duvalt inimeselt, keda te kohtate, kus on tema lemmik t\u00e4nav. Minge sinna t\u00e4navale ja kirjutage v\u00e4ikesele paberile, mis sulle selle linna juures enim meeldib. J\u00e4ta oma [&hellip;]<\/p>\n","protected":false},"featured_media":29032,"template":"","meta":{"_acf_changed":false,"inline_featured_image":false},"product_brand":[],"product_cat":[378,398],"product_tag":[],"class_list":{"0":"post-29031","1":"product","2":"type-product","3":"status-publish","4":"has-post-thumbnail","6":"product_cat-kingid","7":"product_cat-kureeritud-kingiideed","9":"first","10":"instock","11":"taxable","12":"shipping-taxable","13":"purchasable","14":"product-type-simple"},"acf":[],"_links":{"self":[{"href":"https:\/\/fotografiska.ee\/epood\/wp-json\/wp\/v2\/product\/29031","targetHints":{"allow":["GET"]}}],"collection":[{"href":"https:\/\/fotografiska.ee\/epood\/wp-json\/wp\/v2\/product"}],"about":[{"href":"https:\/\/fotografiska.ee\/epood\/wp-json\/wp\/v2\/types\/product"}],"wp:featuredmedia":[{"embeddable":true,"href":"https:\/\/fotografiska.ee\/epood\/wp-json\/wp\/v2\/media\/29032"}],"wp:attachment":[{"href":"https:\/\/fotografiska.ee\/epood\/wp-json\/wp\/v2\/media?parent=29031"}],"wp:term":[{"taxonomy":"product_brand","embeddable":true,"href":"https:\/\/fotografiska.ee\/epood\/wp-json\/wp\/v2\/product_brand?post=29031"},{"taxonomy":"product_cat","embeddable":true,"href":"https:\/\/fotografiska.ee\/epood\/wp-json\/wp\/v2\/product_cat?post=29031"},{"taxonomy":"product_tag","embeddable":true,"href":"https:\/\/fotografiska.ee\/epood\/wp-json\/wp\/v2\/product_tag?post=29031"}],"curies":[{"name":"wp","href":"https:\/\/api.w.org\/{rel}","templated":true}]}}