{"id":28614,"date":"2024-06-03T16:17:08","date_gmt":"2024-06-03T14:17:08","guid":{"rendered":"https:\/\/www.fotografiska.ee\/epood\/?post_type=product&#038;p=28614"},"modified":"2024-11-06T17:12:09","modified_gmt":"2024-11-06T15:12:09","slug":"poster-lori-nix-and-kathleen-gerber-botanic-garden-7027","status":"publish","type":"product","link":"https:\/\/fotografiska.ee\/epood\/product\/poster-lori-nix-and-kathleen-gerber-botanic-garden-7027\/","title":{"rendered":"Poster Lori Nix and Kathleen Gerber, Botanic Garden #7027"},"content":{"rendered":"<p>Lori Nixi\/Kathleen Gerberi botaanikaaed, Fotografiska n\u00e4itusel \u201eIn Bloom\u201c suvel 2024.<\/p>\n<p>Inimesed on alati s\u00f5ltunud loodusest. Aga kas see vajab meid? N\u00e4itus \u201eIn Bloom\u201c on looduse kui inspiratsiooni, j\u00f5uallika ja rahustava oaasi t\u00e4histamine. Sellel grupin\u00e4itusel on esindatud sellised rahvusvahelised nimed nagu Cig Harvey ja duo Inka &amp; Niclas, aga ka Eesti kunstnik nimega Heikki Leis.<\/p>\n<p>Suurus: 50x70 cm<\/p>\n","protected":false},"excerpt":{"rendered":"<p>Lori Nixi\/Kathleen Gerberi botaanikaaed, Fotografiska n\u00e4itusel \u201eIn Bloom\u201c suvel 2024. Inimesed on alati s\u00f5ltunud loodusest. Aga kas see vajab meid? N\u00e4itus \u201eIn Bloom\u201c on looduse kui inspiratsiooni, j\u00f5uallika ja rahustava oaasi t\u00e4histamine. Sellel grupin\u00e4itusel on esindatud sellised rahvusvahelised nimed nagu Cig Harvey ja duo Inka &amp; Niclas, aga ka Eesti kunstnik nimega Heikki Leis. Suurus: [&hellip;]<\/p>\n","protected":false},"featured_media":28615,"template":"","meta":{"_acf_changed":false,"inline_featured_image":false},"product_brand":[],"product_cat":[16],"product_tag":[],"class_list":{"0":"post-28614","1":"product","2":"type-product","3":"status-publish","4":"has-post-thumbnail","6":"product_cat-postrid","8":"first","9":"outofstock","10":"taxable","11":"shipping-taxable","12":"purchasable","13":"product-type-simple"},"acf":[],"_links":{"self":[{"href":"https:\/\/fotografiska.ee\/epood\/wp-json\/wp\/v2\/product\/28614","targetHints":{"allow":["GET"]}}],"collection":[{"href":"https:\/\/fotografiska.ee\/epood\/wp-json\/wp\/v2\/product"}],"about":[{"href":"https:\/\/fotografiska.ee\/epood\/wp-json\/wp\/v2\/types\/product"}],"wp:featuredmedia":[{"embeddable":true,"href":"https:\/\/fotografiska.ee\/epood\/wp-json\/wp\/v2\/media\/28615"}],"wp:attachment":[{"href":"https:\/\/fotografiska.ee\/epood\/wp-json\/wp\/v2\/media?parent=28614"}],"wp:term":[{"taxonomy":"product_brand","embeddable":true,"href":"https:\/\/fotografiska.ee\/epood\/wp-json\/wp\/v2\/product_brand?post=28614"},{"taxonomy":"product_cat","embeddable":true,"href":"https:\/\/fotografiska.ee\/epood\/wp-json\/wp\/v2\/product_cat?post=28614"},{"taxonomy":"product_tag","embeddable":true,"href":"https:\/\/fotografiska.ee\/epood\/wp-json\/wp\/v2\/product_tag?post=28614"}],"curies":[{"name":"wp","href":"https:\/\/api.w.org\/{rel}","templated":true}]}}