{"id":28310,"date":"2024-03-20T11:45:41","date_gmt":"2024-03-20T09:45:41","guid":{"rendered":"https:\/\/www.fotografiska.ee\/epood\/?post_type=product&#038;p=28310"},"modified":"2024-05-24T10:39:46","modified_gmt":"2024-05-24T08:39:46","slug":"simen-johan-until-kingdom-comes","status":"publish","type":"product","link":"https:\/\/fotografiska.ee\/epood\/product\/simen-johan-until-kingdom-comes\/","title":{"rendered":"Simen Johan, Until Kingdom Comes"},"content":{"rendered":"<p>Simen Johan - auhinnatud, rahvusvaheliselt eksponeeritud kunstnik ja digitaalse pilditehnika pioneer avaldab oma kolmanda monograafia. Selles luksuslikus k\u00f6ites on esmakordselt kokku pandud kunstniku 15 aastat kestnud looming, mis h\u00f5lmab tema kuulsaid ebamaiseid loomaportreid, teistsuguseid maastikke ja ps\u00fchholoogiliselt laetud jutustavaid loodusn\u00e4htusi.<\/p>\n","protected":false},"excerpt":{"rendered":"<p>Simen Johan - auhinnatud, rahvusvaheliselt eksponeeritud kunstnik ja digitaalse pilditehnika pioneer avaldab oma kolmanda monograafia. Selles luksuslikus k\u00f6ites on esmakordselt kokku pandud kunstniku 15 aastat kestnud looming, mis h\u00f5lmab tema kuulsaid ebamaiseid loomaportreid, teistsuguseid maastikke ja ps\u00fchholoogiliselt laetud jutustavaid loodusn\u00e4htusi.<\/p>\n","protected":false},"featured_media":28309,"template":"","meta":{"_acf_changed":false,"inline_featured_image":false},"product_brand":[],"product_cat":[20],"product_tag":[],"class_list":{"0":"post-28310","1":"product","2":"type-product","3":"status-publish","4":"has-post-thumbnail","6":"product_cat-raamatud","8":"first","9":"instock","10":"taxable","11":"shipping-taxable","12":"purchasable","13":"product-type-simple"},"acf":[],"_links":{"self":[{"href":"https:\/\/fotografiska.ee\/epood\/wp-json\/wp\/v2\/product\/28310","targetHints":{"allow":["GET"]}}],"collection":[{"href":"https:\/\/fotografiska.ee\/epood\/wp-json\/wp\/v2\/product"}],"about":[{"href":"https:\/\/fotografiska.ee\/epood\/wp-json\/wp\/v2\/types\/product"}],"wp:featuredmedia":[{"embeddable":true,"href":"https:\/\/fotografiska.ee\/epood\/wp-json\/wp\/v2\/media\/28309"}],"wp:attachment":[{"href":"https:\/\/fotografiska.ee\/epood\/wp-json\/wp\/v2\/media?parent=28310"}],"wp:term":[{"taxonomy":"product_brand","embeddable":true,"href":"https:\/\/fotografiska.ee\/epood\/wp-json\/wp\/v2\/product_brand?post=28310"},{"taxonomy":"product_cat","embeddable":true,"href":"https:\/\/fotografiska.ee\/epood\/wp-json\/wp\/v2\/product_cat?post=28310"},{"taxonomy":"product_tag","embeddable":true,"href":"https:\/\/fotografiska.ee\/epood\/wp-json\/wp\/v2\/product_tag?post=28310"}],"curies":[{"name":"wp","href":"https:\/\/api.w.org\/{rel}","templated":true}]}}