{"id":28297,"date":"2024-03-20T11:33:45","date_gmt":"2024-03-20T09:34:34","guid":{"rendered":"https:\/\/www.fotografiska.ee\/epood\/?post_type=product&#038;p=28297"},"modified":"2024-05-23T12:45:32","modified_gmt":"2024-05-23T10:45:32","slug":"simen-johan-untitled-174-3699","status":"publish","type":"product","link":"https:\/\/fotografiska.ee\/epood\/product\/simen-johan-untitled-174-3699\/","title":{"rendered":"Simen Johan, Untitled 174 #3699"},"content":{"rendered":"<p>2006. aastal alustatud sarjas \"Paradiisi ootuses\" loob Simen Johan maailma, mis on \u00fchtaegu tuttav ja kummaline. Pildid on l\u00f5busad, armsad, nutikad, salap\u00e4rased, aimduslikud. Tema \u00fclisuured fotod kujutavad loomi peaaegu elusuuruses, suurendades t\u00f5ep\u00e4rasuse tunnet ja tekitades sageli aukartust vaataja \"n\u00e4ost n\u00e4kku\" kohtumisel loomaga.<\/p>\n","protected":false},"excerpt":{"rendered":"<p>2006. aastal alustatud sarjas \"Paradiisi ootuses\" loob Simen Johan maailma, mis on \u00fchtaegu tuttav ja kummaline. Pildid on l\u00f5busad, armsad, nutikad, salap\u00e4rased, aimduslikud. Tema \u00fclisuured fotod kujutavad loomi peaaegu elusuuruses, suurendades t\u00f5ep\u00e4rasuse tunnet ja tekitades sageli aukartust vaataja \"n\u00e4ost n\u00e4kku\" kohtumisel loomaga.<\/p>\n","protected":false},"featured_media":28296,"template":"","meta":{"_acf_changed":false,"inline_featured_image":false},"product_brand":[],"product_cat":[16],"product_tag":[],"class_list":{"0":"post-28297","1":"product","2":"type-product","3":"status-publish","4":"has-post-thumbnail","6":"product_cat-postrid","8":"first","9":"instock","10":"taxable","11":"shipping-taxable","12":"purchasable","13":"product-type-simple"},"acf":[],"_links":{"self":[{"href":"https:\/\/fotografiska.ee\/epood\/wp-json\/wp\/v2\/product\/28297","targetHints":{"allow":["GET"]}}],"collection":[{"href":"https:\/\/fotografiska.ee\/epood\/wp-json\/wp\/v2\/product"}],"about":[{"href":"https:\/\/fotografiska.ee\/epood\/wp-json\/wp\/v2\/types\/product"}],"wp:featuredmedia":[{"embeddable":true,"href":"https:\/\/fotografiska.ee\/epood\/wp-json\/wp\/v2\/media\/28296"}],"wp:attachment":[{"href":"https:\/\/fotografiska.ee\/epood\/wp-json\/wp\/v2\/media?parent=28297"}],"wp:term":[{"taxonomy":"product_brand","embeddable":true,"href":"https:\/\/fotografiska.ee\/epood\/wp-json\/wp\/v2\/product_brand?post=28297"},{"taxonomy":"product_cat","embeddable":true,"href":"https:\/\/fotografiska.ee\/epood\/wp-json\/wp\/v2\/product_cat?post=28297"},{"taxonomy":"product_tag","embeddable":true,"href":"https:\/\/fotografiska.ee\/epood\/wp-json\/wp\/v2\/product_tag?post=28297"}],"curies":[{"name":"wp","href":"https:\/\/api.w.org\/{rel}","templated":true}]}}